{"id":3122,"date":"2022-01-18T11:12:27","date_gmt":"2022-01-18T08:12:27","guid":{"rendered":"http:\/\/suleymankumbasar.com\/?page_id=3122"},"modified":"2022-01-19T14:21:44","modified_gmt":"2022-01-19T11:21:44","slug":"health-corner","status":"publish","type":"page","link":"https:\/\/suleymankumbasar.com\/?page_id=3122","title":{"rendered":"HEALTH CORNER"},"content":{"rendered":"\t\t<div data-elementor-type=\"wp-page\" data-elementor-id=\"3122\" class=\"elementor elementor-3122\">\n\t\t\t\t\t\t<section class=\"elementor-section elementor-top-section elementor-element elementor-element-1e58afe elementor-section-boxed elementor-section-height-default elementor-section-height-default\" data-id=\"1e58afe\" data-element_type=\"section\" data-e-type=\"section\">\n\t\t\t\t\t\t<div class=\"elementor-container elementor-column-gap-default\">\n\t\t\t\t\t<div class=\"elementor-column elementor-col-25 elementor-top-column elementor-element elementor-element-9f6b647 ot-flex-column-vertical elementor-invisible\" data-id=\"9f6b647\" data-element_type=\"column\" data-e-type=\"column\" data-settings=\"{&quot;animation&quot;:&quot;fadeIn&quot;}\">\n\t\t\t<div class=\"elementor-widget-wrap elementor-element-populated\">\n\t\t\t\t\t\t<div class=\"elementor-element elementor-element-9c61c83 elementor-widget elementor-widget-image\" data-id=\"9c61c83\" data-element_type=\"widget\" data-e-type=\"widget\" data-widget_type=\"image.default\">\n\t\t\t\t<div class=\"elementor-widget-container\">\n\t\t\t\t\t\t\t\t\t\t\t\t\t\t\t\t<a href=\"http:\/\/suleymankumbasar.com\/who-is-applicable-to-rhinoplasty\/\">\n\t\t\t\t\t\t\t<img decoding=\"async\" width=\"200\" height=\"200\" src=\"https:\/\/suleymankumbasar.com\/wp-content\/uploads\/2022\/01\/rinopalsti-kimlere-uyg.jpg\" class=\"attachment-large size-large wp-image-2685\" alt=\"\" srcset=\"https:\/\/suleymankumbasar.com\/wp-content\/uploads\/2022\/01\/rinopalsti-kimlere-uyg.jpg 200w, https:\/\/suleymankumbasar.com\/wp-content\/uploads\/2022\/01\/rinopalsti-kimlere-uyg-150x150.jpg 150w\" sizes=\"(max-width: 200px) 100vw, 200px\" \/>\t\t\t\t\t\t\t\t<\/a>\n\t\t\t\t\t\t\t\t\t\t\t\t\t\t\t<\/div>\n\t\t\t\t<\/div>\n\t\t\t\t<div class=\"elementor-element elementor-element-da42adb elementor-widget elementor-widget-heading\" data-id=\"da42adb\" data-element_type=\"widget\" data-e-type=\"widget\" data-widget_type=\"heading.default\">\n\t\t\t\t<div class=\"elementor-widget-container\">\n\t\t\t\t\t<h2 class=\"elementor-heading-title elementor-size-default\">WHO IS RHINOPLASTY APPLIED TO?<\/h2>\t\t\t\t<\/div>\n\t\t\t\t<\/div>\n\t\t\t\t<div class=\"elementor-element elementor-element-889c7b9 elementor-widget elementor-widget-text-editor\" data-id=\"889c7b9\" data-element_type=\"widget\" data-e-type=\"widget\" data-widget_type=\"text-editor.default\">\n\t\t\t\t<div class=\"elementor-widget-container\">\n\t\t\t\t\t\t\t\t\t<p>Structural disorders in the nose, which is one of the most remarkable organs on the human face, can lead to significant health problems, as well as to a negative impact on the person from a social ..<\/p>\t\t\t\t\t\t\t\t<\/div>\n\t\t\t\t<\/div>\n\t\t\t\t<div class=\"elementor-element elementor-element-ba3255d elementor-align-center elementor-widget elementor-widget-ibutton\" data-id=\"ba3255d\" data-element_type=\"widget\" data-e-type=\"widget\" data-widget_type=\"ibutton.default\">\n\t\t\t\t<div class=\"elementor-widget-container\">\n\t\t\t\t\t\t\t<div class=\"ot-button\">\r\n\t\t\t<a href=\"http:\/\/suleymankumbasar.com\/who-is-applicable-to-rhinoplasty\/\" class=\"octf-btn octf-btn-main\">READ MORE<\/a>\r\n\t    <\/div>\r\n\t    \t\t\t\t<\/div>\n\t\t\t\t<\/div>\n\t\t\t\t\t<\/div>\n\t\t<\/div>\n\t\t\t\t<div class=\"elementor-column elementor-col-25 elementor-top-column elementor-element elementor-element-93a4e74 ot-flex-column-vertical elementor-invisible\" data-id=\"93a4e74\" data-element_type=\"column\" data-e-type=\"column\" data-settings=\"{&quot;animation&quot;:&quot;fadeIn&quot;}\">\n\t\t\t<div class=\"elementor-widget-wrap elementor-element-populated\">\n\t\t\t\t\t\t<div class=\"elementor-element elementor-element-8f77df4 elementor-widget elementor-widget-image\" data-id=\"8f77df4\" data-element_type=\"widget\" data-e-type=\"widget\" data-widget_type=\"image.default\">\n\t\t\t\t<div class=\"elementor-widget-container\">\n\t\t\t\t\t\t\t\t\t\t\t\t\t\t\t\t<a href=\"http:\/\/suleymankumbasar.com\/can-arched-nose-corrected-without-surgery\/\">\n\t\t\t\t\t\t\t<img decoding=\"async\" width=\"200\" height=\"200\" src=\"https:\/\/suleymankumbasar.com\/wp-content\/uploads\/2022\/01\/burun-dolgusu.png\" class=\"attachment-large size-large wp-image-2350\" alt=\"\" srcset=\"https:\/\/suleymankumbasar.com\/wp-content\/uploads\/2022\/01\/burun-dolgusu.png 200w, https:\/\/suleymankumbasar.com\/wp-content\/uploads\/2022\/01\/burun-dolgusu-150x150.png 150w\" sizes=\"(max-width: 200px) 100vw, 200px\" \/>\t\t\t\t\t\t\t\t<\/a>\n\t\t\t\t\t\t\t\t\t\t\t\t\t\t\t<\/div>\n\t\t\t\t<\/div>\n\t\t\t\t<div class=\"elementor-element elementor-element-dbbff58 elementor-widget elementor-widget-heading\" data-id=\"dbbff58\" data-element_type=\"widget\" data-e-type=\"widget\" data-widget_type=\"heading.default\">\n\t\t\t\t<div class=\"elementor-widget-container\">\n\t\t\t\t\t<h2 class=\"elementor-heading-title elementor-size-default\">WILL THE ARCHED NOSE IMPROVE WITHOUT SURGERY?<\/h2>\t\t\t\t<\/div>\n\t\t\t\t<\/div>\n\t\t\t\t<div class=\"elementor-element elementor-element-0739e0a elementor-widget elementor-widget-text-editor\" data-id=\"0739e0a\" data-element_type=\"widget\" data-e-type=\"widget\" data-widget_type=\"text-editor.default\">\n\t\t\t\t<div class=\"elementor-widget-container\">\n\t\t\t\t\t\t\t\t\t<p>Our nose gives our face the most important shape. Undoubtedly, nose defects are the most corrected by aesthetic surgeries. Its structure, which is one of the biggest factors of external ..<\/p>\t\t\t\t\t\t\t\t<\/div>\n\t\t\t\t<\/div>\n\t\t\t\t<div class=\"elementor-element elementor-element-e4827e7 elementor-align-center elementor-widget elementor-widget-ibutton\" data-id=\"e4827e7\" data-element_type=\"widget\" data-e-type=\"widget\" data-widget_type=\"ibutton.default\">\n\t\t\t\t<div class=\"elementor-widget-container\">\n\t\t\t\t\t\t\t<div class=\"ot-button\">\r\n\t\t\t<a href=\"http:\/\/suleymankumbasar.com\/can-arched-nose-corrected-without-surgery\/\" class=\"octf-btn octf-btn-main\">READ MORE<\/a>\r\n\t    <\/div>\r\n\t    \t\t\t\t<\/div>\n\t\t\t\t<\/div>\n\t\t\t\t\t<\/div>\n\t\t<\/div>\n\t\t\t\t<div class=\"elementor-column elementor-col-25 elementor-top-column elementor-element elementor-element-6c57c91 ot-flex-column-vertical elementor-invisible\" data-id=\"6c57c91\" data-element_type=\"column\" data-e-type=\"column\" data-settings=\"{&quot;animation&quot;:&quot;fadeIn&quot;}\">\n\t\t\t<div class=\"elementor-widget-wrap elementor-element-populated\">\n\t\t\t\t\t\t<div class=\"elementor-element elementor-element-ca23ae8 elementor-widget elementor-widget-image\" data-id=\"ca23ae8\" data-element_type=\"widget\" data-e-type=\"widget\" data-widget_type=\"image.default\">\n\t\t\t\t<div class=\"elementor-widget-container\">\n\t\t\t\t\t\t\t\t\t\t\t\t\t\t\t<img decoding=\"async\" width=\"200\" height=\"200\" src=\"https:\/\/suleymankumbasar.com\/wp-content\/uploads\/2022\/01\/burun-ucu-estetigi-nedir.jpg\" class=\"attachment-large size-large wp-image-2686\" alt=\"\" srcset=\"https:\/\/suleymankumbasar.com\/wp-content\/uploads\/2022\/01\/burun-ucu-estetigi-nedir.jpg 200w, https:\/\/suleymankumbasar.com\/wp-content\/uploads\/2022\/01\/burun-ucu-estetigi-nedir-150x150.jpg 150w\" sizes=\"(max-width: 200px) 100vw, 200px\" \/>\t\t\t\t\t\t\t\t\t\t\t\t\t\t\t<\/div>\n\t\t\t\t<\/div>\n\t\t\t\t<div class=\"elementor-element elementor-element-88295e5 elementor-widget elementor-widget-heading\" data-id=\"88295e5\" data-element_type=\"widget\" data-e-type=\"widget\" data-widget_type=\"heading.default\">\n\t\t\t\t<div class=\"elementor-widget-container\">\n\t\t\t\t\t<h2 class=\"elementor-heading-title elementor-size-default\">WHAT IS THE RHINOPLASTY OF THE TIP OF THE NOSE? HOW IS IT DONE?<\/h2>\t\t\t\t<\/div>\n\t\t\t\t<\/div>\n\t\t\t\t<div class=\"elementor-element elementor-element-34a5f2e elementor-widget elementor-widget-text-editor\" data-id=\"34a5f2e\" data-element_type=\"widget\" data-e-type=\"widget\" data-widget_type=\"text-editor.default\">\n\t\t\t\t<div class=\"elementor-widget-container\">\n\t\t\t\t\t\t\t\t\t<p>Burun ucu, ki\u015fiden ki\u015fiye, ya\u015fa, \u0131rklara g\u00f6re farkl\u0131 \u00f6zellikler g\u00f6sterir. Burun ucu, bu organ\u0131n en dikkat \u00e7eken b\u00f6lgesidir. Dolay\u0131s\u0131yla bu b\u00f6lgede var olan g\u00f6r\u00fcn\u00fc\u015fsel problemler bireylerin g\u00f6r\u00fcn\u00fc\u015f\u00fcn\u00fc..<\/p>\t\t\t\t\t\t\t\t<\/div>\n\t\t\t\t<\/div>\n\t\t\t\t<div class=\"elementor-element elementor-element-572a3bd elementor-align-center elementor-widget elementor-widget-ibutton\" data-id=\"572a3bd\" data-element_type=\"widget\" data-e-type=\"widget\" data-widget_type=\"ibutton.default\">\n\t\t\t\t<div class=\"elementor-widget-container\">\n\t\t\t\t\t\t\t<div class=\"ot-button\">\r\n\t\t\t<a href=\"http:\/\/suleymankumbasar.com\/etnik-burun-estetigi\/\" class=\"octf-btn octf-btn-main\">READ MORE<\/a>\r\n\t    <\/div>\r\n\t    \t\t\t\t<\/div>\n\t\t\t\t<\/div>\n\t\t\t\t\t<\/div>\n\t\t<\/div>\n\t\t\t\t<div class=\"elementor-column elementor-col-25 elementor-top-column elementor-element elementor-element-b105afa ot-flex-column-vertical elementor-invisible\" data-id=\"b105afa\" data-element_type=\"column\" data-e-type=\"column\" data-settings=\"{&quot;animation&quot;:&quot;fadeIn&quot;}\">\n\t\t\t<div class=\"elementor-widget-wrap elementor-element-populated\">\n\t\t\t\t\t\t<div class=\"elementor-element elementor-element-b5915ea elementor-widget elementor-widget-image\" data-id=\"b5915ea\" data-element_type=\"widget\" data-e-type=\"widget\" data-widget_type=\"image.default\">\n\t\t\t\t<div class=\"elementor-widget-container\">\n\t\t\t\t\t\t\t\t\t\t\t\t\t\t\t\t<a href=\"http:\/\/suleymankumbasar.com\/what-is-the-scoop-ear-scoop-ear-treatment-and-surgery\/\">\n\t\t\t\t\t\t\t<img loading=\"lazy\" decoding=\"async\" width=\"200\" height=\"200\" src=\"https:\/\/suleymankumbasar.com\/wp-content\/uploads\/2022\/01\/kepce-kulak-nedir-nasil-yapilir.jpg\" class=\"attachment-large size-large wp-image-2687\" alt=\"\" srcset=\"https:\/\/suleymankumbasar.com\/wp-content\/uploads\/2022\/01\/kepce-kulak-nedir-nasil-yapilir.jpg 200w, https:\/\/suleymankumbasar.com\/wp-content\/uploads\/2022\/01\/kepce-kulak-nedir-nasil-yapilir-150x150.jpg 150w\" sizes=\"(max-width: 200px) 100vw, 200px\" \/>\t\t\t\t\t\t\t\t<\/a>\n\t\t\t\t\t\t\t\t\t\t\t\t\t\t\t<\/div>\n\t\t\t\t<\/div>\n\t\t\t\t<div class=\"elementor-element elementor-element-a30daf4 elementor-widget elementor-widget-heading\" data-id=\"a30daf4\" data-element_type=\"widget\" data-e-type=\"widget\" data-widget_type=\"heading.default\">\n\t\t\t\t<div class=\"elementor-widget-container\">\n\t\t\t\t\t<h2 class=\"elementor-heading-title elementor-size-default\">WHAT IS THE SCOOP EAR? SCOOP EAR TREATMENT AND SURGERY<\/h2>\t\t\t\t<\/div>\n\t\t\t\t<\/div>\n\t\t\t\t<div class=\"elementor-element elementor-element-9943c91 elementor-widget elementor-widget-text-editor\" data-id=\"9943c91\" data-element_type=\"widget\" data-e-type=\"widget\" data-widget_type=\"text-editor.default\">\n\t\t\t\t<div class=\"elementor-widget-container\">\n\t\t\t\t\t\t\t\t\t<p>Kep\u00e7e kulak, kula\u011f\u0131n kep\u00e7e \u015feklindeki \u00e7\u0131k\u0131nt\u0131l\u0131 b\u00f6lesinde bulunan ve Y \u015feklini and\u0131ran k\u0131k\u0131rdak k\u0131vr\u0131m\u0131n\u0131n yeterli seviyede geli\u015fmemi\u015f olmas\u0131ndan ..<\/p>\t\t\t\t\t\t\t\t<\/div>\n\t\t\t\t<\/div>\n\t\t\t\t<div class=\"elementor-element elementor-element-e2f179b elementor-align-center elementor-widget elementor-widget-ibutton\" data-id=\"e2f179b\" data-element_type=\"widget\" data-e-type=\"widget\" data-widget_type=\"ibutton.default\">\n\t\t\t\t<div class=\"elementor-widget-container\">\n\t\t\t\t\t\t\t<div class=\"ot-button\">\r\n\t\t\t<a href=\"http:\/\/suleymankumbasar.com\/what-is-the-scoop-ear-scoop-ear-treatment-and-surgery\/\" class=\"octf-btn octf-btn-main\">READ MORE<\/a>\r\n\t    <\/div>\r\n\t    \t\t\t\t<\/div>\n\t\t\t\t<\/div>\n\t\t\t\t\t<\/div>\n\t\t<\/div>\n\t\t\t\t\t<\/div>\n\t\t<\/section>\n\t\t\t\t<section class=\"elementor-section elementor-top-section elementor-element elementor-element-9ccd9fe elementor-section-boxed elementor-section-height-default elementor-section-height-default\" data-id=\"9ccd9fe\" data-element_type=\"section\" data-e-type=\"section\">\n\t\t\t\t\t\t<div class=\"elementor-container elementor-column-gap-default\">\n\t\t\t\t\t<div class=\"elementor-column elementor-col-25 elementor-top-column elementor-element elementor-element-9ece7bc ot-flex-column-vertical elementor-invisible\" data-id=\"9ece7bc\" data-element_type=\"column\" data-e-type=\"column\" data-settings=\"{&quot;animation&quot;:&quot;fadeIn&quot;}\">\n\t\t\t<div class=\"elementor-widget-wrap elementor-element-populated\">\n\t\t\t\t\t\t<div class=\"elementor-element elementor-element-a0e7274 elementor-widget elementor-widget-image\" data-id=\"a0e7274\" data-element_type=\"widget\" data-e-type=\"widget\" data-widget_type=\"image.default\">\n\t\t\t\t<div class=\"elementor-widget-container\">\n\t\t\t\t\t\t\t\t\t\t\t\t\t\t\t\t<a href=\"http:\/\/suleymankumbasar.com\/what-is-ear-aesthetics-why-is-ear-aesthetics-needed\/\">\n\t\t\t\t\t\t\t<img loading=\"lazy\" decoding=\"async\" width=\"200\" height=\"200\" src=\"https:\/\/suleymankumbasar.com\/wp-content\/uploads\/2022\/01\/kulak-estetigi.png\" class=\"attachment-large size-large wp-image-2337\" alt=\"\" srcset=\"https:\/\/suleymankumbasar.com\/wp-content\/uploads\/2022\/01\/kulak-estetigi.png 200w, https:\/\/suleymankumbasar.com\/wp-content\/uploads\/2022\/01\/kulak-estetigi-150x150.png 150w\" sizes=\"(max-width: 200px) 100vw, 200px\" \/>\t\t\t\t\t\t\t\t<\/a>\n\t\t\t\t\t\t\t\t\t\t\t\t\t\t\t<\/div>\n\t\t\t\t<\/div>\n\t\t\t\t<div class=\"elementor-element elementor-element-f8105d8 elementor-widget elementor-widget-heading\" data-id=\"f8105d8\" data-element_type=\"widget\" data-e-type=\"widget\" data-widget_type=\"heading.default\">\n\t\t\t\t<div class=\"elementor-widget-container\">\n\t\t\t\t\t<h2 class=\"elementor-heading-title elementor-size-default\">WHAT IS EAR AESTHETICS? WHY IS EAR AESTHETICS NEEDED?<\/h2>\t\t\t\t<\/div>\n\t\t\t\t<\/div>\n\t\t\t\t<div class=\"elementor-element elementor-element-62f1084 elementor-widget elementor-widget-text-editor\" data-id=\"62f1084\" data-element_type=\"widget\" data-e-type=\"widget\" data-widget_type=\"text-editor.default\">\n\t\t\t\t<div class=\"elementor-widget-container\">\n\t\t\t\t\t\t\t\t\t<p>There may be many deformities of the ear caused by congenital or acquired causes that require ear aesthetic surgery. Ear Aesthetics may be needed for reasons such as congenital complete or partial absence of the ear, extra cartilage protrusions around the ..<\/p>\t\t\t\t\t\t\t\t<\/div>\n\t\t\t\t<\/div>\n\t\t\t\t<div class=\"elementor-element elementor-element-348e60f elementor-align-center elementor-widget elementor-widget-ibutton\" data-id=\"348e60f\" data-element_type=\"widget\" data-e-type=\"widget\" data-widget_type=\"ibutton.default\">\n\t\t\t\t<div class=\"elementor-widget-container\">\n\t\t\t\t\t\t\t<div class=\"ot-button\">\r\n\t\t\t<a href=\"http:\/\/suleymankumbasar.com\/what-is-ear-aesthetics-why-is-ear-aesthetics-needed\/\" class=\"octf-btn octf-btn-main\">READ MORE<\/a>\r\n\t    <\/div>\r\n\t    \t\t\t\t<\/div>\n\t\t\t\t<\/div>\n\t\t\t\t\t<\/div>\n\t\t<\/div>\n\t\t\t\t<div class=\"elementor-column elementor-col-25 elementor-top-column elementor-element elementor-element-896e5fb ot-flex-column-vertical elementor-invisible\" data-id=\"896e5fb\" data-element_type=\"column\" data-e-type=\"column\" data-settings=\"{&quot;animation&quot;:&quot;fadeIn&quot;}\">\n\t\t\t<div class=\"elementor-widget-wrap elementor-element-populated\">\n\t\t\t\t\t\t<div class=\"elementor-element elementor-element-70557d9 elementor-widget elementor-widget-image\" data-id=\"70557d9\" data-element_type=\"widget\" data-e-type=\"widget\" data-widget_type=\"image.default\">\n\t\t\t\t<div class=\"elementor-widget-container\">\n\t\t\t\t\t\t\t\t\t\t\t\t\t\t\t<img loading=\"lazy\" decoding=\"async\" width=\"200\" height=\"200\" src=\"https:\/\/suleymankumbasar.com\/wp-content\/uploads\/2022\/01\/revizyon-burun-estetigi-nedir.jpg\" class=\"attachment-large size-large wp-image-2674\" alt=\"\" srcset=\"https:\/\/suleymankumbasar.com\/wp-content\/uploads\/2022\/01\/revizyon-burun-estetigi-nedir.jpg 200w, https:\/\/suleymankumbasar.com\/wp-content\/uploads\/2022\/01\/revizyon-burun-estetigi-nedir-150x150.jpg 150w\" sizes=\"(max-width: 200px) 100vw, 200px\" \/>\t\t\t\t\t\t\t\t\t\t\t\t\t\t\t<\/div>\n\t\t\t\t<\/div>\n\t\t\t\t<div class=\"elementor-element elementor-element-f2c0d81 elementor-widget elementor-widget-heading\" data-id=\"f2c0d81\" data-element_type=\"widget\" data-e-type=\"widget\" data-widget_type=\"heading.default\">\n\t\t\t\t<div class=\"elementor-widget-container\">\n\t\t\t\t\t<h2 class=\"elementor-heading-title elementor-size-default\">CASES REQUIRING REVISION RHINOPLASTY SURGERY<\/h2>\t\t\t\t<\/div>\n\t\t\t\t<\/div>\n\t\t\t\t<div class=\"elementor-element elementor-element-7dbe9bf elementor-widget elementor-widget-text-editor\" data-id=\"7dbe9bf\" data-element_type=\"widget\" data-e-type=\"widget\" data-widget_type=\"text-editor.default\">\n\t\t\t\t<div class=\"elementor-widget-container\">\n\t\t\t\t\t\t\t\t\t<p>Revision rhinoplasty is the second or more surgical interventions performed in cases where there are anatomical problems such as bending, asymmetry, functionalproblems such as nasal congestion, or the visual result is not desirable after aesthetic..<\/p>\t\t\t\t\t\t\t\t<\/div>\n\t\t\t\t<\/div>\n\t\t\t\t<div class=\"elementor-element elementor-element-f6353cf elementor-align-center elementor-widget elementor-widget-ibutton\" data-id=\"f6353cf\" data-element_type=\"widget\" data-e-type=\"widget\" data-widget_type=\"ibutton.default\">\n\t\t\t\t<div class=\"elementor-widget-container\">\n\t\t\t\t\t\t\t<div class=\"ot-button\">\r\n\t\t\t<a href=\"http:\/\/suleymankumbasar.com\/revizyon-burun-estetigi-ameliyatini-gerektiren-durumlar\/\" class=\"octf-btn octf-btn-main\">READ MORE<\/a>\r\n\t    <\/div>\r\n\t    \t\t\t\t<\/div>\n\t\t\t\t<\/div>\n\t\t\t\t\t<\/div>\n\t\t<\/div>\n\t\t\t\t<div class=\"elementor-column elementor-col-25 elementor-top-column elementor-element elementor-element-76827ff ot-flex-column-vertical elementor-invisible\" data-id=\"76827ff\" data-element_type=\"column\" data-e-type=\"column\" data-settings=\"{&quot;animation&quot;:&quot;fadeIn&quot;}\">\n\t\t\t<div class=\"elementor-widget-wrap\">\n\t\t\t\t\t\t\t<\/div>\n\t\t<\/div>\n\t\t\t\t<div class=\"elementor-column elementor-col-25 elementor-top-column elementor-element elementor-element-a17a939 ot-flex-column-vertical elementor-invisible\" data-id=\"a17a939\" data-element_type=\"column\" data-e-type=\"column\" data-settings=\"{&quot;animation&quot;:&quot;fadeIn&quot;}\">\n\t\t\t<div class=\"elementor-widget-wrap\">\n\t\t\t\t\t\t\t<\/div>\n\t\t<\/div>\n\t\t\t\t\t<\/div>\n\t\t<\/section>\n\t\t\t\t<\/div>\n\t\t","protected":false},"excerpt":{"rendered":"<p>WHO IS RHINOPLASTY APPLIED TO? Structural disorders in the nose, which is one of the most remarkable organs on the human face, can lead to significant health problems, as well as to a negative impact on the person from a social .. READ MORE WILL THE ARCHED NOSE IMPROVE WITHOUT SURGERY? Our nose gives our [&hellip;]<\/p>\n","protected":false},"author":1,"featured_media":0,"parent":0,"menu_order":0,"comment_status":"closed","ping_status":"closed","template":"","meta":{"footnotes":""},"class_list":["post-3122","page","type-page","status-publish","hentry"],"_links":{"self":[{"href":"https:\/\/suleymankumbasar.com\/index.php?rest_route=\/wp\/v2\/pages\/3122","targetHints":{"allow":["GET"]}}],"collection":[{"href":"https:\/\/suleymankumbasar.com\/index.php?rest_route=\/wp\/v2\/pages"}],"about":[{"href":"https:\/\/suleymankumbasar.com\/index.php?rest_route=\/wp\/v2\/types\/page"}],"author":[{"embeddable":true,"href":"https:\/\/suleymankumbasar.com\/index.php?rest_route=\/wp\/v2\/users\/1"}],"replies":[{"embeddable":true,"href":"https:\/\/suleymankumbasar.com\/index.php?rest_route=%2Fwp%2Fv2%2Fcomments&post=3122"}],"version-history":[{"count":28,"href":"https:\/\/suleymankumbasar.com\/index.php?rest_route=\/wp\/v2\/pages\/3122\/revisions"}],"predecessor-version":[{"id":3262,"href":"https:\/\/suleymankumbasar.com\/index.php?rest_route=\/wp\/v2\/pages\/3122\/revisions\/3262"}],"wp:attachment":[{"href":"https:\/\/suleymankumbasar.com\/index.php?rest_route=%2Fwp%2Fv2%2Fmedia&parent=3122"}],"curies":[{"name":"wp","href":"https:\/\/api.w.org\/{rel}","templated":true}]}}