{"id":2299,"date":"2022-01-12T20:48:46","date_gmt":"2022-01-12T17:48:46","guid":{"rendered":"http:\/\/suleymankumbasar.com\/?page_id=2299"},"modified":"2022-01-13T21:04:16","modified_gmt":"2022-01-13T18:04:16","slug":"kulak-estetigi","status":"publish","type":"page","link":"https:\/\/suleymankumbasar.com\/?page_id=2299","title":{"rendered":"KULAK ESTET\u0130\u011e\u0130"},"content":{"rendered":"\t\t<div data-elementor-type=\"wp-page\" data-elementor-id=\"2299\" class=\"elementor elementor-2299\">\n\t\t\t\t\t\t<section class=\"elementor-section elementor-top-section elementor-element elementor-element-9dfb833 elementor-section-boxed elementor-section-height-default elementor-section-height-default\" data-id=\"9dfb833\" data-element_type=\"section\" data-e-type=\"section\">\n\t\t\t\t\t\t<div class=\"elementor-container elementor-column-gap-default\">\n\t\t\t\t\t<div class=\"elementor-column elementor-col-100 elementor-top-column elementor-element elementor-element-930fad4 ot-flex-column-vertical\" data-id=\"930fad4\" data-element_type=\"column\" data-e-type=\"column\">\n\t\t\t<div class=\"elementor-widget-wrap elementor-element-populated\">\n\t\t\t\t\t\t<div class=\"elementor-element elementor-element-5c6216a elementor-widget elementor-widget-heading\" data-id=\"5c6216a\" data-element_type=\"widget\" data-e-type=\"widget\" data-widget_type=\"heading.default\">\n\t\t\t\t<div class=\"elementor-widget-container\">\n\t\t\t\t\t<h2 class=\"elementor-heading-title elementor-size-default\">Kulak Esteti\u011fi<\/h2>\t\t\t\t<\/div>\n\t\t\t\t<\/div>\n\t\t\t\t<div class=\"elementor-element elementor-element-e2bfb25 elementor-widget elementor-widget-text-editor\" data-id=\"e2bfb25\" data-element_type=\"widget\" data-e-type=\"widget\" data-widget_type=\"text-editor.default\">\n\t\t\t\t<div class=\"elementor-widget-container\">\n\t\t\t\t\t\t\t\t\t<p>Kulak, do\u011fu\u015ftan, geli\u015fim s\u0131ras\u0131nda veya d\u0131\u015far\u0131dan ald\u0131\u011f\u0131 darbelere ba\u011fl\u0131 olarak \u015fekil bozukluklar\u0131na veya kulak kep\u00e7esinin anormal bir geli\u015fime sahip olmas\u0131 nedeniyle kep\u00e7e kulak g\u00f6r\u00fcn\u00fcm\u00fcne sahip olabilir. Kulak esteti\u011fiyle kulak arkas\u0131ndan a\u00e7\u0131lacak k\u00fc\u00e7\u00fck bir kesi ile gerekli m\u00fcdahaleler yap\u0131larak \u015fekil bozuklu\u011fu giderilmektedir. 2 hafta kadar kullan\u0131lmas\u0131 gereken bandaj kullan\u0131m\u0131 ve hijyen kurallar\u0131yla ameliyat sonras\u0131 iyile\u015fme s\u00fcreci ba\u015far\u0131yla atlat\u0131l\u0131p, ki\u015filer istedikleri kulak g\u00f6r\u00fcn\u00fcm\u00fcne sahip olabilir. Kulak esteti\u011finin bir di\u011fer odak noktas\u0131ysa kulak memesidir. Kulak memesinin, kullan\u0131lan k\u00fcpelere ba\u011fl\u0131 olarak veya ya\u015flanmaya ba\u011fl\u0131 olarak sarkmas\u0131 yine estetik cerrahi ile d\u00fczeltilebilmektedir. Uygulamayla kulak memesi k\u00fc\u00e7\u00fclt\u00fclerek eski g\u00f6r\u00fcnt\u00fcs\u00fcne kavu\u015fmas\u0131 sa\u011flanmaktad\u0131r.<\/p>\t\t\t\t\t\t\t\t<\/div>\n\t\t\t\t<\/div>\n\t\t\t\t\t<\/div>\n\t\t<\/div>\n\t\t\t\t\t<\/div>\n\t\t<\/section>\n\t\t\t\t<\/div>\n\t\t","protected":false},"excerpt":{"rendered":"<p>Kulak Esteti\u011fi Kulak, do\u011fu\u015ftan, geli\u015fim s\u0131ras\u0131nda veya d\u0131\u015far\u0131dan ald\u0131\u011f\u0131 darbelere ba\u011fl\u0131 olarak \u015fekil bozukluklar\u0131na veya kulak kep\u00e7esinin anormal bir geli\u015fime sahip olmas\u0131 nedeniyle kep\u00e7e kulak g\u00f6r\u00fcn\u00fcm\u00fcne sahip olabilir. Kulak esteti\u011fiyle kulak arkas\u0131ndan a\u00e7\u0131lacak k\u00fc\u00e7\u00fck bir kesi ile gerekli m\u00fcdahaleler yap\u0131larak \u015fekil bozuklu\u011fu giderilmektedir. 2 hafta kadar kullan\u0131lmas\u0131 gereken bandaj kullan\u0131m\u0131 ve hijyen kurallar\u0131yla ameliyat sonras\u0131 [&hellip;]<\/p>\n","protected":false},"author":1,"featured_media":0,"parent":0,"menu_order":0,"comment_status":"closed","ping_status":"closed","template":"","meta":{"footnotes":""},"class_list":["post-2299","page","type-page","status-publish","hentry"],"_links":{"self":[{"href":"https:\/\/suleymankumbasar.com\/index.php?rest_route=\/wp\/v2\/pages\/2299","targetHints":{"allow":["GET"]}}],"collection":[{"href":"https:\/\/suleymankumbasar.com\/index.php?rest_route=\/wp\/v2\/pages"}],"about":[{"href":"https:\/\/suleymankumbasar.com\/index.php?rest_route=\/wp\/v2\/types\/page"}],"author":[{"embeddable":true,"href":"https:\/\/suleymankumbasar.com\/index.php?rest_route=\/wp\/v2\/users\/1"}],"replies":[{"embeddable":true,"href":"https:\/\/suleymankumbasar.com\/index.php?rest_route=%2Fwp%2Fv2%2Fcomments&post=2299"}],"version-history":[{"count":5,"href":"https:\/\/suleymankumbasar.com\/index.php?rest_route=\/wp\/v2\/pages\/2299\/revisions"}],"predecessor-version":[{"id":2602,"href":"https:\/\/suleymankumbasar.com\/index.php?rest_route=\/wp\/v2\/pages\/2299\/revisions\/2602"}],"wp:attachment":[{"href":"https:\/\/suleymankumbasar.com\/index.php?rest_route=%2Fwp%2Fv2%2Fmedia&parent=2299"}],"curies":[{"name":"wp","href":"https:\/\/api.w.org\/{rel}","templated":true}]}}