{"id":2293,"date":"2022-01-12T20:47:19","date_gmt":"2022-01-12T17:47:19","guid":{"rendered":"http:\/\/suleymankumbasar.com\/?page_id=2293"},"modified":"2022-01-13T21:04:12","modified_gmt":"2022-01-13T18:04:12","slug":"burun-ucu-estetigi","status":"publish","type":"page","link":"https:\/\/suleymankumbasar.com\/?page_id=2293","title":{"rendered":"Burun Ucu Esteti\u011fi"},"content":{"rendered":"\t\t<div data-elementor-type=\"wp-page\" data-elementor-id=\"2293\" class=\"elementor elementor-2293\">\n\t\t\t\t\t\t<section class=\"elementor-section elementor-top-section elementor-element elementor-element-6dbbfc7 elementor-section-boxed elementor-section-height-default elementor-section-height-default\" data-id=\"6dbbfc7\" data-element_type=\"section\" data-e-type=\"section\">\n\t\t\t\t\t\t<div class=\"elementor-container elementor-column-gap-default\">\n\t\t\t\t\t<div class=\"elementor-column elementor-col-100 elementor-top-column elementor-element elementor-element-f28a20e ot-flex-column-vertical\" data-id=\"f28a20e\" data-element_type=\"column\" data-e-type=\"column\">\n\t\t\t<div class=\"elementor-widget-wrap elementor-element-populated\">\n\t\t\t\t\t\t<div class=\"elementor-element elementor-element-17ca6d1 elementor-widget elementor-widget-heading\" data-id=\"17ca6d1\" data-element_type=\"widget\" data-e-type=\"widget\" data-widget_type=\"heading.default\">\n\t\t\t\t<div class=\"elementor-widget-container\">\n\t\t\t\t\t<h2 class=\"elementor-heading-title elementor-size-default\">Burun Ucu Esteti\u011fi<\/h2>\t\t\t\t<\/div>\n\t\t\t\t<\/div>\n\t\t\t\t<div class=\"elementor-element elementor-element-35da99a elementor-widget elementor-widget-text-editor\" data-id=\"35da99a\" data-element_type=\"widget\" data-e-type=\"widget\" data-widget_type=\"text-editor.default\">\n\t\t\t\t<div class=\"elementor-widget-container\">\n\t\t\t\t\t\t\t\t\t<p>Burun ucu, bir burnun estetik g\u00f6r\u00fcn\u00fcm\u00fcn\u00fc bire bir etkileyen k\u0131s\u0131mlardan biridir. Burun ucu esteti\u011fi ile burun deli\u011fi e\u015fitli\u011fi, burun ucu geni\u015fletme, burun ucu d\u00fc\u015f\u00fckl\u00fc\u011f\u00fcn\u00fc kald\u0131rarak yok etme veya mandal ile s\u0131k\u0131\u015ft\u0131r\u0131lm\u0131\u015f gibi duran burun ucunu estetik bir hale getirme ad\u0131mlar\u0131 yer almaktad\u0131r. Bu sayede, burun deliklerinin fazla g\u00f6r\u00fcnmesinden kaynakl\u0131 olan \u015fikayetler veya a\u015f\u0131r\u0131 uzun olmas\u0131 \u015fikayetleri de giderilebilmektedir. Burun ucu ameliyatlar\u0131nda kemi\u011fe herhangi bir m\u00fcdahalede bulunulmadan burun ucundaki k\u0131k\u0131rdak ve yumu\u015fak doku \u00fczerinde uygulama yap\u0131lmaktad\u0131r.<\/p>\t\t\t\t\t\t\t\t<\/div>\n\t\t\t\t<\/div>\n\t\t\t\t\t<\/div>\n\t\t<\/div>\n\t\t\t\t\t<\/div>\n\t\t<\/section>\n\t\t\t\t<\/div>\n\t\t","protected":false},"excerpt":{"rendered":"<p>Burun Ucu Esteti\u011fi Burun ucu, bir burnun estetik g\u00f6r\u00fcn\u00fcm\u00fcn\u00fc bire bir etkileyen k\u0131s\u0131mlardan biridir. Burun ucu esteti\u011fi ile burun deli\u011fi e\u015fitli\u011fi, burun ucu geni\u015fletme, burun ucu d\u00fc\u015f\u00fckl\u00fc\u011f\u00fcn\u00fc kald\u0131rarak yok etme veya mandal ile s\u0131k\u0131\u015ft\u0131r\u0131lm\u0131\u015f gibi duran burun ucunu estetik bir hale getirme ad\u0131mlar\u0131 yer almaktad\u0131r. Bu sayede, burun deliklerinin fazla g\u00f6r\u00fcnmesinden kaynakl\u0131 olan \u015fikayetler veya [&hellip;]<\/p>\n","protected":false},"author":1,"featured_media":0,"parent":0,"menu_order":0,"comment_status":"closed","ping_status":"closed","template":"","meta":{"footnotes":""},"class_list":["post-2293","page","type-page","status-publish","hentry"],"_links":{"self":[{"href":"https:\/\/suleymankumbasar.com\/index.php?rest_route=\/wp\/v2\/pages\/2293","targetHints":{"allow":["GET"]}}],"collection":[{"href":"https:\/\/suleymankumbasar.com\/index.php?rest_route=\/wp\/v2\/pages"}],"about":[{"href":"https:\/\/suleymankumbasar.com\/index.php?rest_route=\/wp\/v2\/types\/page"}],"author":[{"embeddable":true,"href":"https:\/\/suleymankumbasar.com\/index.php?rest_route=\/wp\/v2\/users\/1"}],"replies":[{"embeddable":true,"href":"https:\/\/suleymankumbasar.com\/index.php?rest_route=%2Fwp%2Fv2%2Fcomments&post=2293"}],"version-history":[{"count":5,"href":"https:\/\/suleymankumbasar.com\/index.php?rest_route=\/wp\/v2\/pages\/2293\/revisions"}],"predecessor-version":[{"id":2601,"href":"https:\/\/suleymankumbasar.com\/index.php?rest_route=\/wp\/v2\/pages\/2293\/revisions\/2601"}],"wp:attachment":[{"href":"https:\/\/suleymankumbasar.com\/index.php?rest_route=%2Fwp%2Fv2%2Fmedia&parent=2293"}],"curies":[{"name":"wp","href":"https:\/\/api.w.org\/{rel}","templated":true}]}}