{"id":2287,"date":"2022-01-12T20:46:27","date_gmt":"2022-01-12T17:46:27","guid":{"rendered":"http:\/\/suleymankumbasar.com\/?page_id=2287"},"modified":"2022-01-13T21:04:08","modified_gmt":"2022-01-13T18:04:08","slug":"etnik-burun-estetigi","status":"publish","type":"page","link":"https:\/\/suleymankumbasar.com\/?page_id=2287","title":{"rendered":"ETN\u0130K BURUN ESTET\u0130\u011e\u0130"},"content":{"rendered":"\t\t<div data-elementor-type=\"wp-page\" data-elementor-id=\"2287\" class=\"elementor elementor-2287\">\n\t\t\t\t\t\t<section class=\"elementor-section elementor-top-section elementor-element elementor-element-8ce6193 elementor-section-boxed elementor-section-height-default elementor-section-height-default\" data-id=\"8ce6193\" data-element_type=\"section\" data-e-type=\"section\">\n\t\t\t\t\t\t<div class=\"elementor-container elementor-column-gap-default\">\n\t\t\t\t\t<div class=\"elementor-column elementor-col-100 elementor-top-column elementor-element elementor-element-bdee97f ot-flex-column-vertical\" data-id=\"bdee97f\" data-element_type=\"column\" data-e-type=\"column\">\n\t\t\t<div class=\"elementor-widget-wrap elementor-element-populated\">\n\t\t\t\t\t\t<div class=\"elementor-element elementor-element-b1e9990 elementor-widget elementor-widget-heading\" data-id=\"b1e9990\" data-element_type=\"widget\" data-e-type=\"widget\" data-widget_type=\"heading.default\">\n\t\t\t\t<div class=\"elementor-widget-container\">\n\t\t\t\t\t<h2 class=\"elementor-heading-title elementor-size-default\">Etnik Burun Esteti\u011fi<\/h2>\t\t\t\t<\/div>\n\t\t\t\t<\/div>\n\t\t\t\t<div class=\"elementor-element elementor-element-0d56fe0 elementor-widget elementor-widget-text-editor\" data-id=\"0d56fe0\" data-element_type=\"widget\" data-e-type=\"widget\" data-widget_type=\"text-editor.default\">\n\t\t\t\t<div class=\"elementor-widget-container\">\n\t\t\t\t\t\t\t\t\t<p>Genellikle Afrika, Uzak Do\u011fu, Pasifik ve Karayipler b\u00f6lgesinin insanlar\u0131nda g\u00f6r\u00fclen, yumu\u015fak burun hatlar\u0131na sahip burunlara yap\u0131lan estetiktir. Burun esteti\u011fi, her ki\u015fiye g\u00f6re \u00f6zel olarak tasarlanan bir m\u00fcdahale t\u00fcr\u00fc olmakla birlikte, etnik burunlu ki\u015filerin burun yap\u0131lar\u0131 farkl\u0131 karakteristik yap\u0131lardan olu\u015fmaktad\u0131r. Bundan dolay\u0131 etnik burun esteti\u011finde de ki\u015fiye \u00f6zg\u00fc m\u00fcdahaleler detayl\u0131 bir \u015fekilde de\u011ferlendirilmektedir. Bu t\u00fcr ameliyatlarda genellikle k\u0131k\u0131rdak doku azalt\u0131l\u0131r ya da \u00e7o\u011falt\u0131l\u0131r. Bu \u015fekilde burun ucu belirginle\u015ftirilir, burun uzat\u0131labilir veya burun s\u0131rt\u0131 geni\u015fletilebilir.<\/p>\t\t\t\t\t\t\t\t<\/div>\n\t\t\t\t<\/div>\n\t\t\t\t\t<\/div>\n\t\t<\/div>\n\t\t\t\t\t<\/div>\n\t\t<\/section>\n\t\t\t\t<\/div>\n\t\t","protected":false},"excerpt":{"rendered":"<p>Etnik Burun Esteti\u011fi Genellikle Afrika, Uzak Do\u011fu, Pasifik ve Karayipler b\u00f6lgesinin insanlar\u0131nda g\u00f6r\u00fclen, yumu\u015fak burun hatlar\u0131na sahip burunlara yap\u0131lan estetiktir. Burun esteti\u011fi, her ki\u015fiye g\u00f6re \u00f6zel olarak tasarlanan bir m\u00fcdahale t\u00fcr\u00fc olmakla birlikte, etnik burunlu ki\u015filerin burun yap\u0131lar\u0131 farkl\u0131 karakteristik yap\u0131lardan olu\u015fmaktad\u0131r. Bundan dolay\u0131 etnik burun esteti\u011finde de ki\u015fiye \u00f6zg\u00fc m\u00fcdahaleler detayl\u0131 bir \u015fekilde de\u011ferlendirilmektedir. [&hellip;]<\/p>\n","protected":false},"author":1,"featured_media":0,"parent":0,"menu_order":0,"comment_status":"closed","ping_status":"closed","template":"","meta":{"footnotes":""},"class_list":["post-2287","page","type-page","status-publish","hentry"],"_links":{"self":[{"href":"https:\/\/suleymankumbasar.com\/index.php?rest_route=\/wp\/v2\/pages\/2287","targetHints":{"allow":["GET"]}}],"collection":[{"href":"https:\/\/suleymankumbasar.com\/index.php?rest_route=\/wp\/v2\/pages"}],"about":[{"href":"https:\/\/suleymankumbasar.com\/index.php?rest_route=\/wp\/v2\/types\/page"}],"author":[{"embeddable":true,"href":"https:\/\/suleymankumbasar.com\/index.php?rest_route=\/wp\/v2\/users\/1"}],"replies":[{"embeddable":true,"href":"https:\/\/suleymankumbasar.com\/index.php?rest_route=%2Fwp%2Fv2%2Fcomments&post=2287"}],"version-history":[{"count":5,"href":"https:\/\/suleymankumbasar.com\/index.php?rest_route=\/wp\/v2\/pages\/2287\/revisions"}],"predecessor-version":[{"id":2600,"href":"https:\/\/suleymankumbasar.com\/index.php?rest_route=\/wp\/v2\/pages\/2287\/revisions\/2600"}],"wp:attachment":[{"href":"https:\/\/suleymankumbasar.com\/index.php?rest_route=%2Fwp%2Fv2%2Fmedia&parent=2287"}],"curies":[{"name":"wp","href":"https:\/\/api.w.org\/{rel}","templated":true}]}}