{"id":2256,"date":"2022-01-12T00:37:59","date_gmt":"2022-01-11T21:37:59","guid":{"rendered":"http:\/\/suleymankumbasar.com\/?page_id=2256"},"modified":"2022-01-13T21:06:39","modified_gmt":"2022-01-13T18:06:39","slug":"konka-hipertrofisi","status":"publish","type":"page","link":"https:\/\/suleymankumbasar.com\/?page_id=2256","title":{"rendered":"KONKA H\u0130PERTROF\u0130S\u0130"},"content":{"rendered":"\t\t<div data-elementor-type=\"wp-page\" data-elementor-id=\"2256\" class=\"elementor elementor-2256\">\n\t\t\t\t\t\t<section class=\"elementor-section elementor-top-section elementor-element elementor-element-62d02b7f elementor-section-boxed elementor-section-height-default elementor-section-height-default\" data-id=\"62d02b7f\" data-element_type=\"section\" data-e-type=\"section\">\n\t\t\t\t\t\t<div class=\"elementor-container elementor-column-gap-default\">\n\t\t\t\t\t<div class=\"elementor-column elementor-col-100 elementor-top-column elementor-element elementor-element-77e4ab9b ot-flex-column-vertical\" data-id=\"77e4ab9b\" data-element_type=\"column\" data-e-type=\"column\">\n\t\t\t<div class=\"elementor-widget-wrap elementor-element-populated\">\n\t\t\t\t\t\t<div class=\"elementor-element elementor-element-570e759a elementor-widget elementor-widget-heading\" data-id=\"570e759a\" data-element_type=\"widget\" data-e-type=\"widget\" data-widget_type=\"heading.default\">\n\t\t\t\t<div class=\"elementor-widget-container\">\n\t\t\t\t\t<h2 class=\"elementor-heading-title elementor-size-default\">Konka Hipertrofisi<\/h2>\t\t\t\t<\/div>\n\t\t\t\t<\/div>\n\t\t\t\t<div class=\"elementor-element elementor-element-2584f930 elementor-widget elementor-widget-text-editor\" data-id=\"2584f930\" data-element_type=\"widget\" data-e-type=\"widget\" data-widget_type=\"text-editor.default\">\n\t\t\t\t<div class=\"elementor-widget-container\">\n\t\t\t\t\t\t\t\t\t<p>Konka hipertrofisi bir di\u011fer ad\u0131yla burun eti b\u00fcy\u00fcmesi, yap\u0131sal nedenlerle veya rinitten kaynakl\u0131 olarak burun etlerinin ekstra \u015fi\u015fmesi durumudur. Yap\u0131sal kaynakl\u0131 olmas\u0131 temelinde burun semptumundaki e\u011friliklere ba\u011fl\u0131 olarak konkalar\u0131n solunan havaya kar\u015f\u0131 diren\u00e7 olu\u015fturabilmesi i\u00e7in daha \u00e7ok \u00e7al\u0131\u015fmas\u0131 ve buna ba\u011fl\u0131 olarak b\u00fcy\u00fcmesi yer almaktad\u0131r. Rinitte ise alerjik reaksiyona kar\u015f\u0131 uyar\u0131lan konkalar\u0131n yine gere\u011finden fazla \u00e7al\u0131\u015farak b\u00fcy\u00fcy\u00fcp geni\u015flemeleri yer almaktad\u0131r.<\/p>\t\t\t\t\t\t\t\t<\/div>\n\t\t\t\t<\/div>\n\t\t\t\t\t<\/div>\n\t\t<\/div>\n\t\t\t\t\t<\/div>\n\t\t<\/section>\n\t\t\t\t<section class=\"elementor-section elementor-top-section elementor-element elementor-element-1bbd763 elementor-section-boxed elementor-section-height-default elementor-section-height-default\" data-id=\"1bbd763\" data-element_type=\"section\" data-e-type=\"section\">\n\t\t\t\t\t\t<div class=\"elementor-container elementor-column-gap-default\">\n\t\t\t\t\t<div class=\"elementor-column elementor-col-100 elementor-top-column elementor-element elementor-element-f08b48f ot-flex-column-vertical\" data-id=\"f08b48f\" data-element_type=\"column\" data-e-type=\"column\">\n\t\t\t<div class=\"elementor-widget-wrap elementor-element-populated\">\n\t\t\t\t\t\t<div class=\"elementor-element elementor-element-aaca708 elementor-widget elementor-widget-heading\" data-id=\"aaca708\" data-element_type=\"widget\" data-e-type=\"widget\" data-widget_type=\"heading.default\">\n\t\t\t\t<div class=\"elementor-widget-container\">\n\t\t\t\t\t<h2 class=\"elementor-heading-title elementor-size-default\">Konka Hipertrofisi \u015eikayetleri<\/h2>\t\t\t\t<\/div>\n\t\t\t\t<\/div>\n\t\t\t\t<div class=\"elementor-element elementor-element-ad3e81e elementor-widget elementor-widget-text-editor\" data-id=\"ad3e81e\" data-element_type=\"widget\" data-e-type=\"widget\" data-widget_type=\"text-editor.default\">\n\t\t\t\t<div class=\"elementor-widget-container\">\n\t\t\t\t\t\t\t\t\t<p>Burun eti b\u00fcy\u00fcmesinin en b\u00fcy\u00fck \u015fikayeti aras\u0131nda burun t\u0131kan\u0131kl\u0131\u011f\u0131 yer almaktad\u0131r. Burun t\u0131kan\u0131kl\u0131\u011f\u0131na ba\u011fl\u0131 geli\u015fen, horlama, uyku apnesi, a\u011f\u0131z a\u00e7\u0131k uyuma ve buna ba\u011fl\u0131 geli\u015fen a\u011f\u0131z ve bo\u011faz kurulu\u011fu, \u00fcst solunum yolu hastal\u0131klar\u0131n\u0131n g\u00f6r\u00fclme s\u0131kl\u0131\u011f\u0131nda art\u0131\u015f, koku alma bozuklu\u011fu, burun kanamalar\u0131, al\u0131n ve y\u00fczde bas\u0131n\u00e7 ve a\u011fr\u0131 hissi konka hipertrofisinde g\u00f6r\u00fclen \u015fikayetler aras\u0131ndad\u0131r.<\/p>\t\t\t\t\t\t\t\t<\/div>\n\t\t\t\t<\/div>\n\t\t\t\t\t<\/div>\n\t\t<\/div>\n\t\t\t\t\t<\/div>\n\t\t<\/section>\n\t\t\t\t<section class=\"elementor-section elementor-top-section elementor-element elementor-element-aa0736f elementor-section-boxed elementor-section-height-default elementor-section-height-default\" data-id=\"aa0736f\" data-element_type=\"section\" data-e-type=\"section\">\n\t\t\t\t\t\t<div class=\"elementor-container elementor-column-gap-default\">\n\t\t\t\t\t<div class=\"elementor-column elementor-col-100 elementor-top-column elementor-element elementor-element-7bd0855 ot-flex-column-vertical\" data-id=\"7bd0855\" data-element_type=\"column\" data-e-type=\"column\">\n\t\t\t<div class=\"elementor-widget-wrap elementor-element-populated\">\n\t\t\t\t\t\t<div class=\"elementor-element elementor-element-bf671ad elementor-widget elementor-widget-heading\" data-id=\"bf671ad\" data-element_type=\"widget\" data-e-type=\"widget\" data-widget_type=\"heading.default\">\n\t\t\t\t<div class=\"elementor-widget-container\">\n\t\t\t\t\t<h2 class=\"elementor-heading-title elementor-size-default\">Konka Hipertrofisi Tedavisi<\/h2>\t\t\t\t<\/div>\n\t\t\t\t<\/div>\n\t\t\t\t<div class=\"elementor-element elementor-element-366b99e elementor-widget elementor-widget-text-editor\" data-id=\"366b99e\" data-element_type=\"widget\" data-e-type=\"widget\" data-widget_type=\"text-editor.default\">\n\t\t\t\t<div class=\"elementor-widget-container\">\n\t\t\t\t\t\t\t\t\t<p>Konka hipertorfisinde , rahats\u0131zl\u0131\u011f\u0131n temelinde yatan nedenin tespit edilmesi gerekmektedir. Alerjiden kaynakl\u0131 geli\u015fen bireylerde \u00f6ncelikle alerji tedavisi uygulanmal\u0131d\u0131r. Ki\u015fiyi rahatlatmak ad\u0131na burun etlerini k\u00fc\u00e7\u00fcltmeye y\u00f6nelik ila\u00e7lar verilebilmektedir. Kemik veya k\u0131k\u0131rdak yap\u0131s\u0131na ba\u011fl\u0131 olarak olu\u015fan hipertrofideyse \u00e7\u00f6z\u00fcm cerrahi m\u00fcdahalelerdir. Bu m\u00fcdahaleler ile kemik ve k\u0131k\u0131rdak dokusundaki e\u011frilikler giderilir. Hali haz\u0131rda b\u00fcy\u00fcm\u00fc\u015f ve tedavilere tam cevap al\u0131namad\u0131\u011f\u0131 durumlardaysa burun etlerini k\u00fc\u00e7\u00fcltme y\u00f6ntemleri uygulan\u0131r. Bu k\u00fc\u00e7\u00fcltme i\u015flemleri i\u00e7in \u00e7e\u015fitli y\u00f6ntemler izlenmektedir. Konkalar\u0131n tamam\u0131 ile \u00e7\u0131kar\u0131p al\u0131nmas\u0131 do\u011fru bir i\u015flem olmamaktad\u0131r bundan dolay\u0131 konkalar\u0131n hacmini k\u00fc\u00e7\u00fcltmeye y\u00f6nelik uygulamalar yap\u0131lmaktad\u0131r. Koblasyon ve radyofrekans ile endoskopik bir uygulama ger\u00e7ekle\u015ftirilir. Her iki y\u00f6ntemde ac\u0131s\u0131z olup konkan\u0131n i\u015flevsel olan d\u0131\u015f k\u0131sm\u0131 zarar g\u00f6rmeden i\u00e7erisinde yer alan hava kesecikleri hedef al\u0131n\u0131r. B\u00f6ylece konkalar\u0131n hacmi k\u00fc\u00e7\u00fclt\u00fclerek ki\u015finin rahat nefes almas\u0131 sa\u011flan\u0131r. Konka hipertrofisi olu\u015fumunun alt\u0131ndaki ana sebepler tedavi edilmedi\u011fi m\u00fcddet\u00e7e konka k\u00fc\u00e7\u00fcltme i\u015flemi kal\u0131c\u0131 bir \u00e7\u00f6z\u00fcm olmamaktad\u0131r. Bundan dolay\u0131 as\u0131l sebep olan soruna kar\u015f\u0131 tedavinin uygulanmas\u0131 atlanmamal\u0131d\u0131r.<\/p>\t\t\t\t\t\t\t\t<\/div>\n\t\t\t\t<\/div>\n\t\t\t\t\t<\/div>\n\t\t<\/div>\n\t\t\t\t\t<\/div>\n\t\t<\/section>\n\t\t\t\t<\/div>\n\t\t","protected":false},"excerpt":{"rendered":"<p>Konka Hipertrofisi Konka hipertrofisi bir di\u011fer ad\u0131yla burun eti b\u00fcy\u00fcmesi, yap\u0131sal nedenlerle veya rinitten kaynakl\u0131 olarak burun etlerinin ekstra \u015fi\u015fmesi durumudur. Yap\u0131sal kaynakl\u0131 olmas\u0131 temelinde burun semptumundaki e\u011friliklere ba\u011fl\u0131 olarak konkalar\u0131n solunan havaya kar\u015f\u0131 diren\u00e7 olu\u015fturabilmesi i\u00e7in daha \u00e7ok \u00e7al\u0131\u015fmas\u0131 ve buna ba\u011fl\u0131 olarak b\u00fcy\u00fcmesi yer almaktad\u0131r. Rinitte ise alerjik reaksiyona kar\u015f\u0131 uyar\u0131lan konkalar\u0131n yine [&hellip;]<\/p>\n","protected":false},"author":1,"featured_media":0,"parent":0,"menu_order":0,"comment_status":"closed","ping_status":"closed","template":"","meta":{"footnotes":""},"class_list":["post-2256","page","type-page","status-publish","hentry"],"_links":{"self":[{"href":"https:\/\/suleymankumbasar.com\/index.php?rest_route=\/wp\/v2\/pages\/2256","targetHints":{"allow":["GET"]}}],"collection":[{"href":"https:\/\/suleymankumbasar.com\/index.php?rest_route=\/wp\/v2\/pages"}],"about":[{"href":"https:\/\/suleymankumbasar.com\/index.php?rest_route=\/wp\/v2\/types\/page"}],"author":[{"embeddable":true,"href":"https:\/\/suleymankumbasar.com\/index.php?rest_route=\/wp\/v2\/users\/1"}],"replies":[{"embeddable":true,"href":"https:\/\/suleymankumbasar.com\/index.php?rest_route=%2Fwp%2Fv2%2Fcomments&post=2256"}],"version-history":[{"count":5,"href":"https:\/\/suleymankumbasar.com\/index.php?rest_route=\/wp\/v2\/pages\/2256\/revisions"}],"predecessor-version":[{"id":2620,"href":"https:\/\/suleymankumbasar.com\/index.php?rest_route=\/wp\/v2\/pages\/2256\/revisions\/2620"}],"wp:attachment":[{"href":"https:\/\/suleymankumbasar.com\/index.php?rest_route=%2Fwp%2Fv2%2Fmedia&parent=2256"}],"curies":[{"name":"wp","href":"https:\/\/api.w.org\/{rel}","templated":true}]}}