{"id":2238,"date":"2022-01-12T00:32:19","date_gmt":"2022-01-11T21:32:19","guid":{"rendered":"http:\/\/suleymankumbasar.com\/?page_id=2238"},"modified":"2022-01-13T21:06:27","modified_gmt":"2022-01-13T18:06:27","slug":"boyun-kitleleri","status":"publish","type":"page","link":"https:\/\/suleymankumbasar.com\/?page_id=2238","title":{"rendered":"BOYUN K\u0130TLELER\u0130"},"content":{"rendered":"\t\t<div data-elementor-type=\"wp-page\" data-elementor-id=\"2238\" class=\"elementor elementor-2238\">\n\t\t\t\t\t\t<section class=\"elementor-section elementor-top-section elementor-element elementor-element-1395449d elementor-section-boxed elementor-section-height-default elementor-section-height-default\" data-id=\"1395449d\" data-element_type=\"section\" data-e-type=\"section\">\n\t\t\t\t\t\t<div class=\"elementor-container elementor-column-gap-default\">\n\t\t\t\t\t<div class=\"elementor-column elementor-col-100 elementor-top-column elementor-element elementor-element-e7a775d ot-flex-column-vertical\" data-id=\"e7a775d\" data-element_type=\"column\" data-e-type=\"column\">\n\t\t\t<div class=\"elementor-widget-wrap elementor-element-populated\">\n\t\t\t\t\t\t<div class=\"elementor-element elementor-element-63af046a elementor-widget elementor-widget-heading\" data-id=\"63af046a\" data-element_type=\"widget\" data-e-type=\"widget\" data-widget_type=\"heading.default\">\n\t\t\t\t<div class=\"elementor-widget-container\">\n\t\t\t\t\t<h2 class=\"elementor-heading-title elementor-size-default\">Boyun Kitleleri<\/h2>\t\t\t\t<\/div>\n\t\t\t\t<\/div>\n\t\t\t\t<div class=\"elementor-element elementor-element-bc4cefe elementor-widget elementor-widget-text-editor\" data-id=\"bc4cefe\" data-element_type=\"widget\" data-e-type=\"widget\" data-widget_type=\"text-editor.default\">\n\t\t\t\t<div class=\"elementor-widget-container\">\n\t\t\t\t\t\t\t\t\t<p>Boyun b\u00f6lgesinde kimi zaman ele gelen kimi zamansa muayene s\u0131ras\u0131nda tespit edilen kitleler g\u00f6r\u00fclebilir. Bu kitleler genetik fakt\u00f6rl\u00fc olarak v\u00fccut taraf\u0131ndan \u00fcretilebilirken, ya\u015fam \u015fekli, ge\u00e7irilen bir enfeksiyon, do\u011fumsal kaynakl\u0131 olu\u015fan kistik bir kitle veya lenf bezlerinde k\u00f6t\u00fc huylu t\u00fcm\u00f6r yay\u0131l\u0131m\u0131na ba\u011fl\u0131 olarak olu\u015fabilmektedir. Yayg\u0131n olanlar\u0131 aras\u0131nda enfeksiyon kaynakl\u0131 olu\u015fan lenfadenopatiler (bezeler) , ya\u015fam \u015fekline ba\u011fl\u0131 olu\u015fan brankial yar\u0131k kistleri, tiroglossal kist ve fist\u00fclleri, hemanjiomlar, arterioven\u00f6zmalfomasyonlar, dermoid kistleri yer almaktad\u0131r. Bu olu\u015fumlar boyun b\u00f6lgesinde, lenf bezleri, tiroit bezleri, t\u00fck\u00fcr\u00fck bezleri, kas katmanlar\u0131 aras\u0131 veya boyunda yer alan kan damarlar\u0131nda g\u00f6r\u00fclebilir.<\/p>\t\t\t\t\t\t\t\t<\/div>\n\t\t\t\t<\/div>\n\t\t\t\t\t<\/div>\n\t\t<\/div>\n\t\t\t\t\t<\/div>\n\t\t<\/section>\n\t\t\t\t<section class=\"elementor-section elementor-top-section elementor-element elementor-element-dcd2cd1 elementor-section-boxed elementor-section-height-default elementor-section-height-default\" data-id=\"dcd2cd1\" data-element_type=\"section\" data-e-type=\"section\">\n\t\t\t\t\t\t<div class=\"elementor-container elementor-column-gap-default\">\n\t\t\t\t\t<div class=\"elementor-column elementor-col-100 elementor-top-column elementor-element elementor-element-9db1748 ot-flex-column-vertical\" data-id=\"9db1748\" data-element_type=\"column\" data-e-type=\"column\">\n\t\t\t<div class=\"elementor-widget-wrap elementor-element-populated\">\n\t\t\t\t\t\t<div class=\"elementor-element elementor-element-0607c08 elementor-widget elementor-widget-heading\" data-id=\"0607c08\" data-element_type=\"widget\" data-e-type=\"widget\" data-widget_type=\"heading.default\">\n\t\t\t\t<div class=\"elementor-widget-container\">\n\t\t\t\t\t<h2 class=\"elementor-heading-title elementor-size-default\">Boyun Kitleleri Nedenleri Ve Belirtileri<\/h2>\t\t\t\t<\/div>\n\t\t\t\t<\/div>\n\t\t\t\t<div class=\"elementor-element elementor-element-3a1e394 elementor-widget elementor-widget-text-editor\" data-id=\"3a1e394\" data-element_type=\"widget\" data-e-type=\"widget\" data-widget_type=\"text-editor.default\">\n\t\t\t\t<div class=\"elementor-widget-container\">\n\t\t\t\t\t\t\t\t\t<p>Lenfadenopatiler (bezeler) \u00e7ocukluk d\u00f6neminde s\u0131kl\u0131kla g\u00f6r\u00fclen, ge\u00e7irilen enfeksiyona ba\u011fl\u0131 olarak lenf bezlerinin \u015fi\u015fmesiyle olu\u015fan bezelerdir. Ba\u011f\u0131\u015f\u0131kl\u0131k sisteminde g\u00f6rev alan lenfler enfeksiyona kar\u015f\u0131 ba\u011f\u0131\u015f\u0131kl\u0131k g\u00f6sterirken \u015fi\u015ferek beze olu\u015fturabilir. Do\u011fumsal kaynakl\u0131 olan kitleler t\u00fck\u00fcr\u00fck ve tiroid bezlerini etkileyebilirken yeti\u015fkinlik d\u00f6neminde de a\u00e7\u0131\u011fa \u00e7\u0131kabilmektedir. Ya\u015fam \u015fekline ba\u011fl\u0131 olarak t\u00fcm\u00f6r olu\u015fumu sonradan g\u00f6r\u00fclebilir. \u00d6zellikle alkol ve sigara t\u00fcketimine ba\u011fl\u0131 olarak ki\u015filerde boyun b\u00f6lgelerinde k\u00f6t\u00fc huylu kist olu\u015fumlar\u0131 g\u00f6r\u00fclebilmektedir.<\/p><p>Boyun kitlelerinin en b\u00fcy\u00fck belirtisi ele gelen kitle hissidir. Bunun yan\u0131nda; kanl\u0131 \u00f6ks\u00fcr\u00fck, kronik yorgunluk, istemsiz kilo kayb\u0131, yutma g\u00fc\u00e7l\u00fc\u011f\u00fc, gece terleme problemi, nefes g\u00fc\u00e7l\u00fc\u011f\u00fc veya ses k\u0131s\u0131kl\u0131\u011f\u0131 gibi belirtilerde mutlaka bir uzmana dan\u0131\u015f\u0131lmal\u0131d\u0131r.<\/p>\t\t\t\t\t\t\t\t<\/div>\n\t\t\t\t<\/div>\n\t\t\t\t\t<\/div>\n\t\t<\/div>\n\t\t\t\t\t<\/div>\n\t\t<\/section>\n\t\t\t\t<section class=\"elementor-section elementor-top-section elementor-element elementor-element-f23ed3e elementor-section-boxed elementor-section-height-default elementor-section-height-default\" data-id=\"f23ed3e\" data-element_type=\"section\" data-e-type=\"section\">\n\t\t\t\t\t\t<div class=\"elementor-container elementor-column-gap-default\">\n\t\t\t\t\t<div class=\"elementor-column elementor-col-100 elementor-top-column elementor-element elementor-element-6b4b374 ot-flex-column-vertical\" data-id=\"6b4b374\" data-element_type=\"column\" data-e-type=\"column\">\n\t\t\t<div class=\"elementor-widget-wrap elementor-element-populated\">\n\t\t\t\t\t\t<div class=\"elementor-element elementor-element-ad4ca46 elementor-widget elementor-widget-heading\" data-id=\"ad4ca46\" data-element_type=\"widget\" data-e-type=\"widget\" data-widget_type=\"heading.default\">\n\t\t\t\t<div class=\"elementor-widget-container\">\n\t\t\t\t\t<h2 class=\"elementor-heading-title elementor-size-default\">Boyun Kitlesi Tedavisi<\/h2>\t\t\t\t<\/div>\n\t\t\t\t<\/div>\n\t\t\t\t<div class=\"elementor-element elementor-element-3616e3e elementor-widget elementor-widget-text-editor\" data-id=\"3616e3e\" data-element_type=\"widget\" data-e-type=\"widget\" data-widget_type=\"text-editor.default\">\n\t\t\t\t<div class=\"elementor-widget-container\">\n\t\t\t\t\t\t\t\t\t<p>Boyun kitlesinin \u00f6ncelikle ne kaynakl\u0131 oldu\u011fu tespit edilmelidir. Bunun i\u00e7in gerekli kan testleri, radyolojik incelemeler, gerekli durumlarda kitle b\u00f6lgesinde al\u0131nan par\u00e7a ile biyopsi de\u011ferlendirmesi al\u0131nmaktad\u0131r. Ancak \u00f6zellikle enfeksiyon kaynakl\u0131 olan kistlerde ila\u00e7 tedavisine ba\u015fvurulup kistler takip alt\u0131nda tutulmaktad\u0131r. Di\u011fer kitle veya kistler i\u00e7in de d\u00fczenli takip sa\u011flanmaktad\u0131r. Kistlerin b\u00fcy\u00fck boyutlarda olmas\u0131 ve doktorunuzun uygun g\u00f6rd\u00fc\u011f\u00fc takdirde kistler cerrahi m\u00fcdahale ile al\u0131n\u0131r. Ancak kistin k\u00f6t\u00fc huylu \u00e7\u0131kmas\u0131 halinde cerrahi m\u00fcdahale uygulan\u0131rken gerekli durumlarda kemoterapi tedavisine ba\u015flanabilir.<\/p>\t\t\t\t\t\t\t\t<\/div>\n\t\t\t\t<\/div>\n\t\t\t\t\t<\/div>\n\t\t<\/div>\n\t\t\t\t\t<\/div>\n\t\t<\/section>\n\t\t\t\t<\/div>\n\t\t","protected":false},"excerpt":{"rendered":"<p>Boyun Kitleleri Boyun b\u00f6lgesinde kimi zaman ele gelen kimi zamansa muayene s\u0131ras\u0131nda tespit edilen kitleler g\u00f6r\u00fclebilir. Bu kitleler genetik fakt\u00f6rl\u00fc olarak v\u00fccut taraf\u0131ndan \u00fcretilebilirken, ya\u015fam \u015fekli, ge\u00e7irilen bir enfeksiyon, do\u011fumsal kaynakl\u0131 olu\u015fan kistik bir kitle veya lenf bezlerinde k\u00f6t\u00fc huylu t\u00fcm\u00f6r yay\u0131l\u0131m\u0131na ba\u011fl\u0131 olarak olu\u015fabilmektedir. Yayg\u0131n olanlar\u0131 aras\u0131nda enfeksiyon kaynakl\u0131 olu\u015fan lenfadenopatiler (bezeler) , ya\u015fam [&hellip;]<\/p>\n","protected":false},"author":1,"featured_media":0,"parent":0,"menu_order":0,"comment_status":"closed","ping_status":"closed","template":"","meta":{"footnotes":""},"class_list":["post-2238","page","type-page","status-publish","hentry"],"_links":{"self":[{"href":"https:\/\/suleymankumbasar.com\/index.php?rest_route=\/wp\/v2\/pages\/2238","targetHints":{"allow":["GET"]}}],"collection":[{"href":"https:\/\/suleymankumbasar.com\/index.php?rest_route=\/wp\/v2\/pages"}],"about":[{"href":"https:\/\/suleymankumbasar.com\/index.php?rest_route=\/wp\/v2\/types\/page"}],"author":[{"embeddable":true,"href":"https:\/\/suleymankumbasar.com\/index.php?rest_route=\/wp\/v2\/users\/1"}],"replies":[{"embeddable":true,"href":"https:\/\/suleymankumbasar.com\/index.php?rest_route=%2Fwp%2Fv2%2Fcomments&post=2238"}],"version-history":[{"count":5,"href":"https:\/\/suleymankumbasar.com\/index.php?rest_route=\/wp\/v2\/pages\/2238\/revisions"}],"predecessor-version":[{"id":2617,"href":"https:\/\/suleymankumbasar.com\/index.php?rest_route=\/wp\/v2\/pages\/2238\/revisions\/2617"}],"wp:attachment":[{"href":"https:\/\/suleymankumbasar.com\/index.php?rest_route=%2Fwp%2Fv2%2Fmedia&parent=2238"}],"curies":[{"name":"wp","href":"https:\/\/api.w.org\/{rel}","templated":true}]}}