{"id":2205,"date":"2022-01-12T00:24:48","date_gmt":"2022-01-11T21:24:48","guid":{"rendered":"http:\/\/suleymankumbasar.com\/?page_id=2205"},"modified":"2022-01-13T21:06:04","modified_gmt":"2022-01-13T18:06:04","slug":"sinus-hastaliklari","status":"publish","type":"page","link":"https:\/\/suleymankumbasar.com\/?page_id=2205","title":{"rendered":"S\u0130N\u00dcS HASTALIKLARI"},"content":{"rendered":"\t\t<div data-elementor-type=\"wp-page\" data-elementor-id=\"2205\" class=\"elementor elementor-2205\">\n\t\t\t\t\t\t<section class=\"elementor-section elementor-top-section elementor-element elementor-element-53ec3edc elementor-section-boxed elementor-section-height-default elementor-section-height-default\" data-id=\"53ec3edc\" data-element_type=\"section\" data-e-type=\"section\">\n\t\t\t\t\t\t<div class=\"elementor-container elementor-column-gap-default\">\n\t\t\t\t\t<div class=\"elementor-column elementor-col-100 elementor-top-column elementor-element elementor-element-34e50f3a ot-flex-column-vertical\" data-id=\"34e50f3a\" data-element_type=\"column\" data-e-type=\"column\">\n\t\t\t<div class=\"elementor-widget-wrap elementor-element-populated\">\n\t\t\t\t\t\t<div class=\"elementor-element elementor-element-49b7ad87 elementor-widget elementor-widget-heading\" data-id=\"49b7ad87\" data-element_type=\"widget\" data-e-type=\"widget\" data-widget_type=\"heading.default\">\n\t\t\t\t<div class=\"elementor-widget-container\">\n\t\t\t\t\t<h2 class=\"elementor-heading-title elementor-size-default\">Sin\u00fcs Hastal\u0131klar\u0131<\/h2>\t\t\t\t<\/div>\n\t\t\t\t<\/div>\n\t\t\t\t<div class=\"elementor-element elementor-element-6dafc70f elementor-widget elementor-widget-text-editor\" data-id=\"6dafc70f\" data-element_type=\"widget\" data-e-type=\"widget\" data-widget_type=\"text-editor.default\">\n\t\t\t\t<div class=\"elementor-widget-container\">\n\t\t\t\t\t\t\t\t\t<p>Sin\u00fcs her insan v\u00fccudunda bulunan, burun \u00e7evresindeki kemiklerin i\u00e7erisinde yer alan hava bo\u015fluklar\u0131na verilen add\u0131r. \u0130nsanda, yanak sin\u00fcsleri (maksiler sin\u00fcsler), al\u0131n sin\u00fcsleri (frontal sin\u00fcsler), g\u00f6zler aras\u0131ndaki sin\u00fcsler (\u00f6n ve arka etmoid sin\u00fcsler) ve geniz b\u00f6lgesindeki sin\u00fcsler (sfenoid sin\u00fcsler) olmak \u00fczere 5 tip sin\u00fcs vard\u0131r. Sin\u00fcsler \u00e7ocukluk d\u00f6neminden itibaren geli\u015fmeye ba\u015flar ve 22- 24 ya\u015fa kadar bu geli\u015fimi tamamlan\u0131r. Sin\u00fcsler salg\u0131 olu\u015fturan burun sisteminin bir par\u00e7as\u0131d\u0131r.\u00a0 Bu salg\u0131 bir di\u011fer ad\u0131yla mukus sayesinde mukoza (burun \u00f6rt\u00fcs\u00fc) \u00fczerinde hareketlilik ger\u00e7ekle\u015ferek burun i\u00e7ine giren bakteri ve partik\u00fcller mideye iletilir ve burada par\u00e7alan\u0131r. Bu fark\u0131nda olunmadan ger\u00e7ekle\u015fen bir v\u00fccut fonksiyonudur.<\/p><p>Sin\u00fczit ise sin\u00fcslerde yer alan mukozan\u0131n iltihab\u0131 anlam\u0131na gelmektedir. Sin\u00fczit tek seferlik olup akut olarak atlat\u0131labilirken, kronik olmas\u0131 halinde ki\u015filer d\u00fczenli olarak sin\u00fczit rahats\u0131zl\u0131\u011f\u0131yla m\u00fccadele edebilirler. Sin\u00fczit akut, kronik, subakut, rek\u00fcrren (tekrarlayan) sin\u00fczit ve kronik sin\u00fczitin akut alevlenmesi olmak \u00fczere 5 farkl\u0131 s\u0131na ayr\u0131lmaktad\u0131r. Sin\u00fczitin bulundu\u011fu s\u0131n\u0131fa g\u00f6re tedavi de\u011fi\u015fikli\u011fi g\u00f6r\u00fclebilmektedir. Sin\u00fczitin olu\u015fmas\u0131nda genellikle \u00fcretilen s\u0131v\u0131n\u0131n (mukusun) buruna bo\u015falt\u0131lamamas\u0131 yer almaktad\u0131r. Bu durumun alt\u0131nda \u00e7e\u015fitli sebepler yer alabilmektedir.<\/p>\t\t\t\t\t\t\t\t<\/div>\n\t\t\t\t<\/div>\n\t\t\t\t\t<\/div>\n\t\t<\/div>\n\t\t\t\t\t<\/div>\n\t\t<\/section>\n\t\t\t\t<section class=\"elementor-section elementor-top-section elementor-element elementor-element-01217d2 elementor-section-boxed elementor-section-height-default elementor-section-height-default\" data-id=\"01217d2\" data-element_type=\"section\" data-e-type=\"section\">\n\t\t\t\t\t\t<div class=\"elementor-container elementor-column-gap-default\">\n\t\t\t\t\t<div class=\"elementor-column elementor-col-100 elementor-top-column elementor-element elementor-element-a3d1386 ot-flex-column-vertical\" data-id=\"a3d1386\" data-element_type=\"column\" data-e-type=\"column\">\n\t\t\t<div class=\"elementor-widget-wrap elementor-element-populated\">\n\t\t\t\t\t\t<div class=\"elementor-element elementor-element-7a3acdb elementor-widget elementor-widget-heading\" data-id=\"7a3acdb\" data-element_type=\"widget\" data-e-type=\"widget\" data-widget_type=\"heading.default\">\n\t\t\t\t<div class=\"elementor-widget-container\">\n\t\t\t\t\t<h2 class=\"elementor-heading-title elementor-size-default\">Sin\u00fczitin Nedenleri Ve Belirtileri<\/h2>\t\t\t\t<\/div>\n\t\t\t\t<\/div>\n\t\t\t\t<div class=\"elementor-element elementor-element-8a20cea elementor-widget elementor-widget-text-editor\" data-id=\"8a20cea\" data-element_type=\"widget\" data-e-type=\"widget\" data-widget_type=\"text-editor.default\">\n\t\t\t\t<div class=\"elementor-widget-container\">\n\t\t\t\t\t\t\t\t\t<p>Sin\u00fczit, \u00e7e\u015fitli nedenlerden kaynakl\u0131 olarak a\u00e7\u0131\u011fa \u00e7\u0131kabilir. En \u00e7ok rastlanan sin\u00fczit nedenleri aras\u0131nda, \u00fcst solunum yolu enfeksiyonlar\u0131 yer al\u0131rken, alerjiye ba\u011fl\u0131 geli\u015fen mukoza \u00f6demi, septumdeviasyonu, burun eti b\u00fcy\u00fcmesi ve polipler sin\u00fczite neden olan \u00f6nemli unsurlard\u0131r. Sin\u00fczit olu\u015fturan nedene ba\u011fl\u0131 olarak da belirtileri \u00e7e\u015fitlilik g\u00f6sterebilmektedir.<\/p><p>Sin\u00fczit denildi\u011finde klasik belirtileri aras\u0131nda ak\u0131llara ba\u015f a\u011fr\u0131s\u0131 gelmektedir. Ba\u015f a\u011fr\u0131s\u0131 s\u0131k g\u00f6r\u00fclen etkilerinden bir olsa da bir\u00e7ok farkl\u0131 belirtisi bulunmakta ve bu etkiler ki\u015fiden ki\u015fiye de\u011fi\u015fmektedir. Sin\u00fczitin di\u011fer belirtileri aras\u0131nda; gece yatmadan \u00f6nce veya sabah uyanmaya sebep olan \u00f6ks\u00fcr\u00fck, koyu k\u0131vaml\u0131 ve sar\u0131 ye\u015fil renkli burun ak\u0131nt\u0131s\u0131, burun t\u0131kan\u0131kl\u0131\u011f\u0131 ve buna ba\u011fl\u0131 olarak horlama, nefesin k\u00f6t\u00fc kokmas\u0131 ve mide bulant\u0131s\u0131 gibi \u00e7e\u015fitli semptomlar yer almaktad\u0131r.<\/p>\t\t\t\t\t\t\t\t<\/div>\n\t\t\t\t<\/div>\n\t\t\t\t\t<\/div>\n\t\t<\/div>\n\t\t\t\t\t<\/div>\n\t\t<\/section>\n\t\t\t\t<section class=\"elementor-section elementor-top-section elementor-element elementor-element-405190c elementor-section-boxed elementor-section-height-default elementor-section-height-default\" data-id=\"405190c\" data-element_type=\"section\" data-e-type=\"section\">\n\t\t\t\t\t\t<div class=\"elementor-container elementor-column-gap-default\">\n\t\t\t\t\t<div class=\"elementor-column elementor-col-100 elementor-top-column elementor-element elementor-element-0e634fc ot-flex-column-vertical\" data-id=\"0e634fc\" data-element_type=\"column\" data-e-type=\"column\">\n\t\t\t<div class=\"elementor-widget-wrap elementor-element-populated\">\n\t\t\t\t\t\t<div class=\"elementor-element elementor-element-c1fdf11 elementor-widget elementor-widget-heading\" data-id=\"c1fdf11\" data-element_type=\"widget\" data-e-type=\"widget\" data-widget_type=\"heading.default\">\n\t\t\t\t<div class=\"elementor-widget-container\">\n\t\t\t\t\t<h2 class=\"elementor-heading-title elementor-size-default\">Sin\u00fczit Tedavisi<\/h2>\t\t\t\t<\/div>\n\t\t\t\t<\/div>\n\t\t\t\t<div class=\"elementor-element elementor-element-93d2ecb elementor-widget elementor-widget-text-editor\" data-id=\"93d2ecb\" data-element_type=\"widget\" data-e-type=\"widget\" data-widget_type=\"text-editor.default\">\n\t\t\t\t<div class=\"elementor-widget-container\">\n\t\t\t\t\t\t\t\t\t<p>Sin\u00fczit tedavisinde sin\u00fczitin ana nedenini tespit etmek olduk\u00e7a \u00f6nemlidir. Mevcutta bulunan sin\u00fczit \u00e7e\u015fidinin hangisi oldu\u011fu da yine tedaviyi etkilemektedir. Akut sin\u00fczit g\u00f6r\u00fclen ki\u015filerde ila\u00e7 tedavisi uygulanmaktad\u0131r. Bu durum 4 hafta kadar bir s\u00fcre i\u00e7inde ge\u00e7mektedir. Subakut durumunda ise sin\u00fczit durumu akut ve kronik aras\u0131nda bulunmaktad\u0131r. Bu durumda antibiyotik tedavisi b\u00fcy\u00fck \u00f6nem ta\u015f\u0131maktad\u0131r. \u00dc\u00e7 ay kadar ge\u00e7meyen sin\u00fczit durumu kronik olarak adland\u0131r\u0131larak cerrahi m\u00fcdahale uygulanabilmektedir. Bu noktada \u201cEndoskopik Sin\u00fcs Cerrahisi\u201d ya da uygun g\u00f6r\u00fclen hastalarda \u201cBalon Sinoplasti Cerrahi\u201d uygulamalar\u0131na ba\u015fvurulmaktad\u0131r. Her iki m\u00fcdahalede de sin\u00fcs kanallar\u0131 a\u00e7\u0131larak ki\u015finin rahat nefes almas\u0131 sa\u011flanmaktad\u0131r.<\/p><p>Alerjenlerden kaynakl\u0131 olu\u015fan bir durum ise ki\u015fiye alerji tedavisi uygulanmas\u0131 gerekmektedir. Deviasyon ve polip durumunda cerrahi m\u00fcdahaleler gerekli olabilir, ki\u015finin burun i\u00e7erisindeki yap\u0131 d\u00fczeltilerek rahat nefes almas\u0131 sa\u011flanabilir.<\/p>\t\t\t\t\t\t\t\t<\/div>\n\t\t\t\t<\/div>\n\t\t\t\t\t<\/div>\n\t\t<\/div>\n\t\t\t\t\t<\/div>\n\t\t<\/section>\n\t\t\t\t<\/div>\n\t\t","protected":false},"excerpt":{"rendered":"<p>Sin\u00fcs Hastal\u0131klar\u0131 Sin\u00fcs her insan v\u00fccudunda bulunan, burun \u00e7evresindeki kemiklerin i\u00e7erisinde yer alan hava bo\u015fluklar\u0131na verilen add\u0131r. \u0130nsanda, yanak sin\u00fcsleri (maksiler sin\u00fcsler), al\u0131n sin\u00fcsleri (frontal sin\u00fcsler), g\u00f6zler aras\u0131ndaki sin\u00fcsler (\u00f6n ve arka etmoid sin\u00fcsler) ve geniz b\u00f6lgesindeki sin\u00fcsler (sfenoid sin\u00fcsler) olmak \u00fczere 5 tip sin\u00fcs vard\u0131r. Sin\u00fcsler \u00e7ocukluk d\u00f6neminden itibaren geli\u015fmeye ba\u015flar ve 22- 24 [&hellip;]<\/p>\n","protected":false},"author":1,"featured_media":0,"parent":0,"menu_order":0,"comment_status":"closed","ping_status":"closed","template":"","meta":{"footnotes":""},"class_list":["post-2205","page","type-page","status-publish","hentry"],"_links":{"self":[{"href":"https:\/\/suleymankumbasar.com\/index.php?rest_route=\/wp\/v2\/pages\/2205","targetHints":{"allow":["GET"]}}],"collection":[{"href":"https:\/\/suleymankumbasar.com\/index.php?rest_route=\/wp\/v2\/pages"}],"about":[{"href":"https:\/\/suleymankumbasar.com\/index.php?rest_route=\/wp\/v2\/types\/page"}],"author":[{"embeddable":true,"href":"https:\/\/suleymankumbasar.com\/index.php?rest_route=\/wp\/v2\/users\/1"}],"replies":[{"embeddable":true,"href":"https:\/\/suleymankumbasar.com\/index.php?rest_route=%2Fwp%2Fv2%2Fcomments&post=2205"}],"version-history":[{"count":5,"href":"https:\/\/suleymankumbasar.com\/index.php?rest_route=\/wp\/v2\/pages\/2205\/revisions"}],"predecessor-version":[{"id":2612,"href":"https:\/\/suleymankumbasar.com\/index.php?rest_route=\/wp\/v2\/pages\/2205\/revisions\/2612"}],"wp:attachment":[{"href":"https:\/\/suleymankumbasar.com\/index.php?rest_route=%2Fwp%2Fv2%2Fmedia&parent=2205"}],"curies":[{"name":"wp","href":"https:\/\/api.w.org\/{rel}","templated":true}]}}