{"id":2195,"date":"2022-01-12T00:22:09","date_gmt":"2022-01-11T21:22:09","guid":{"rendered":"http:\/\/suleymankumbasar.com\/?page_id=2195"},"modified":"2022-01-13T21:05:58","modified_gmt":"2022-01-13T18:05:58","slug":"kbb-alerji-hastaliklari","status":"publish","type":"page","link":"https:\/\/suleymankumbasar.com\/?page_id=2195","title":{"rendered":"KBB ALERJ\u0130 HASTALIKLARI"},"content":{"rendered":"\t\t<div data-elementor-type=\"wp-page\" data-elementor-id=\"2195\" class=\"elementor elementor-2195\">\n\t\t\t\t\t\t<section class=\"elementor-section elementor-top-section elementor-element elementor-element-e491301 elementor-section-boxed elementor-section-height-default elementor-section-height-default\" data-id=\"e491301\" data-element_type=\"section\" data-e-type=\"section\">\n\t\t\t\t\t\t<div class=\"elementor-container elementor-column-gap-default\">\n\t\t\t\t\t<div class=\"elementor-column elementor-col-100 elementor-top-column elementor-element elementor-element-4ed9f708 ot-flex-column-vertical\" data-id=\"4ed9f708\" data-element_type=\"column\" data-e-type=\"column\">\n\t\t\t<div class=\"elementor-widget-wrap elementor-element-populated\">\n\t\t\t\t\t\t<div class=\"elementor-element elementor-element-33aeb9be elementor-widget elementor-widget-heading\" data-id=\"33aeb9be\" data-element_type=\"widget\" data-e-type=\"widget\" data-widget_type=\"heading.default\">\n\t\t\t\t<div class=\"elementor-widget-container\">\n\t\t\t\t\t<h2 class=\"elementor-heading-title elementor-size-default\">KBB Alerji Hastal\u0131klar\u0131<\/h2>\t\t\t\t<\/div>\n\t\t\t\t<\/div>\n\t\t\t\t<div class=\"elementor-element elementor-element-2d4489ec elementor-widget elementor-widget-text-editor\" data-id=\"2d4489ec\" data-element_type=\"widget\" data-e-type=\"widget\" data-widget_type=\"text-editor.default\">\n\t\t\t\t<div class=\"elementor-widget-container\">\n\t\t\t\t\t\t\t\t\t<p>KBB alerjilerinde, burunda iltihaplanmalar g\u00f6r\u00fclmektedir. Bu iltihaplanmalar rinit olarak adland\u0131r\u0131l\u0131yor olup, burun iltihab\u0131n\u0131n alerjenlerden kaynaklan\u0131yor olmas\u0131na alerjik rinit ad\u0131 verilir. Rinit alerjik reaksiyonlardan ba\u011f\u0131ms\u0131z olarak mevsimsel ge\u00e7i\u015f d\u00f6neminde veya s\u00fcrekli olarak da g\u00f6r\u00fclebilmektedir. \u00c7ocukluk d\u00f6neminden itibaren g\u00f6r\u00fclmeye ba\u015flanan rinit, tedavi edilmedi\u011fi m\u00fcddet\u00e7e y\u0131llarca devam edebilmektedir. Rinit tan\u0131s\u0131 konulurken ise doktor muayenesi ve gerekli alerji testlerinin yap\u0131lmas\u0131 yeterli olmaktad\u0131r.<\/p>\t\t\t\t\t\t\t\t<\/div>\n\t\t\t\t<\/div>\n\t\t\t\t\t<\/div>\n\t\t<\/div>\n\t\t\t\t\t<\/div>\n\t\t<\/section>\n\t\t\t\t<section class=\"elementor-section elementor-top-section elementor-element elementor-element-84d124c elementor-section-boxed elementor-section-height-default elementor-section-height-default\" data-id=\"84d124c\" data-element_type=\"section\" data-e-type=\"section\">\n\t\t\t\t\t\t<div class=\"elementor-container elementor-column-gap-default\">\n\t\t\t\t\t<div class=\"elementor-column elementor-col-100 elementor-top-column elementor-element elementor-element-3780f8a ot-flex-column-vertical\" data-id=\"3780f8a\" data-element_type=\"column\" data-e-type=\"column\">\n\t\t\t<div class=\"elementor-widget-wrap elementor-element-populated\">\n\t\t\t\t\t\t<div class=\"elementor-element elementor-element-8f3d0e7 elementor-widget elementor-widget-heading\" data-id=\"8f3d0e7\" data-element_type=\"widget\" data-e-type=\"widget\" data-widget_type=\"heading.default\">\n\t\t\t\t<div class=\"elementor-widget-container\">\n\t\t\t\t\t<h2 class=\"elementor-heading-title elementor-size-default\">Alerjik Rinitin Nedenleri Ve Belirtileri<\/h2>\t\t\t\t<\/div>\n\t\t\t\t<\/div>\n\t\t\t\t<div class=\"elementor-element elementor-element-16918d5 elementor-widget elementor-widget-text-editor\" data-id=\"16918d5\" data-element_type=\"widget\" data-e-type=\"widget\" data-widget_type=\"text-editor.default\">\n\t\t\t\t<div class=\"elementor-widget-container\">\n\t\t\t\t\t\t\t\t\t<p>Alerjik rinit olu\u015fumu alt\u0131nda pek \u00e7ok farkl\u0131 neden yer alabilmektedir.Genetik fakt\u00f6rler, polenler, toz, kimyasallar, k\u00fcf, \u00e7im, hayvan t\u00fcy\u00fc, ev akarlar\u0131 alerjik rinit olu\u015fumunun temel fakt\u00f6rleri aras\u0131nda yer almaktad\u0131r.<\/p><p>Alerjik rinit belirtileri aras\u0131nda ise; burun ak\u0131nt\u0131s\u0131, hap\u015f\u0131r\u0131k, g\u00f6zlerde sulanma veya kanlanma, burun t\u0131kan\u0131kl\u0131\u011f\u0131, burun, a\u011f\u0131z ve g\u00f6zlerde yanma ile ka\u015f\u0131nt\u0131, ba\u015f a\u011fr\u0131s\u0131 gibi al\u0131\u015f\u0131lagelmi\u015f \u00fcst solunum yolu hastal\u0131klar\u0131na benzeyen belirtiler ortaya \u00e7\u0131kmaktad\u0131r.<\/p>\t\t\t\t\t\t\t\t<\/div>\n\t\t\t\t<\/div>\n\t\t\t\t\t<\/div>\n\t\t<\/div>\n\t\t\t\t\t<\/div>\n\t\t<\/section>\n\t\t\t\t<section class=\"elementor-section elementor-top-section elementor-element elementor-element-5711447 elementor-section-boxed elementor-section-height-default elementor-section-height-default\" data-id=\"5711447\" data-element_type=\"section\" data-e-type=\"section\">\n\t\t\t\t\t\t<div class=\"elementor-container elementor-column-gap-default\">\n\t\t\t\t\t<div class=\"elementor-column elementor-col-100 elementor-top-column elementor-element elementor-element-e19a779 ot-flex-column-vertical\" data-id=\"e19a779\" data-element_type=\"column\" data-e-type=\"column\">\n\t\t\t<div class=\"elementor-widget-wrap elementor-element-populated\">\n\t\t\t\t\t\t<div class=\"elementor-element elementor-element-fba4189 elementor-widget elementor-widget-heading\" data-id=\"fba4189\" data-element_type=\"widget\" data-e-type=\"widget\" data-widget_type=\"heading.default\">\n\t\t\t\t<div class=\"elementor-widget-container\">\n\t\t\t\t\t<h2 class=\"elementor-heading-title elementor-size-default\">Alerjik Rinit Tedavisi<\/h2>\t\t\t\t<\/div>\n\t\t\t\t<\/div>\n\t\t\t\t<div class=\"elementor-element elementor-element-8e18532 elementor-widget elementor-widget-text-editor\" data-id=\"8e18532\" data-element_type=\"widget\" data-e-type=\"widget\" data-widget_type=\"text-editor.default\">\n\t\t\t\t<div class=\"elementor-widget-container\">\n\t\t\t\t\t\t\t\t\t<p>Alerjik rinit tedavisinin ilk a\u015famas\u0131, alerjik reakyion olu\u015fumunu sa\u011flayan etkenlerle temas\u0131n kesilmesidir. Ard\u0131ndan antihistaminikler ve steroid preparatlar i\u00e7eren ila\u00e7 tedavisi uygulan\u0131larak semptomlar\u0131n azalt\u0131larak iyile\u015ftirilmesi sa\u011flan\u0131r. Gerekli durumlarda a\u015f\u0131 tedavisi de uygulanabilmektedir. Son ad\u0131m olarak, doktorunuzun uygun g\u00f6rmesi takdirinde burun t\u0131kan\u0131kl\u0131\u011f\u0131 giderilmesi i\u00e7in cerrahi m\u00fcdahaleler yap\u0131labilir veya Rhinolight uygulamas\u0131yla burun deliklerine \u00f6zel dalga boylar\u0131na sahip \u0131\u015f\u0131k g\u00f6nderilerek tedavi ger\u00e7ekle\u015ftirilir.<\/p>\t\t\t\t\t\t\t\t<\/div>\n\t\t\t\t<\/div>\n\t\t\t\t\t<\/div>\n\t\t<\/div>\n\t\t\t\t\t<\/div>\n\t\t<\/section>\n\t\t\t\t<\/div>\n\t\t","protected":false},"excerpt":{"rendered":"<p>KBB Alerji Hastal\u0131klar\u0131 KBB alerjilerinde, burunda iltihaplanmalar g\u00f6r\u00fclmektedir. Bu iltihaplanmalar rinit olarak adland\u0131r\u0131l\u0131yor olup, burun iltihab\u0131n\u0131n alerjenlerden kaynaklan\u0131yor olmas\u0131na alerjik rinit ad\u0131 verilir. Rinit alerjik reaksiyonlardan ba\u011f\u0131ms\u0131z olarak mevsimsel ge\u00e7i\u015f d\u00f6neminde veya s\u00fcrekli olarak da g\u00f6r\u00fclebilmektedir. \u00c7ocukluk d\u00f6neminden itibaren g\u00f6r\u00fclmeye ba\u015flanan rinit, tedavi edilmedi\u011fi m\u00fcddet\u00e7e y\u0131llarca devam edebilmektedir. Rinit tan\u0131s\u0131 konulurken ise doktor muayenesi ve [&hellip;]<\/p>\n","protected":false},"author":1,"featured_media":0,"parent":0,"menu_order":0,"comment_status":"closed","ping_status":"closed","template":"","meta":{"footnotes":""},"class_list":["post-2195","page","type-page","status-publish","hentry"],"_links":{"self":[{"href":"https:\/\/suleymankumbasar.com\/index.php?rest_route=\/wp\/v2\/pages\/2195","targetHints":{"allow":["GET"]}}],"collection":[{"href":"https:\/\/suleymankumbasar.com\/index.php?rest_route=\/wp\/v2\/pages"}],"about":[{"href":"https:\/\/suleymankumbasar.com\/index.php?rest_route=\/wp\/v2\/types\/page"}],"author":[{"embeddable":true,"href":"https:\/\/suleymankumbasar.com\/index.php?rest_route=\/wp\/v2\/users\/1"}],"replies":[{"embeddable":true,"href":"https:\/\/suleymankumbasar.com\/index.php?rest_route=%2Fwp%2Fv2%2Fcomments&post=2195"}],"version-history":[{"count":5,"href":"https:\/\/suleymankumbasar.com\/index.php?rest_route=\/wp\/v2\/pages\/2195\/revisions"}],"predecessor-version":[{"id":2611,"href":"https:\/\/suleymankumbasar.com\/index.php?rest_route=\/wp\/v2\/pages\/2195\/revisions\/2611"}],"wp:attachment":[{"href":"https:\/\/suleymankumbasar.com\/index.php?rest_route=%2Fwp%2Fv2%2Fmedia&parent=2195"}],"curies":[{"name":"wp","href":"https:\/\/api.w.org\/{rel}","templated":true}]}}