{"id":2189,"date":"2022-01-12T00:20:32","date_gmt":"2022-01-11T21:20:32","guid":{"rendered":"http:\/\/suleymankumbasar.com\/?page_id=2189"},"modified":"2022-01-13T21:03:09","modified_gmt":"2022-01-13T18:03:09","slug":"kulak-enfeksiyonlari","status":"publish","type":"page","link":"https:\/\/suleymankumbasar.com\/?page_id=2189","title":{"rendered":"KULAK ENFEKS\u0130YONLARI"},"content":{"rendered":"\t\t<div data-elementor-type=\"wp-page\" data-elementor-id=\"2189\" class=\"elementor elementor-2189\">\n\t\t\t\t\t\t<section class=\"elementor-section elementor-top-section elementor-element elementor-element-4448e23e elementor-section-boxed elementor-section-height-default elementor-section-height-default\" data-id=\"4448e23e\" data-element_type=\"section\" data-e-type=\"section\">\n\t\t\t\t\t\t<div class=\"elementor-container elementor-column-gap-default\">\n\t\t\t\t\t<div class=\"elementor-column elementor-col-100 elementor-top-column elementor-element elementor-element-54936155 ot-flex-column-vertical\" data-id=\"54936155\" data-element_type=\"column\" data-e-type=\"column\">\n\t\t\t<div class=\"elementor-widget-wrap elementor-element-populated\">\n\t\t\t\t\t\t<div class=\"elementor-element elementor-element-7ef5eb elementor-widget elementor-widget-heading\" data-id=\"7ef5eb\" data-element_type=\"widget\" data-e-type=\"widget\" data-widget_type=\"heading.default\">\n\t\t\t\t<div class=\"elementor-widget-container\">\n\t\t\t\t\t<h2 class=\"elementor-heading-title elementor-size-default\">Kulak Enfeksiyonlar\u0131<\/h2>\t\t\t\t<\/div>\n\t\t\t\t<\/div>\n\t\t\t\t<div class=\"elementor-element elementor-element-6977b555 elementor-widget elementor-widget-text-editor\" data-id=\"6977b555\" data-element_type=\"widget\" data-e-type=\"widget\" data-widget_type=\"text-editor.default\">\n\t\t\t\t<div class=\"elementor-widget-container\">\n\t\t\t\t\t\t\t\t\t<p>Kulak enfeksiyonlar\u0131, genellikle orta kulak k\u0131sm\u0131nda g\u00f6r\u00fclen, be\u015f ya\u015f\u0131n\u0131n alt\u0131ndaki \u00e7ocuklarda g\u00f6r\u00fclme s\u0131kl\u0131\u011f\u0131 y\u00fcksek olan hastal\u0131klard\u0131r. Orta kulak i\u00e7erisindeki bas\u0131n\u00e7ta olu\u015fan de\u011fi\u015fimler sonucu ortaya \u00e7\u0131kmakla birlikte bu de\u011fi\u015fimlere v\u00fccuda al\u0131nan bakteri, vir\u00fcs veya alerjen maddelere ba\u011fl\u0131 olu\u015fan \u00fcst solunum yolu rahats\u0131zl\u0131klar\u0131 neden olabilir. Kulak enfeksiyonlar\u0131 belirtileri aras\u0131nda, kulak a\u011fr\u0131s\u0131, uykusuzluk, kulakta olu\u015fan rahats\u0131z edici bir ses, kula\u011f\u0131yla oynama iste\u011fi gibi belirtiler yer almaktad\u0131r. Kulak i\u00e7i iltihaplanman\u0131n artmas\u0131 kulak zar\u0131na zarar verebilece\u011finden bu t\u00fcr belirtilere dikkat edilmesi b\u00fcy\u00fck \u00f6nem ta\u015f\u0131maktad\u0131r. \u0130lerlemi\u015f enfeksiyonlar kulak zar\u0131na kal\u0131c\u0131 hasar vererek duyma kayb\u0131 gibi ciddi sonu\u00e7lara neden olabilmektedir.<\/p>\t\t\t\t\t\t\t\t<\/div>\n\t\t\t\t<\/div>\n\t\t\t\t\t<\/div>\n\t\t<\/div>\n\t\t\t\t\t<\/div>\n\t\t<\/section>\n\t\t\t\t<section class=\"elementor-section elementor-top-section elementor-element elementor-element-a498ed9 elementor-section-boxed elementor-section-height-default elementor-section-height-default\" data-id=\"a498ed9\" data-element_type=\"section\" data-e-type=\"section\">\n\t\t\t\t\t\t<div class=\"elementor-container elementor-column-gap-default\">\n\t\t\t\t\t<div class=\"elementor-column elementor-col-100 elementor-top-column elementor-element elementor-element-e6639ce ot-flex-column-vertical\" data-id=\"e6639ce\" data-element_type=\"column\" data-e-type=\"column\">\n\t\t\t<div class=\"elementor-widget-wrap elementor-element-populated\">\n\t\t\t\t\t\t<div class=\"elementor-element elementor-element-c727db0 elementor-widget elementor-widget-heading\" data-id=\"c727db0\" data-element_type=\"widget\" data-e-type=\"widget\" data-widget_type=\"heading.default\">\n\t\t\t\t<div class=\"elementor-widget-container\">\n\t\t\t\t\t<h2 class=\"elementor-heading-title elementor-size-default\">Kulak Enfeksiyonlar\u0131n\u0131n Tedavisi<\/h2>\t\t\t\t<\/div>\n\t\t\t\t<\/div>\n\t\t\t\t<div class=\"elementor-element elementor-element-027c984 elementor-widget elementor-widget-text-editor\" data-id=\"027c984\" data-element_type=\"widget\" data-e-type=\"widget\" data-widget_type=\"text-editor.default\">\n\t\t\t\t<div class=\"elementor-widget-container\">\n\t\t\t\t\t\t\t\t\t<p>Kulak enfeksiyonlar\u0131n\u0131n tespit edildi\u011fi derecesi ve tekrarlama s\u0131kl\u0131\u011f\u0131na ba\u011fl\u0131 olarak uygulanan tedavi \u015fekli de\u011fi\u015fmektedir. \u00c7o\u011fu zaman ila\u00e7l\u0131 tedavi y\u00f6ntemlerinin i\u015fe yaramas\u0131 ile yak\u0131n doktor takibi ve gerekli ila\u00e7lar\u0131n kullan\u0131lmas\u0131yla tedavi tamamlanabilir. Ancak kulak enfeksiyonlar\u0131n\u0131n ileri derecede oldu\u011fu durumlarda veya s\u0131kl\u0131kla tekrarlanmas\u0131 halinde cerrahi m\u00fcdahalelere ba\u015fvurulabilir. Parasentez i\u015flemi ile kulak zar\u0131na k\u00fc\u00e7\u00fck bir \u00e7izik at\u0131larak iltihap bo\u015falt\u0131lmas\u0131 ve geniz eti ameliyat\u0131yla birlikte kula\u011fa t\u00fcp tak\u0131lmas\u0131 i\u015flemi s\u0131kl\u0131kla ger\u00e7ekle\u015ftirilen cerrahi y\u00f6ntemler aras\u0131ndad\u0131r. Bahsi ge\u00e7en cerrahi operasyonlar risk oran\u0131 olduk\u00e7a d\u00fc\u015f\u00fck olan cerrahi operasyonlard\u0131r.<\/p>\t\t\t\t\t\t\t\t<\/div>\n\t\t\t\t<\/div>\n\t\t\t\t\t<\/div>\n\t\t<\/div>\n\t\t\t\t\t<\/div>\n\t\t<\/section>\n\t\t\t\t<\/div>\n\t\t","protected":false},"excerpt":{"rendered":"<p>Kulak Enfeksiyonlar\u0131 Kulak enfeksiyonlar\u0131, genellikle orta kulak k\u0131sm\u0131nda g\u00f6r\u00fclen, be\u015f ya\u015f\u0131n\u0131n alt\u0131ndaki \u00e7ocuklarda g\u00f6r\u00fclme s\u0131kl\u0131\u011f\u0131 y\u00fcksek olan hastal\u0131klard\u0131r. Orta kulak i\u00e7erisindeki bas\u0131n\u00e7ta olu\u015fan de\u011fi\u015fimler sonucu ortaya \u00e7\u0131kmakla birlikte bu de\u011fi\u015fimlere v\u00fccuda al\u0131nan bakteri, vir\u00fcs veya alerjen maddelere ba\u011fl\u0131 olu\u015fan \u00fcst solunum yolu rahats\u0131zl\u0131klar\u0131 neden olabilir. Kulak enfeksiyonlar\u0131 belirtileri aras\u0131nda, kulak a\u011fr\u0131s\u0131, uykusuzluk, kulakta olu\u015fan rahats\u0131z [&hellip;]<\/p>\n","protected":false},"author":1,"featured_media":0,"parent":0,"menu_order":0,"comment_status":"closed","ping_status":"closed","template":"","meta":{"footnotes":""},"class_list":["post-2189","page","type-page","status-publish","hentry"],"_links":{"self":[{"href":"https:\/\/suleymankumbasar.com\/index.php?rest_route=\/wp\/v2\/pages\/2189","targetHints":{"allow":["GET"]}}],"collection":[{"href":"https:\/\/suleymankumbasar.com\/index.php?rest_route=\/wp\/v2\/pages"}],"about":[{"href":"https:\/\/suleymankumbasar.com\/index.php?rest_route=\/wp\/v2\/types\/page"}],"author":[{"embeddable":true,"href":"https:\/\/suleymankumbasar.com\/index.php?rest_route=\/wp\/v2\/users\/1"}],"replies":[{"embeddable":true,"href":"https:\/\/suleymankumbasar.com\/index.php?rest_route=%2Fwp%2Fv2%2Fcomments&post=2189"}],"version-history":[{"count":5,"href":"https:\/\/suleymankumbasar.com\/index.php?rest_route=\/wp\/v2\/pages\/2189\/revisions"}],"predecessor-version":[{"id":2594,"href":"https:\/\/suleymankumbasar.com\/index.php?rest_route=\/wp\/v2\/pages\/2189\/revisions\/2594"}],"wp:attachment":[{"href":"https:\/\/suleymankumbasar.com\/index.php?rest_route=%2Fwp%2Fv2%2Fmedia&parent=2189"}],"curies":[{"name":"wp","href":"https:\/\/api.w.org\/{rel}","templated":true}]}}