{"id":2178,"date":"2022-01-12T00:17:48","date_gmt":"2022-01-11T21:17:48","guid":{"rendered":"http:\/\/suleymankumbasar.com\/?page_id=2178"},"modified":"2022-01-13T21:04:36","modified_gmt":"2022-01-13T18:04:36","slug":"geniz-eti-ve-bademcik","status":"publish","type":"page","link":"https:\/\/suleymankumbasar.com\/?page_id=2178","title":{"rendered":"GEN\u0130Z ET\u0130 VE BADEMC\u0130K"},"content":{"rendered":"\t\t<div data-elementor-type=\"wp-page\" data-elementor-id=\"2178\" class=\"elementor elementor-2178\">\n\t\t\t\t\t\t<section class=\"elementor-section elementor-top-section elementor-element elementor-element-4350485 elementor-section-boxed elementor-section-height-default elementor-section-height-default\" data-id=\"4350485\" data-element_type=\"section\" data-e-type=\"section\">\n\t\t\t\t\t\t<div class=\"elementor-container elementor-column-gap-default\">\n\t\t\t\t\t<div class=\"elementor-column elementor-col-100 elementor-top-column elementor-element elementor-element-e70e203 ot-flex-column-vertical\" data-id=\"e70e203\" data-element_type=\"column\" data-e-type=\"column\">\n\t\t\t<div class=\"elementor-widget-wrap elementor-element-populated\">\n\t\t\t\t\t\t<div class=\"elementor-element elementor-element-24203f0 elementor-widget elementor-widget-heading\" data-id=\"24203f0\" data-element_type=\"widget\" data-e-type=\"widget\" data-widget_type=\"heading.default\">\n\t\t\t\t<div class=\"elementor-widget-container\">\n\t\t\t\t\t<h2 class=\"elementor-heading-title elementor-size-default\">Geniz Eti Ve Bademcik<\/h2>\t\t\t\t<\/div>\n\t\t\t\t<\/div>\n\t\t\t\t<div class=\"elementor-element elementor-element-d25be02 elementor-widget elementor-widget-text-editor\" data-id=\"d25be02\" data-element_type=\"widget\" data-e-type=\"widget\" data-widget_type=\"text-editor.default\">\n\t\t\t\t<div class=\"elementor-widget-container\">\n\t\t\t\t\t\t\t\t\t<p>Ba\u011f\u0131\u015f\u0131kl\u0131k sisteminde geniz eti ve bademci\u011fin yeri olduk\u00e7a b\u00fcy\u00fckt\u00fcr. Bademcik (Tonsil) ve geniz eti (Adenoid),\u00a0 ba\u011f\u0131\u015f\u0131kl\u0131k sistemi i\u00e7in gerekli olan salg\u0131lar\u0131n sal\u0131n\u0131m\u0131nda rol olan iki \u00f6nemli dokudur. Bu her iki doku ba\u011f\u0131\u015f\u0131kl\u0131k sistemine verdi\u011fi destekleyici \u00f6zellikleri sayesinde k\u00fc\u00e7\u00fck yap\u0131l\u0131 dokulard\u0131r ancak \u00e7ocu\u011fun b\u00fcy\u00fcmesiyle beraber d\u0131\u015far\u0131dan al\u0131nan bakteri, vir\u00fcs veya alerjen maddelere kar\u015f\u0131 daha \u00e7ok salg\u0131 salg\u0131lama e\u011filimine girerek her iki dokuda da \u015fi\u015fme ve b\u00fcy\u00fcme g\u00f6r\u00fclebilmektedir.<\/p><p>Geniz etinin \u015fi\u015fmesi durumunda; solunum g\u00fc\u00e7l\u00fc\u011f\u00fc, kulak ve sinir bo\u015fal\u0131m\u0131na engel olarak horlama, burun ak\u0131nt\u0131lar\u0131, gece \u00f6ks\u00fcr\u00fckleri ve i\u015fitme kay\u0131plar\u0131na neden olabilmektedir. Tedavi edilmedikleri noktalardaysa kronikle\u015fen geniz eti iltihaplanmalar\u0131 ortodontik ve y\u00fcz geli\u015fiminde bozukluklara veya konu\u015fma bozukluklar\u0131na neden olabilmektedir. Bademcik b\u00fcy\u00fcmelerindeyse s\u0131k s\u0131k hasta olma, nefes alma g\u00fc\u00e7l\u00fc\u011f\u00fc ve buna ba\u011fl\u0131 olarak uyku apnesi olu\u015fumu gibi ciddi sonu\u00e7lar ortaya \u00e7\u0131kabilmektedir. Her iki durumda da bir KBB uzman\u0131yla g\u00f6r\u00fc\u015f\u00fclmesi b\u00fcy\u00fck \u00f6nem ta\u015f\u0131maktad\u0131r.<\/p>\t\t\t\t\t\t\t\t<\/div>\n\t\t\t\t<\/div>\n\t\t\t\t\t<\/div>\n\t\t<\/div>\n\t\t\t\t\t<\/div>\n\t\t<\/section>\n\t\t\t\t<section class=\"elementor-section elementor-top-section elementor-element elementor-element-92ad126 elementor-section-boxed elementor-section-height-default elementor-section-height-default\" data-id=\"92ad126\" data-element_type=\"section\" data-e-type=\"section\">\n\t\t\t\t\t\t<div class=\"elementor-container elementor-column-gap-default\">\n\t\t\t\t\t<div class=\"elementor-column elementor-col-100 elementor-top-column elementor-element elementor-element-077a17c ot-flex-column-vertical\" data-id=\"077a17c\" data-element_type=\"column\" data-e-type=\"column\">\n\t\t\t<div class=\"elementor-widget-wrap elementor-element-populated\">\n\t\t\t\t\t\t<div class=\"elementor-element elementor-element-9b9a4a1 elementor-widget elementor-widget-heading\" data-id=\"9b9a4a1\" data-element_type=\"widget\" data-e-type=\"widget\" data-widget_type=\"heading.default\">\n\t\t\t\t<div class=\"elementor-widget-container\">\n\t\t\t\t\t<h2 class=\"elementor-heading-title elementor-size-default\">Geniz Eti Ve Bademcik Dokular\u0131n\u0131n Tedavisi<\/h2>\t\t\t\t<\/div>\n\t\t\t\t<\/div>\n\t\t\t\t<div class=\"elementor-element elementor-element-82b5023 elementor-widget elementor-widget-text-editor\" data-id=\"82b5023\" data-element_type=\"widget\" data-e-type=\"widget\" data-widget_type=\"text-editor.default\">\n\t\t\t\t<div class=\"elementor-widget-container\">\n\t\t\t\t\t\t\t\t\t<p>Her iki doku i\u00e7inde ila\u00e7 tedavisinin ba\u015far\u0131s\u0131z oldu\u011fu durumlarda cerrahi m\u00fcdahalelere ba\u015fvurulmaktad\u0131r. Cerrahi m\u00fcdahaleler ile ki\u015filerin geniz etleri ve bademcikleri al\u0131nmaktad\u0131r. Bu cerrahi y\u00f6ntemlere kar\u015f\u0131 endi\u015fe duyulmas\u0131na gerek yoktur. 3 ya\u015f\u0131ndan itibaren her ya\u015f grubuna uygulanabilen bu ameliyatlar KBB alan\u0131n\u0131n en yayg\u0131n ger\u00e7ekle\u015ftirilen ameliyatlar\u0131 aras\u0131nda yer almaktad\u0131r. Ameliyat sonras\u0131nda hastalar i\u00e7in risk te\u015fkil eden durumlar yer almamaktad\u0131r.<\/p>\t\t\t\t\t\t\t\t<\/div>\n\t\t\t\t<\/div>\n\t\t\t\t\t<\/div>\n\t\t<\/div>\n\t\t\t\t\t<\/div>\n\t\t<\/section>\n\t\t\t\t<\/div>\n\t\t","protected":false},"excerpt":{"rendered":"<p>Geniz Eti Ve Bademcik Ba\u011f\u0131\u015f\u0131kl\u0131k sisteminde geniz eti ve bademci\u011fin yeri olduk\u00e7a b\u00fcy\u00fckt\u00fcr. Bademcik (Tonsil) ve geniz eti (Adenoid),\u00a0 ba\u011f\u0131\u015f\u0131kl\u0131k sistemi i\u00e7in gerekli olan salg\u0131lar\u0131n sal\u0131n\u0131m\u0131nda rol olan iki \u00f6nemli dokudur. Bu her iki doku ba\u011f\u0131\u015f\u0131kl\u0131k sistemine verdi\u011fi destekleyici \u00f6zellikleri sayesinde k\u00fc\u00e7\u00fck yap\u0131l\u0131 dokulard\u0131r ancak \u00e7ocu\u011fun b\u00fcy\u00fcmesiyle beraber d\u0131\u015far\u0131dan al\u0131nan bakteri, vir\u00fcs veya alerjen maddelere [&hellip;]<\/p>\n","protected":false},"author":1,"featured_media":0,"parent":0,"menu_order":0,"comment_status":"closed","ping_status":"closed","template":"","meta":{"footnotes":""},"class_list":["post-2178","page","type-page","status-publish","hentry"],"_links":{"self":[{"href":"https:\/\/suleymankumbasar.com\/index.php?rest_route=\/wp\/v2\/pages\/2178","targetHints":{"allow":["GET"]}}],"collection":[{"href":"https:\/\/suleymankumbasar.com\/index.php?rest_route=\/wp\/v2\/pages"}],"about":[{"href":"https:\/\/suleymankumbasar.com\/index.php?rest_route=\/wp\/v2\/types\/page"}],"author":[{"embeddable":true,"href":"https:\/\/suleymankumbasar.com\/index.php?rest_route=\/wp\/v2\/users\/1"}],"replies":[{"embeddable":true,"href":"https:\/\/suleymankumbasar.com\/index.php?rest_route=%2Fwp%2Fv2%2Fcomments&post=2178"}],"version-history":[{"count":5,"href":"https:\/\/suleymankumbasar.com\/index.php?rest_route=\/wp\/v2\/pages\/2178\/revisions"}],"predecessor-version":[{"id":2604,"href":"https:\/\/suleymankumbasar.com\/index.php?rest_route=\/wp\/v2\/pages\/2178\/revisions\/2604"}],"wp:attachment":[{"href":"https:\/\/suleymankumbasar.com\/index.php?rest_route=%2Fwp%2Fv2%2Fmedia&parent=2178"}],"curies":[{"name":"wp","href":"https:\/\/api.w.org\/{rel}","templated":true}]}}