{"id":2176,"date":"2022-01-12T00:16:02","date_gmt":"2022-01-11T21:16:02","guid":{"rendered":"http:\/\/suleymankumbasar.com\/?page_id=2176"},"modified":"2022-01-13T21:04:33","modified_gmt":"2022-01-13T18:04:33","slug":"cocuk-kbb","status":"publish","type":"page","link":"https:\/\/suleymankumbasar.com\/?page_id=2176","title":{"rendered":"\u00c7OCUK KBB"},"content":{"rendered":"\t\t<div data-elementor-type=\"wp-page\" data-elementor-id=\"2176\" class=\"elementor elementor-2176\">\n\t\t\t\t\t\t<section class=\"elementor-section elementor-top-section elementor-element elementor-element-6ab4d9a3 elementor-section-boxed elementor-section-height-default elementor-section-height-default\" data-id=\"6ab4d9a3\" data-element_type=\"section\" data-e-type=\"section\">\n\t\t\t\t\t\t<div class=\"elementor-container elementor-column-gap-default\">\n\t\t\t\t\t<div class=\"elementor-column elementor-col-100 elementor-top-column elementor-element elementor-element-436639b2 ot-flex-column-vertical\" data-id=\"436639b2\" data-element_type=\"column\" data-e-type=\"column\">\n\t\t\t<div class=\"elementor-widget-wrap elementor-element-populated\">\n\t\t\t\t\t\t<div class=\"elementor-element elementor-element-724591d0 elementor-widget elementor-widget-heading\" data-id=\"724591d0\" data-element_type=\"widget\" data-e-type=\"widget\" data-widget_type=\"heading.default\">\n\t\t\t\t<div class=\"elementor-widget-container\">\n\t\t\t\t\t<h2 class=\"elementor-heading-title elementor-size-default\">\u00c7ocuk KBB<\/h2>\t\t\t\t<\/div>\n\t\t\t\t<\/div>\n\t\t\t\t<div class=\"elementor-element elementor-element-53213586 elementor-widget elementor-widget-text-editor\" data-id=\"53213586\" data-element_type=\"widget\" data-e-type=\"widget\" data-widget_type=\"text-editor.default\">\n\t\t\t\t<div class=\"elementor-widget-container\">\n\t\t\t\t\t\t\t\t\t<p>\u00c7ocukluk d\u00f6neminde s\u0131kl\u0131kla kar\u015f\u0131la\u015f\u0131lan hastal\u0131klar aras\u0131nda kulak, burun, bo\u011faz yap\u0131lar\u0131na y\u00f6nelik hastal\u0131klar yer almaktad\u0131r. \u00c7ocuk KBB\u2019si \u00f6zenle \u00e7al\u0131\u015f\u0131lmas\u0131 gereken bir alan olup, \u00e7ocu\u011fun hem b\u00fcy\u00fcmesi hem de ba\u011f\u0131\u015f\u0131kl\u0131k sisteminin desteklenmesi i\u00e7in inceliklerle \u00e7al\u0131\u015f\u0131lmas\u0131 ve tedavi edilmesi gerekmektedir. \u00c7ocuk KBB hastal\u0131klar\u0131 aras\u0131nda geniz eti ve bademcik sorunlar\u0131yla kulak enfeksiyonlar\u0131 en \u00e7ok kar\u015f\u0131la\u015f\u0131lan iki ana k\u0131s\u0131md\u0131r. Bu yap\u0131lara ait olan sorunlar g\u00f6z ard\u0131 edilmemeli ve KBB uzman\u0131 bir hekimden destek al\u0131nmal\u0131d\u0131r.<\/p>\t\t\t\t\t\t\t\t<\/div>\n\t\t\t\t<\/div>\n\t\t\t\t\t<\/div>\n\t\t<\/div>\n\t\t\t\t\t<\/div>\n\t\t<\/section>\n\t\t\t\t<section class=\"elementor-section elementor-top-section elementor-element elementor-element-e3e09a4 elementor-section-boxed elementor-section-height-default elementor-section-height-default\" data-id=\"e3e09a4\" data-element_type=\"section\" data-e-type=\"section\">\n\t\t\t\t\t\t<div class=\"elementor-container elementor-column-gap-default\">\n\t\t\t\t\t<div class=\"elementor-column elementor-col-25 elementor-top-column elementor-element elementor-element-da820a1 ot-flex-column-vertical elementor-invisible\" data-id=\"da820a1\" data-element_type=\"column\" data-e-type=\"column\" data-settings=\"{&quot;animation&quot;:&quot;fadeIn&quot;}\">\n\t\t\t<div class=\"elementor-widget-wrap elementor-element-populated\">\n\t\t\t\t\t\t<div class=\"elementor-element elementor-element-9b9a434 elementor-widget elementor-widget-image\" data-id=\"9b9a434\" data-element_type=\"widget\" data-e-type=\"widget\" data-widget_type=\"image.default\">\n\t\t\t\t<div class=\"elementor-widget-container\">\n\t\t\t\t\t\t\t\t\t\t\t\t\t\t\t<img decoding=\"async\" width=\"200\" height=\"200\" src=\"https:\/\/suleymankumbasar.com\/wp-content\/uploads\/2022\/01\/bademcik-geniz-eti.png\" class=\"attachment-large size-large wp-image-2404\" alt=\"\" srcset=\"https:\/\/suleymankumbasar.com\/wp-content\/uploads\/2022\/01\/bademcik-geniz-eti.png 200w, https:\/\/suleymankumbasar.com\/wp-content\/uploads\/2022\/01\/bademcik-geniz-eti-150x150.png 150w\" sizes=\"(max-width: 200px) 100vw, 200px\" \/>\t\t\t\t\t\t\t\t\t\t\t\t\t\t\t<\/div>\n\t\t\t\t<\/div>\n\t\t\t\t<div class=\"elementor-element elementor-element-6a6ab85 elementor-widget elementor-widget-heading\" data-id=\"6a6ab85\" data-element_type=\"widget\" data-e-type=\"widget\" data-widget_type=\"heading.default\">\n\t\t\t\t<div class=\"elementor-widget-container\">\n\t\t\t\t\t<h2 class=\"elementor-heading-title elementor-size-default\">Geniz Eti ve Bademcik<\/h2>\t\t\t\t<\/div>\n\t\t\t\t<\/div>\n\t\t\t\t<div class=\"elementor-element elementor-element-aba6b6b elementor-widget elementor-widget-text-editor\" data-id=\"aba6b6b\" data-element_type=\"widget\" data-e-type=\"widget\" data-widget_type=\"text-editor.default\">\n\t\t\t\t<div class=\"elementor-widget-container\">\n\t\t\t\t\t\t\t\t\t<p>Ba\u011f\u0131\u015f\u0131kl\u0131k sisteminde geniz eti ve bademci\u011fin yeri olduk\u00e7a b\u00fcy\u00fckt\u00fcr. Bademcik (Tonsil) ve geniz eti (Adenoid),\u00a0 ba\u011f\u0131\u015f\u0131kl\u0131k sistemi..<\/p>\t\t\t\t\t\t\t\t<\/div>\n\t\t\t\t<\/div>\n\t\t\t\t<div class=\"elementor-element elementor-element-1d7f97b elementor-align-center elementor-widget elementor-widget-ibutton\" data-id=\"1d7f97b\" data-element_type=\"widget\" data-e-type=\"widget\" data-widget_type=\"ibutton.default\">\n\t\t\t\t<div class=\"elementor-widget-container\">\n\t\t\t\t\t\t\t<div class=\"ot-button\">\r\n\t\t\t<a href=\"http:\/\/suleymankumbasar.com\/geniz-eti-ve-bademcik\/\" class=\"octf-btn octf-btn-main\">Devam\u0131n\u0131 Oku<\/a>\r\n\t    <\/div>\r\n\t    \t\t\t\t<\/div>\n\t\t\t\t<\/div>\n\t\t\t\t\t<\/div>\n\t\t<\/div>\n\t\t\t\t<div class=\"elementor-column elementor-col-25 elementor-top-column elementor-element elementor-element-523b9dc ot-flex-column-vertical elementor-invisible\" data-id=\"523b9dc\" data-element_type=\"column\" data-e-type=\"column\" data-settings=\"{&quot;animation&quot;:&quot;fadeIn&quot;}\">\n\t\t\t<div class=\"elementor-widget-wrap elementor-element-populated\">\n\t\t\t\t\t\t<div class=\"elementor-element elementor-element-ab8c71c elementor-widget elementor-widget-image\" data-id=\"ab8c71c\" data-element_type=\"widget\" data-e-type=\"widget\" data-widget_type=\"image.default\">\n\t\t\t\t<div class=\"elementor-widget-container\">\n\t\t\t\t\t\t\t\t\t\t\t\t\t\t\t<img decoding=\"async\" width=\"200\" height=\"200\" src=\"https:\/\/suleymankumbasar.com\/wp-content\/uploads\/2022\/01\/kulak-enfeksiyonlari.png\" class=\"attachment-large size-large wp-image-2405\" alt=\"\" srcset=\"https:\/\/suleymankumbasar.com\/wp-content\/uploads\/2022\/01\/kulak-enfeksiyonlari.png 200w, https:\/\/suleymankumbasar.com\/wp-content\/uploads\/2022\/01\/kulak-enfeksiyonlari-150x150.png 150w\" sizes=\"(max-width: 200px) 100vw, 200px\" \/>\t\t\t\t\t\t\t\t\t\t\t\t\t\t\t<\/div>\n\t\t\t\t<\/div>\n\t\t\t\t<div class=\"elementor-element elementor-element-6270d93 elementor-widget elementor-widget-heading\" data-id=\"6270d93\" data-element_type=\"widget\" data-e-type=\"widget\" data-widget_type=\"heading.default\">\n\t\t\t\t<div class=\"elementor-widget-container\">\n\t\t\t\t\t<h2 class=\"elementor-heading-title elementor-size-default\">Kulak Enfeksiyonlar\u0131\n<\/h2>\t\t\t\t<\/div>\n\t\t\t\t<\/div>\n\t\t\t\t<div class=\"elementor-element elementor-element-aed904c elementor-widget elementor-widget-text-editor\" data-id=\"aed904c\" data-element_type=\"widget\" data-e-type=\"widget\" data-widget_type=\"text-editor.default\">\n\t\t\t\t<div class=\"elementor-widget-container\">\n\t\t\t\t\t\t\t\t\t<p>Kulak enfeksiyonlar\u0131, genellikle orta kulak k\u0131sm\u0131nda g\u00f6r\u00fclen, be\u015f ya\u015f\u0131n\u0131n alt\u0131ndaki \u00e7ocuklarda g\u00f6r\u00fclme s\u0131kl\u0131\u011f\u0131 y\u00fcksek olan ..<\/p>\t\t\t\t\t\t\t\t<\/div>\n\t\t\t\t<\/div>\n\t\t\t\t<div class=\"elementor-element elementor-element-1ee5fba elementor-align-center elementor-widget elementor-widget-ibutton\" data-id=\"1ee5fba\" data-element_type=\"widget\" data-e-type=\"widget\" data-widget_type=\"ibutton.default\">\n\t\t\t\t<div class=\"elementor-widget-container\">\n\t\t\t\t\t\t\t<div class=\"ot-button\">\r\n\t\t\t<a href=\"http:\/\/suleymankumbasar.com\/kulak-enfeksiyonlari\/\" class=\"octf-btn octf-btn-main\">Devam\u0131n\u0131 Oku<\/a>\r\n\t    <\/div>\r\n\t    \t\t\t\t<\/div>\n\t\t\t\t<\/div>\n\t\t\t\t\t<\/div>\n\t\t<\/div>\n\t\t\t\t<div class=\"elementor-column elementor-col-25 elementor-top-column elementor-element elementor-element-ae9fcc3 ot-flex-column-vertical elementor-invisible\" data-id=\"ae9fcc3\" data-element_type=\"column\" data-e-type=\"column\" data-settings=\"{&quot;animation&quot;:&quot;fadeIn&quot;}\">\n\t\t\t<div class=\"elementor-widget-wrap\">\n\t\t\t\t\t\t\t<\/div>\n\t\t<\/div>\n\t\t\t\t<div class=\"elementor-column elementor-col-25 elementor-top-column elementor-element elementor-element-892b101 ot-flex-column-vertical elementor-invisible\" data-id=\"892b101\" data-element_type=\"column\" data-e-type=\"column\" data-settings=\"{&quot;animation&quot;:&quot;fadeIn&quot;}\">\n\t\t\t<div class=\"elementor-widget-wrap\">\n\t\t\t\t\t\t\t<\/div>\n\t\t<\/div>\n\t\t\t\t\t<\/div>\n\t\t<\/section>\n\t\t\t\t<\/div>\n\t\t","protected":false},"excerpt":{"rendered":"<p>\u00c7ocuk KBB \u00c7ocukluk d\u00f6neminde s\u0131kl\u0131kla kar\u015f\u0131la\u015f\u0131lan hastal\u0131klar aras\u0131nda kulak, burun, bo\u011faz yap\u0131lar\u0131na y\u00f6nelik hastal\u0131klar yer almaktad\u0131r. \u00c7ocuk KBB\u2019si \u00f6zenle \u00e7al\u0131\u015f\u0131lmas\u0131 gereken bir alan olup, \u00e7ocu\u011fun hem b\u00fcy\u00fcmesi hem de ba\u011f\u0131\u015f\u0131kl\u0131k sisteminin desteklenmesi i\u00e7in inceliklerle \u00e7al\u0131\u015f\u0131lmas\u0131 ve tedavi edilmesi gerekmektedir. \u00c7ocuk KBB hastal\u0131klar\u0131 aras\u0131nda geniz eti ve bademcik sorunlar\u0131yla kulak enfeksiyonlar\u0131 en \u00e7ok kar\u015f\u0131la\u015f\u0131lan iki ana [&hellip;]<\/p>\n","protected":false},"author":1,"featured_media":0,"parent":0,"menu_order":0,"comment_status":"closed","ping_status":"closed","template":"","meta":{"footnotes":""},"class_list":["post-2176","page","type-page","status-publish","hentry"],"_links":{"self":[{"href":"https:\/\/suleymankumbasar.com\/index.php?rest_route=\/wp\/v2\/pages\/2176","targetHints":{"allow":["GET"]}}],"collection":[{"href":"https:\/\/suleymankumbasar.com\/index.php?rest_route=\/wp\/v2\/pages"}],"about":[{"href":"https:\/\/suleymankumbasar.com\/index.php?rest_route=\/wp\/v2\/types\/page"}],"author":[{"embeddable":true,"href":"https:\/\/suleymankumbasar.com\/index.php?rest_route=\/wp\/v2\/users\/1"}],"replies":[{"embeddable":true,"href":"https:\/\/suleymankumbasar.com\/index.php?rest_route=%2Fwp%2Fv2%2Fcomments&post=2176"}],"version-history":[{"count":15,"href":"https:\/\/suleymankumbasar.com\/index.php?rest_route=\/wp\/v2\/pages\/2176\/revisions"}],"predecessor-version":[{"id":2603,"href":"https:\/\/suleymankumbasar.com\/index.php?rest_route=\/wp\/v2\/pages\/2176\/revisions\/2603"}],"wp:attachment":[{"href":"https:\/\/suleymankumbasar.com\/index.php?rest_route=%2Fwp%2Fv2%2Fmedia&parent=2176"}],"curies":[{"name":"wp","href":"https:\/\/api.w.org\/{rel}","templated":true}]}}