{"id":2167,"date":"2022-01-12T00:13:31","date_gmt":"2022-01-11T21:13:31","guid":{"rendered":"http:\/\/suleymankumbasar.com\/?page_id=2167"},"modified":"2022-01-13T21:05:15","modified_gmt":"2022-01-13T18:05:15","slug":"yanak-ve-yuz-dolgusu","status":"publish","type":"page","link":"https:\/\/suleymankumbasar.com\/?page_id=2167","title":{"rendered":"YANAK VE Y\u00dcZ DOLGUSU"},"content":{"rendered":"\t\t<div data-elementor-type=\"wp-page\" data-elementor-id=\"2167\" class=\"elementor elementor-2167\">\n\t\t\t\t\t\t<section class=\"elementor-section elementor-top-section elementor-element elementor-element-494ea321 elementor-section-boxed elementor-section-height-default elementor-section-height-default\" data-id=\"494ea321\" data-element_type=\"section\" data-e-type=\"section\">\n\t\t\t\t\t\t<div class=\"elementor-container elementor-column-gap-default\">\n\t\t\t\t\t<div class=\"elementor-column elementor-col-100 elementor-top-column elementor-element elementor-element-2e9d6b39 ot-flex-column-vertical\" data-id=\"2e9d6b39\" data-element_type=\"column\" data-e-type=\"column\">\n\t\t\t<div class=\"elementor-widget-wrap elementor-element-populated\">\n\t\t\t\t\t\t<div class=\"elementor-element elementor-element-53a76511 elementor-widget elementor-widget-heading\" data-id=\"53a76511\" data-element_type=\"widget\" data-e-type=\"widget\" data-widget_type=\"heading.default\">\n\t\t\t\t<div class=\"elementor-widget-container\">\n\t\t\t\t\t<h2 class=\"elementor-heading-title elementor-size-default\">Yanak Ve Y\u00fcz Dolgusu <\/h2>\t\t\t\t<\/div>\n\t\t\t\t<\/div>\n\t\t\t\t<div class=\"elementor-element elementor-element-3b558a21 elementor-widget elementor-widget-text-editor\" data-id=\"3b558a21\" data-element_type=\"widget\" data-e-type=\"widget\" data-widget_type=\"text-editor.default\">\n\t\t\t\t<div class=\"elementor-widget-container\">\n\t\t\t\t\t\t\t\t\t<p>Derinle\u015fmi\u015f y\u00fcz \u00e7izgileri, ya\u015fa ba\u011fl\u0131 olarak elmac\u0131k kemiklerinin \u00e7\u00f6kmesi, yara izlerinin giderilmesi i\u00e7in yanak ve y\u00fcz dolgusu s\u0131kl\u0131kla tercih edilen bir uygulamad\u0131r. Gerekli b\u00f6lgelere ger\u00e7ekle\u015ftirilen uygulamalar ile ki\u015filere kusursuz ve gen\u00e7 bir g\u00f6r\u00fcn\u00fcm kazand\u0131r\u0131l\u0131r. Hi\u00e7bir cerrahi m\u00fcdahaleye gerek kalmadan k\u0131r\u0131\u015f\u0131kl\u0131klar\u0131ndan ar\u0131nd\u0131r\u0131lm\u0131\u015f bir cilde sahip olmak m\u00fcmk\u00fcn hale gelmektedir. Uygulanan dolgu maddesinin hyal\u00fcronik asit olmas\u0131 takdirinde i\u015flemin herhangi bir yan etki olu\u015fturma ihtimali son derece d\u00fc\u015f\u00fckt\u00fcr. Bundan dolay\u0131 sa\u011fl\u0131k profili uygun her yeti\u015fkin kad\u0131n ve erke\u011fe rahatl\u0131kla uygulanabilmektedir.Kan\u00fcl veya normal i\u011fneler yard\u0131m\u0131 ile dolgu maddesinin y\u00fcze enjekte edilmesiyle uygulanmaktad\u0131r. Uygulama sonras\u0131 ki\u015filer g\u00fcnl\u00fck hayatlar\u0131na rahatl\u0131kla devam edebilmektedir.<\/p>\t\t\t\t\t\t\t\t<\/div>\n\t\t\t\t<\/div>\n\t\t\t\t\t<\/div>\n\t\t<\/div>\n\t\t\t\t\t<\/div>\n\t\t<\/section>\n\t\t\t\t<section class=\"elementor-section elementor-top-section elementor-element elementor-element-9f7fe81 elementor-section-boxed elementor-section-height-default elementor-section-height-default\" data-id=\"9f7fe81\" data-element_type=\"section\" data-e-type=\"section\">\n\t\t\t\t\t\t<div class=\"elementor-container elementor-column-gap-default\">\n\t\t\t\t\t<div class=\"elementor-column elementor-col-100 elementor-top-column elementor-element elementor-element-838f5c6 ot-flex-column-vertical\" data-id=\"838f5c6\" data-element_type=\"column\" data-e-type=\"column\">\n\t\t\t<div class=\"elementor-widget-wrap elementor-element-populated\">\n\t\t\t\t\t\t<div class=\"elementor-element elementor-element-776f28d elementor-widget elementor-widget-heading\" data-id=\"776f28d\" data-element_type=\"widget\" data-e-type=\"widget\" data-widget_type=\"heading.default\">\n\t\t\t\t<div class=\"elementor-widget-container\">\n\t\t\t\t\t<h2 class=\"elementor-heading-title elementor-size-default\">Yanak Ve Y\u00fcz Dolgusu Hangi B\u00f6lgelere Yap\u0131l\u0131r?<\/h2>\t\t\t\t<\/div>\n\t\t\t\t<\/div>\n\t\t\t\t<div class=\"elementor-element elementor-element-adad96b elementor-widget elementor-widget-text-editor\" data-id=\"adad96b\" data-element_type=\"widget\" data-e-type=\"widget\" data-widget_type=\"text-editor.default\">\n\t\t\t\t<div class=\"elementor-widget-container\">\n\t\t\t\t\t\t\t\t\t<p>Ki\u015filerin \u015fikayetler veya y\u00fcz yap\u0131lar\u0131na ba\u011fl\u0131 olarak uygulama \u00e7e\u015fitli b\u00f6lgelere yap\u0131labilir. Ka\u015f aras\u0131 \u00e7izgileri, kaz ayaklar\u0131, al\u0131n ve boyun \u00e7izgileri, el s\u0131rt\u0131, burun ve duda\u011f\u0131n aras\u0131nda kalan b\u00f6lgeye dolgu uygulamas\u0131 yap\u0131labilmektedir.<\/p>\t\t\t\t\t\t\t\t<\/div>\n\t\t\t\t<\/div>\n\t\t\t\t\t<\/div>\n\t\t<\/div>\n\t\t\t\t\t<\/div>\n\t\t<\/section>\n\t\t\t\t<\/div>\n\t\t","protected":false},"excerpt":{"rendered":"<p>Yanak Ve Y\u00fcz Dolgusu Derinle\u015fmi\u015f y\u00fcz \u00e7izgileri, ya\u015fa ba\u011fl\u0131 olarak elmac\u0131k kemiklerinin \u00e7\u00f6kmesi, yara izlerinin giderilmesi i\u00e7in yanak ve y\u00fcz dolgusu s\u0131kl\u0131kla tercih edilen bir uygulamad\u0131r. Gerekli b\u00f6lgelere ger\u00e7ekle\u015ftirilen uygulamalar ile ki\u015filere kusursuz ve gen\u00e7 bir g\u00f6r\u00fcn\u00fcm kazand\u0131r\u0131l\u0131r. Hi\u00e7bir cerrahi m\u00fcdahaleye gerek kalmadan k\u0131r\u0131\u015f\u0131kl\u0131klar\u0131ndan ar\u0131nd\u0131r\u0131lm\u0131\u015f bir cilde sahip olmak m\u00fcmk\u00fcn hale gelmektedir. Uygulanan dolgu maddesinin [&hellip;]<\/p>\n","protected":false},"author":1,"featured_media":0,"parent":0,"menu_order":0,"comment_status":"closed","ping_status":"closed","template":"","meta":{"footnotes":""},"class_list":["post-2167","page","type-page","status-publish","hentry"],"_links":{"self":[{"href":"https:\/\/suleymankumbasar.com\/index.php?rest_route=\/wp\/v2\/pages\/2167","targetHints":{"allow":["GET"]}}],"collection":[{"href":"https:\/\/suleymankumbasar.com\/index.php?rest_route=\/wp\/v2\/pages"}],"about":[{"href":"https:\/\/suleymankumbasar.com\/index.php?rest_route=\/wp\/v2\/types\/page"}],"author":[{"embeddable":true,"href":"https:\/\/suleymankumbasar.com\/index.php?rest_route=\/wp\/v2\/users\/1"}],"replies":[{"embeddable":true,"href":"https:\/\/suleymankumbasar.com\/index.php?rest_route=%2Fwp%2Fv2%2Fcomments&post=2167"}],"version-history":[{"count":5,"href":"https:\/\/suleymankumbasar.com\/index.php?rest_route=\/wp\/v2\/pages\/2167\/revisions"}],"predecessor-version":[{"id":2609,"href":"https:\/\/suleymankumbasar.com\/index.php?rest_route=\/wp\/v2\/pages\/2167\/revisions\/2609"}],"wp:attachment":[{"href":"https:\/\/suleymankumbasar.com\/index.php?rest_route=%2Fwp%2Fv2%2Fmedia&parent=2167"}],"curies":[{"name":"wp","href":"https:\/\/api.w.org\/{rel}","templated":true}]}}