{"id":2158,"date":"2022-01-12T00:11:24","date_gmt":"2022-01-11T21:11:24","guid":{"rendered":"http:\/\/suleymankumbasar.com\/?page_id=2158"},"modified":"2022-01-13T21:05:10","modified_gmt":"2022-01-13T18:05:10","slug":"burun-dolgusu","status":"publish","type":"page","link":"https:\/\/suleymankumbasar.com\/?page_id=2158","title":{"rendered":"BURUN DOLGUSU"},"content":{"rendered":"\t\t<div data-elementor-type=\"wp-page\" data-elementor-id=\"2158\" class=\"elementor elementor-2158\">\n\t\t\t\t\t\t<section class=\"elementor-section elementor-top-section elementor-element elementor-element-3b26873 elementor-section-boxed elementor-section-height-default elementor-section-height-default\" data-id=\"3b26873\" data-element_type=\"section\" data-e-type=\"section\">\n\t\t\t\t\t\t<div class=\"elementor-container elementor-column-gap-default\">\n\t\t\t\t\t<div class=\"elementor-column elementor-col-100 elementor-top-column elementor-element elementor-element-415b6ad0 ot-flex-column-vertical\" data-id=\"415b6ad0\" data-element_type=\"column\" data-e-type=\"column\">\n\t\t\t<div class=\"elementor-widget-wrap elementor-element-populated\">\n\t\t\t\t\t\t<div class=\"elementor-element elementor-element-756ab513 elementor-widget elementor-widget-heading\" data-id=\"756ab513\" data-element_type=\"widget\" data-e-type=\"widget\" data-widget_type=\"heading.default\">\n\t\t\t\t<div class=\"elementor-widget-container\">\n\t\t\t\t\t<h2 class=\"elementor-heading-title elementor-size-default\">Burun Dolgusu<\/h2>\t\t\t\t<\/div>\n\t\t\t\t<\/div>\n\t\t\t\t<div class=\"elementor-element elementor-element-5e10779b elementor-widget elementor-widget-text-editor\" data-id=\"5e10779b\" data-element_type=\"widget\" data-e-type=\"widget\" data-widget_type=\"text-editor.default\">\n\t\t\t\t<div class=\"elementor-widget-container\">\n\t\t\t\t\t\t\t\t\t<p>Burun dolgusu, burnunun kemikli yap\u0131s\u0131ndan veya burun ucu d\u00fc\u015f\u00fckl\u00fc\u011f\u00fcnden\u015fikayet\u00e7i olan ki\u015filerin ba\u015fvurdu\u011fu bir dolgu y\u00f6ntemidir. Rinoplasti ameliyat\u0131ndan \u00e7ekincesi olan veya ameliyata girecek kadar ciddi bir estetik orans\u0131zl\u0131\u011fa sahip olmayan ki\u015filer burun dolgusu yapt\u0131rmay\u0131 tercih etmektedir. Zahmetsiz bir i\u015flem olan dolgu y\u00f6ntemi sadece 20 dakika kadar bir s\u00fcrede ger\u00e7ekle\u015fiyor olup memnun kal\u0131nmad\u0131\u011f\u0131 takdirde geri d\u00f6n\u00fc\u015f\u00fc olan bir uygulamad\u0131r. Uygulanan dolgu maddesi eritilerek b\u00f6lge eski haline getirilebilir. Uygulama sonunda dolgu sonucu direkt olarak g\u00f6r\u00fclmektedir ve ki\u015filer g\u00fcnl\u00fck hayatlar\u0131na rahatl\u0131kla devam edebilmektedir.<\/p>\t\t\t\t\t\t\t\t<\/div>\n\t\t\t\t<\/div>\n\t\t\t\t\t<\/div>\n\t\t<\/div>\n\t\t\t\t\t<\/div>\n\t\t<\/section>\n\t\t\t\t<section class=\"elementor-section elementor-top-section elementor-element elementor-element-32ba59b elementor-section-boxed elementor-section-height-default elementor-section-height-default\" data-id=\"32ba59b\" data-element_type=\"section\" data-e-type=\"section\">\n\t\t\t\t\t\t<div class=\"elementor-container elementor-column-gap-default\">\n\t\t\t\t\t<div class=\"elementor-column elementor-col-100 elementor-top-column elementor-element elementor-element-c1a2d8b ot-flex-column-vertical\" data-id=\"c1a2d8b\" data-element_type=\"column\" data-e-type=\"column\">\n\t\t\t<div class=\"elementor-widget-wrap elementor-element-populated\">\n\t\t\t\t\t\t<div class=\"elementor-element elementor-element-6f62553 elementor-widget elementor-widget-heading\" data-id=\"6f62553\" data-element_type=\"widget\" data-e-type=\"widget\" data-widget_type=\"heading.default\">\n\t\t\t\t<div class=\"elementor-widget-container\">\n\t\t\t\t\t<h2 class=\"elementor-heading-title elementor-size-default\">Burun Dolgusu Uygulamas\u0131nda Dikkat Edilmesi Gerekenler Nelerdir?<\/h2>\t\t\t\t<\/div>\n\t\t\t\t<\/div>\n\t\t\t\t<div class=\"elementor-element elementor-element-b51b143 elementor-widget elementor-widget-text-editor\" data-id=\"b51b143\" data-element_type=\"widget\" data-e-type=\"widget\" data-widget_type=\"text-editor.default\">\n\t\t\t\t<div class=\"elementor-widget-container\">\n\t\t\t\t\t\t\t\t\t<p>Di\u011fer dolgu i\u015flemleri gibi burun b\u00f6lgesine de hyal\u00fcronik asit enjeksiyonu ger\u00e7ekle\u015ftirilmelidir. B\u00f6ylece ki\u015filerde yan etki olu\u015fumunun \u00f6n\u00fcne ge\u00e7ilir. Burun hassas ve olduk\u00e7a k\u00fc\u00e7\u00fck bir alan oldu\u011fundan enjeksiyonun ger\u00e7ekle\u015ftirildi\u011fi yer ve enjekte edilen madde miktar\u0131 son derece \u00f6nemlidir. Bundan dolay\u0131 burun dolgusunu yapacak hekimin bu alanda uzman olmas\u0131 yine son derece \u00f6nemlidir.<\/p>\t\t\t\t\t\t\t\t<\/div>\n\t\t\t\t<\/div>\n\t\t\t\t\t<\/div>\n\t\t<\/div>\n\t\t\t\t\t<\/div>\n\t\t<\/section>\n\t\t\t\t<section class=\"elementor-section elementor-top-section elementor-element elementor-element-185b409 elementor-section-boxed elementor-section-height-default elementor-section-height-default\" data-id=\"185b409\" data-element_type=\"section\" data-e-type=\"section\">\n\t\t\t\t\t\t<div class=\"elementor-container elementor-column-gap-default\">\n\t\t\t\t\t<div class=\"elementor-column elementor-col-100 elementor-top-column elementor-element elementor-element-2de8b9a ot-flex-column-vertical\" data-id=\"2de8b9a\" data-element_type=\"column\" data-e-type=\"column\">\n\t\t\t<div class=\"elementor-widget-wrap elementor-element-populated\">\n\t\t\t\t\t\t<div class=\"elementor-element elementor-element-b175370 elementor-widget elementor-widget-heading\" data-id=\"b175370\" data-element_type=\"widget\" data-e-type=\"widget\" data-widget_type=\"heading.default\">\n\t\t\t\t<div class=\"elementor-widget-container\">\n\t\t\t\t\t<h2 class=\"elementor-heading-title elementor-size-default\">Burun Dolgusu Kal\u0131c\u0131 M\u0131d\u0131r?<\/h2>\t\t\t\t<\/div>\n\t\t\t\t<\/div>\n\t\t\t\t<div class=\"elementor-element elementor-element-44e12db elementor-widget elementor-widget-text-editor\" data-id=\"44e12db\" data-element_type=\"widget\" data-e-type=\"widget\" data-widget_type=\"text-editor.default\">\n\t\t\t\t<div class=\"elementor-widget-container\">\n\t\t\t\t\t\t\t\t\t<p>Burun dolgusu ki\u015fiden ki\u015fiye de\u011fi\u015fmekle beraber 6- 12 ay aras\u0131 kal\u0131c\u0131l\u0131k g\u00f6sterebilmektedir. Uygulaman\u0131n d\u00fczenli olarak tekrarlanmas\u0131 ile dolgu maddesinin kayb\u0131 bir s\u00fcre sonra azalmakla beraber sonu\u00e7 kal\u0131c\u0131la\u015ft\u0131r\u0131labilir.<\/p>\t\t\t\t\t\t\t\t<\/div>\n\t\t\t\t<\/div>\n\t\t\t\t\t<\/div>\n\t\t<\/div>\n\t\t\t\t\t<\/div>\n\t\t<\/section>\n\t\t\t\t<\/div>\n\t\t","protected":false},"excerpt":{"rendered":"<p>Burun Dolgusu Burun dolgusu, burnunun kemikli yap\u0131s\u0131ndan veya burun ucu d\u00fc\u015f\u00fckl\u00fc\u011f\u00fcnden\u015fikayet\u00e7i olan ki\u015filerin ba\u015fvurdu\u011fu bir dolgu y\u00f6ntemidir. Rinoplasti ameliyat\u0131ndan \u00e7ekincesi olan veya ameliyata girecek kadar ciddi bir estetik orans\u0131zl\u0131\u011fa sahip olmayan ki\u015filer burun dolgusu yapt\u0131rmay\u0131 tercih etmektedir. Zahmetsiz bir i\u015flem olan dolgu y\u00f6ntemi sadece 20 dakika kadar bir s\u00fcrede ger\u00e7ekle\u015fiyor olup memnun kal\u0131nmad\u0131\u011f\u0131 takdirde geri [&hellip;]<\/p>\n","protected":false},"author":1,"featured_media":0,"parent":0,"menu_order":0,"comment_status":"closed","ping_status":"closed","template":"","meta":{"footnotes":""},"class_list":["post-2158","page","type-page","status-publish","hentry"],"_links":{"self":[{"href":"https:\/\/suleymankumbasar.com\/index.php?rest_route=\/wp\/v2\/pages\/2158","targetHints":{"allow":["GET"]}}],"collection":[{"href":"https:\/\/suleymankumbasar.com\/index.php?rest_route=\/wp\/v2\/pages"}],"about":[{"href":"https:\/\/suleymankumbasar.com\/index.php?rest_route=\/wp\/v2\/types\/page"}],"author":[{"embeddable":true,"href":"https:\/\/suleymankumbasar.com\/index.php?rest_route=\/wp\/v2\/users\/1"}],"replies":[{"embeddable":true,"href":"https:\/\/suleymankumbasar.com\/index.php?rest_route=%2Fwp%2Fv2%2Fcomments&post=2158"}],"version-history":[{"count":5,"href":"https:\/\/suleymankumbasar.com\/index.php?rest_route=\/wp\/v2\/pages\/2158\/revisions"}],"predecessor-version":[{"id":2608,"href":"https:\/\/suleymankumbasar.com\/index.php?rest_route=\/wp\/v2\/pages\/2158\/revisions\/2608"}],"wp:attachment":[{"href":"https:\/\/suleymankumbasar.com\/index.php?rest_route=%2Fwp%2Fv2%2Fmedia&parent=2158"}],"curies":[{"name":"wp","href":"https:\/\/api.w.org\/{rel}","templated":true}]}}