{"id":2145,"date":"2022-01-12T00:08:23","date_gmt":"2022-01-11T21:08:23","guid":{"rendered":"http:\/\/suleymankumbasar.com\/?page_id=2145"},"modified":"2022-01-13T21:05:06","modified_gmt":"2022-01-13T18:05:06","slug":"dudak-dolgusu","status":"publish","type":"page","link":"https:\/\/suleymankumbasar.com\/?page_id=2145","title":{"rendered":"DUDAK DOLGUSU"},"content":{"rendered":"\t\t<div data-elementor-type=\"wp-page\" data-elementor-id=\"2145\" class=\"elementor elementor-2145\">\n\t\t\t\t\t\t<section class=\"elementor-section elementor-top-section elementor-element elementor-element-c2572f6 elementor-section-boxed elementor-section-height-default elementor-section-height-default\" data-id=\"c2572f6\" data-element_type=\"section\" data-e-type=\"section\">\n\t\t\t\t\t\t<div class=\"elementor-container elementor-column-gap-default\">\n\t\t\t\t\t<div class=\"elementor-column elementor-col-100 elementor-top-column elementor-element elementor-element-2a5872c9 ot-flex-column-vertical\" data-id=\"2a5872c9\" data-element_type=\"column\" data-e-type=\"column\">\n\t\t\t<div class=\"elementor-widget-wrap elementor-element-populated\">\n\t\t\t\t\t\t<div class=\"elementor-element elementor-element-5d8870c9 elementor-widget elementor-widget-heading\" data-id=\"5d8870c9\" data-element_type=\"widget\" data-e-type=\"widget\" data-widget_type=\"heading.default\">\n\t\t\t\t<div class=\"elementor-widget-container\">\n\t\t\t\t\t<h2 class=\"elementor-heading-title elementor-size-default\">Dudak Dolgusu<\/h2>\t\t\t\t<\/div>\n\t\t\t\t<\/div>\n\t\t\t\t<div class=\"elementor-element elementor-element-427fffeb elementor-widget elementor-widget-text-editor\" data-id=\"427fffeb\" data-element_type=\"widget\" data-e-type=\"widget\" data-widget_type=\"text-editor.default\">\n\t\t\t\t<div class=\"elementor-widget-container\">\n\t\t\t\t\t\t\t\t\t<p class=\"MsoNormal\">Dudak yap\u0131s\u0131n\u0131n ince, asimetrik, k\u0131r\u0131\u015f\u0131k ya da \u00e7izgili olmas\u0131 ki\u015filerin dudak yap\u0131s\u0131n\u0131 be\u011fenmemesine neden olabilir. Dudak dolgusu ile ameliyata gerek kalmadan ki\u015fileri rahats\u0131z eden g\u00f6r\u00fcnt\u00fc ortadan kald\u0131r\u0131labilir. Uzman bir doktor taraf\u0131ndan uyguland\u0131\u011f\u0131nda ortaya \u00e7\u0131kan simetrik ve ideal sonu\u00e7la dudak dolgusu yapt\u0131ran ki\u015filer ger\u00e7ekle\u015ftirilen i\u015flemden son derece memnun kalmaktad\u0131r.\u00a0<\/p>\t\t\t\t\t\t\t\t<\/div>\n\t\t\t\t<\/div>\n\t\t\t\t\t<\/div>\n\t\t<\/div>\n\t\t\t\t\t<\/div>\n\t\t<\/section>\n\t\t\t\t<section class=\"elementor-section elementor-top-section elementor-element elementor-element-f38aed2 elementor-section-boxed elementor-section-height-default elementor-section-height-default\" data-id=\"f38aed2\" data-element_type=\"section\" data-e-type=\"section\">\n\t\t\t\t\t\t<div class=\"elementor-container elementor-column-gap-default\">\n\t\t\t\t\t<div class=\"elementor-column elementor-col-100 elementor-top-column elementor-element elementor-element-4d7b16b ot-flex-column-vertical\" data-id=\"4d7b16b\" data-element_type=\"column\" data-e-type=\"column\">\n\t\t\t<div class=\"elementor-widget-wrap elementor-element-populated\">\n\t\t\t\t\t\t<div class=\"elementor-element elementor-element-d0ce8ed elementor-widget elementor-widget-heading\" data-id=\"d0ce8ed\" data-element_type=\"widget\" data-e-type=\"widget\" data-widget_type=\"heading.default\">\n\t\t\t\t<div class=\"elementor-widget-container\">\n\t\t\t\t\t<h2 class=\"elementor-heading-title elementor-size-default\">Dudak Dolgusunda Nelere Dikkat Edilmelidir?<\/h2>\t\t\t\t<\/div>\n\t\t\t\t<\/div>\n\t\t\t\t<div class=\"elementor-element elementor-element-1b6f9b0 elementor-widget elementor-widget-text-editor\" data-id=\"1b6f9b0\" data-element_type=\"widget\" data-e-type=\"widget\" data-widget_type=\"text-editor.default\">\n\t\t\t\t<div class=\"elementor-widget-container\">\n\t\t\t\t\t\t\t\t\t<p>Dudak dolgusunda dolgu maddesi olarak hyal\u00fcronik asit kullan\u0131lmal\u0131d\u0131r. Bu madde hali haz\u0131rda v\u00fccut taraf\u0131ndan da \u00fcretilen bir madde oldu\u011fundan, v\u00fccut enjeksiyon sonras\u0131nda herhangi bir yan etki veya alerjik reaksiyon g\u00f6stermemektedir. Bundan dolay\u0131 do\u011fru dolgu maddesi kullan\u0131lmas\u0131yla dudak dolgusu risksiz uygulamalardan biridir. \u00c7\u0131kan sonu\u00e7tan memnun kal\u0131nmas\u0131ndaysa uygulamay\u0131 yapan hekimin alan\u0131nda uzman olmas\u0131 son derece \u00f6nemlidir. Bu sayede gerekli miktarda hyal\u00fcronik asit enjeksiyonu ger\u00e7ekle\u015ftirilir ve istenilen sonu\u00e7 elde edilir. Uygulama sonras\u0131nda 2-3 saat i\u00e7erisinde ge\u00e7ecek \u015fi\u015fil veya k\u0131zar\u0131kl\u0131k g\u00f6r\u00fclebilir. Bunun d\u0131\u015f\u0131nda ki\u015filer rahatl\u0131kla g\u00fcnl\u00fck hayatlar\u0131na devam edebilirler. \u0130\u015flem sonras\u0131nda direkt olan ortaya \u00e7\u0131kan sonu\u00e7 g\u00f6r\u00fclebilir.<\/p>\t\t\t\t\t\t\t\t<\/div>\n\t\t\t\t<\/div>\n\t\t\t\t\t<\/div>\n\t\t<\/div>\n\t\t\t\t\t<\/div>\n\t\t<\/section>\n\t\t\t\t<section class=\"elementor-section elementor-top-section elementor-element elementor-element-9aeb51b elementor-section-boxed elementor-section-height-default elementor-section-height-default\" data-id=\"9aeb51b\" data-element_type=\"section\" data-e-type=\"section\">\n\t\t\t\t\t\t<div class=\"elementor-container elementor-column-gap-default\">\n\t\t\t\t\t<div class=\"elementor-column elementor-col-100 elementor-top-column elementor-element elementor-element-195725b ot-flex-column-vertical\" data-id=\"195725b\" data-element_type=\"column\" data-e-type=\"column\">\n\t\t\t<div class=\"elementor-widget-wrap elementor-element-populated\">\n\t\t\t\t\t\t<div class=\"elementor-element elementor-element-9292182 elementor-widget elementor-widget-heading\" data-id=\"9292182\" data-element_type=\"widget\" data-e-type=\"widget\" data-widget_type=\"heading.default\">\n\t\t\t\t<div class=\"elementor-widget-container\">\n\t\t\t\t\t<h2 class=\"elementor-heading-title elementor-size-default\">Dudak Dolgusu Kal\u0131c\u0131 M\u0131d\u0131r?<\/h2>\t\t\t\t<\/div>\n\t\t\t\t<\/div>\n\t\t\t\t<div class=\"elementor-element elementor-element-80dc721 elementor-widget elementor-widget-text-editor\" data-id=\"80dc721\" data-element_type=\"widget\" data-e-type=\"widget\" data-widget_type=\"text-editor.default\">\n\t\t\t\t<div class=\"elementor-widget-container\">\n\t\t\t\t\t\t\t\t\t<p>Dolgu maddesi zamanla v\u00fccut taraf\u0131ndan emilerek at\u0131l\u0131r. Buna ba\u011fl\u0131 olarak ilk g\u00fcnk\u00fc g\u00f6r\u00fcn\u00fcm kaybedilir. Bu s\u00fcre ki\u015fiden ki\u015fiye de\u011fi\u015fmekle birlikte ortalama dolgu 12 ay boyunca etkisini s\u00fcrd\u00fcrmektedir. Bu s\u00fcre sonunda uygulama tekrar yap\u0131larak dudak eski haline getirilebilir.<\/p><p>Dudak dolgusu uygulamas\u0131 sonucunda yeni dudak \u015feklinden memnun olmayan ki\u015filere k\u00fc\u00e7\u00fck m\u00fcdahaleler uygulanarak dudak eski haline getirilebilir. Bir ameliyat olmad\u0131\u011f\u0131ndan dolgu i\u015flemlerinin geri d\u00f6n\u00fc\u015f\u00fc olmas\u0131 da tercih edilirli\u011fini artt\u0131ran \u00f6zelliklerinden biridir.<\/p>\t\t\t\t\t\t\t\t<\/div>\n\t\t\t\t<\/div>\n\t\t\t\t\t<\/div>\n\t\t<\/div>\n\t\t\t\t\t<\/div>\n\t\t<\/section>\n\t\t\t\t<section class=\"elementor-section elementor-top-section elementor-element elementor-element-2065737 elementor-section-boxed elementor-section-height-default elementor-section-height-default\" data-id=\"2065737\" data-element_type=\"section\" data-e-type=\"section\">\n\t\t\t\t\t\t<div class=\"elementor-container elementor-column-gap-default\">\n\t\t\t\t\t<div class=\"elementor-column elementor-col-100 elementor-top-column elementor-element elementor-element-7291489 ot-flex-column-vertical\" data-id=\"7291489\" data-element_type=\"column\" data-e-type=\"column\">\n\t\t\t<div class=\"elementor-widget-wrap elementor-element-populated\">\n\t\t\t\t\t\t<div class=\"elementor-element elementor-element-b14e31c elementor-widget elementor-widget-heading\" data-id=\"b14e31c\" data-element_type=\"widget\" data-e-type=\"widget\" data-widget_type=\"heading.default\">\n\t\t\t\t<div class=\"elementor-widget-container\">\n\t\t\t\t\t<h2 class=\"elementor-heading-title elementor-size-default\">Dudak Dolgusu Kal\u0131c\u0131 M\u0131d\u0131r?<\/h2>\t\t\t\t<\/div>\n\t\t\t\t<\/div>\n\t\t\t\t<div class=\"elementor-element elementor-element-f885387 elementor-widget elementor-widget-text-editor\" data-id=\"f885387\" data-element_type=\"widget\" data-e-type=\"widget\" data-widget_type=\"text-editor.default\">\n\t\t\t\t<div class=\"elementor-widget-container\">\n\t\t\t\t\t\t\t\t\t<p>Dolgu maddesi zamanla v\u00fccut taraf\u0131ndan emilerek at\u0131l\u0131r. Buna ba\u011fl\u0131 olarak ilk g\u00fcnk\u00fc g\u00f6r\u00fcn\u00fcm kaybedilir. Bu s\u00fcre ki\u015fiden ki\u015fiye de\u011fi\u015fmekle birlikte ortalama dolgu 12 ay boyunca etkisini s\u00fcrd\u00fcrmektedir. Bu s\u00fcre sonunda uygulama tekrar yap\u0131larak dudak eski haline getirilebilir.<\/p><p>Dudak dolgusu uygulamas\u0131 sonucunda yeni dudak \u015feklinden memnun olmayan ki\u015filere k\u00fc\u00e7\u00fck m\u00fcdahaleler uygulanarak dudak eski haline getirilebilir. Bir ameliyat olmad\u0131\u011f\u0131ndan dolgu i\u015flemlerinin geri d\u00f6n\u00fc\u015f\u00fc olmas\u0131 da tercih edilirli\u011fini artt\u0131ran \u00f6zelliklerinden biridir.<\/p>\t\t\t\t\t\t\t\t<\/div>\n\t\t\t\t<\/div>\n\t\t\t\t\t<\/div>\n\t\t<\/div>\n\t\t\t\t\t<\/div>\n\t\t<\/section>\n\t\t\t\t<\/div>\n\t\t","protected":false},"excerpt":{"rendered":"<p>Dudak Dolgusu Dudak yap\u0131s\u0131n\u0131n ince, asimetrik, k\u0131r\u0131\u015f\u0131k ya da \u00e7izgili olmas\u0131 ki\u015filerin dudak yap\u0131s\u0131n\u0131 be\u011fenmemesine neden olabilir. Dudak dolgusu ile ameliyata gerek kalmadan ki\u015fileri rahats\u0131z eden g\u00f6r\u00fcnt\u00fc ortadan kald\u0131r\u0131labilir. Uzman bir doktor taraf\u0131ndan uyguland\u0131\u011f\u0131nda ortaya \u00e7\u0131kan simetrik ve ideal sonu\u00e7la dudak dolgusu yapt\u0131ran ki\u015filer ger\u00e7ekle\u015ftirilen i\u015flemden son derece memnun kalmaktad\u0131r. Dudak Dolgusunda Nelere Dikkat Edilmelidir? [&hellip;]<\/p>\n","protected":false},"author":1,"featured_media":0,"parent":0,"menu_order":0,"comment_status":"closed","ping_status":"closed","template":"","meta":{"footnotes":""},"class_list":["post-2145","page","type-page","status-publish","hentry"],"_links":{"self":[{"href":"https:\/\/suleymankumbasar.com\/index.php?rest_route=\/wp\/v2\/pages\/2145","targetHints":{"allow":["GET"]}}],"collection":[{"href":"https:\/\/suleymankumbasar.com\/index.php?rest_route=\/wp\/v2\/pages"}],"about":[{"href":"https:\/\/suleymankumbasar.com\/index.php?rest_route=\/wp\/v2\/types\/page"}],"author":[{"embeddable":true,"href":"https:\/\/suleymankumbasar.com\/index.php?rest_route=\/wp\/v2\/users\/1"}],"replies":[{"embeddable":true,"href":"https:\/\/suleymankumbasar.com\/index.php?rest_route=%2Fwp%2Fv2%2Fcomments&post=2145"}],"version-history":[{"count":8,"href":"https:\/\/suleymankumbasar.com\/index.php?rest_route=\/wp\/v2\/pages\/2145\/revisions"}],"predecessor-version":[{"id":2607,"href":"https:\/\/suleymankumbasar.com\/index.php?rest_route=\/wp\/v2\/pages\/2145\/revisions\/2607"}],"wp:attachment":[{"href":"https:\/\/suleymankumbasar.com\/index.php?rest_route=%2Fwp%2Fv2%2Fmedia&parent=2145"}],"curies":[{"name":"wp","href":"https:\/\/api.w.org\/{rel}","templated":true}]}}