{"id":2125,"date":"2022-01-11T23:58:34","date_gmt":"2022-01-11T20:58:34","guid":{"rendered":"http:\/\/suleymankumbasar.com\/?page_id=2125"},"modified":"2022-01-13T21:05:02","modified_gmt":"2022-01-13T18:05:02","slug":"botox","status":"publish","type":"page","link":"https:\/\/suleymankumbasar.com\/?page_id=2125","title":{"rendered":"Botox"},"content":{"rendered":"\t\t<div data-elementor-type=\"wp-page\" data-elementor-id=\"2125\" class=\"elementor elementor-2125\">\n\t\t\t\t\t\t<section class=\"elementor-section elementor-top-section elementor-element elementor-element-55c7bf98 elementor-section-boxed elementor-section-height-default elementor-section-height-default\" data-id=\"55c7bf98\" data-element_type=\"section\" data-e-type=\"section\">\n\t\t\t\t\t\t<div class=\"elementor-container elementor-column-gap-default\">\n\t\t\t\t\t<div class=\"elementor-column elementor-col-100 elementor-top-column elementor-element elementor-element-453293b7 ot-flex-column-vertical\" data-id=\"453293b7\" data-element_type=\"column\" data-e-type=\"column\">\n\t\t\t<div class=\"elementor-widget-wrap elementor-element-populated\">\n\t\t\t\t\t\t<div class=\"elementor-element elementor-element-54301655 elementor-widget elementor-widget-heading\" data-id=\"54301655\" data-element_type=\"widget\" data-e-type=\"widget\" data-widget_type=\"heading.default\">\n\t\t\t\t<div class=\"elementor-widget-container\">\n\t\t\t\t\t<h2 class=\"elementor-heading-title elementor-size-default\">Botox<\/h2>\t\t\t\t<\/div>\n\t\t\t\t<\/div>\n\t\t\t\t<div class=\"elementor-element elementor-element-5269cf97 elementor-widget elementor-widget-text-editor\" data-id=\"5269cf97\" data-element_type=\"widget\" data-e-type=\"widget\" data-widget_type=\"text-editor.default\">\n\t\t\t\t<div class=\"elementor-widget-container\">\n\t\t\t\t\t\t\t\t\t<p>Anti- aging uygulamalar aras\u0131ndan son zamanlar\u0131n en pop\u00fcler uygulamalar\u0131ndan biri botokstur. Ya\u015flanmaya ba\u011fl\u0131 olu\u015fan k\u0131r\u0131\u015f\u0131kl\u0131klar\u0131n giderilmesi, k\u0131r\u0131\u015f\u0131kl\u0131klar\u0131n olu\u015fumunun engellenmesi, d\u00fc\u015f\u00fck ka\u015f yap\u0131s\u0131n\u0131n kald\u0131r\u0131lmas\u0131 ve n\u00f6rolojik hastal\u0131klar\u0131n ( migren vb.) tedavisini desteklemek ama\u00e7l\u0131 botoks uygulamas\u0131 yap\u0131lmaktad\u0131r. Botoks uygulamas\u0131, i\u00e7erisinde yer alan botilinum toksini sayesinde enjeksiyon uygulanan b\u00f6lgelerde yer alan sinirlerin uyar\u0131lmas\u0131n\u0131n \u00f6nlenmesidir. Bu sayede ki\u015filerin cilt k\u0131r\u0131\u015f\u0131klar\u0131n\u0131n olu\u015fmas\u0131n\u0131n veya a\u011fr\u0131 ataklar\u0131n\u0131n giderilmesi sa\u011flan\u0131r. Botoks uygulamas\u0131 genellikle al\u0131n ve \u015fakak b\u00f6lgesine, kaz ayaklar\u0131 olarak adland\u0131r\u0131lan g\u00f6z \u00e7evresine, burun ve ka\u015f \u00fcst\u00fcne uygulanmaktad\u0131r. Uygulama ard\u0131ndan 48 saat sonra botox etki etmeye ba\u015flar ve istenilen sonu\u00e7 10 g\u00fcn i\u00e7erisinde kendini g\u00f6stermektedir.<\/p>\t\t\t\t\t\t\t\t<\/div>\n\t\t\t\t<\/div>\n\t\t\t\t\t<\/div>\n\t\t<\/div>\n\t\t\t\t\t<\/div>\n\t\t<\/section>\n\t\t\t\t<section class=\"elementor-section elementor-top-section elementor-element elementor-element-aad0462 elementor-section-boxed elementor-section-height-default elementor-section-height-default\" data-id=\"aad0462\" data-element_type=\"section\" data-e-type=\"section\">\n\t\t\t\t\t\t<div class=\"elementor-container elementor-column-gap-default\">\n\t\t\t\t\t<div class=\"elementor-column elementor-col-100 elementor-top-column elementor-element elementor-element-07b5e5a ot-flex-column-vertical\" data-id=\"07b5e5a\" data-element_type=\"column\" data-e-type=\"column\">\n\t\t\t<div class=\"elementor-widget-wrap elementor-element-populated\">\n\t\t\t\t\t\t<div class=\"elementor-element elementor-element-6019699 elementor-widget elementor-widget-heading\" data-id=\"6019699\" data-element_type=\"widget\" data-e-type=\"widget\" data-widget_type=\"heading.default\">\n\t\t\t\t<div class=\"elementor-widget-container\">\n\t\t\t\t\t<h2 class=\"elementor-heading-title elementor-size-default\">Botox Uygulamas\u0131 Nas\u0131l Yap\u0131lmaktad\u0131r?<\/h2>\t\t\t\t<\/div>\n\t\t\t\t<\/div>\n\t\t\t\t<div class=\"elementor-element elementor-element-08d24cd elementor-widget elementor-widget-text-editor\" data-id=\"08d24cd\" data-element_type=\"widget\" data-e-type=\"widget\" data-widget_type=\"text-editor.default\">\n\t\t\t\t<div class=\"elementor-widget-container\">\n\t\t\t\t\t\t\t\t\t<p>Botoks uygulamas\u0131 toplamda 20 dakikadan olu\u015fan bir uygulamad\u0131r. Doktorunuz ile yapaca\u011f\u0131n\u0131z \u00f6n g\u00f6r\u00fc\u015fme ard\u0131ndan uygulama b\u00f6lgesine anestezik krem s\u00fcr\u00fclerek b\u00f6lge uyu\u015fturulur. Kremin 15 dakika kadar etki etme s\u00fcresinin beklenmesi ard\u0131ndan, ortalama 13 mm \u00e7ap\u0131na sahip i\u011fnelerle gerekli b\u00f6lgelere enjeksiyon ger\u00e7ekle\u015ftirilir. Uygulama ard\u0131ndan k\u00fc\u00e7\u00fck buz kompresleri yap\u0131larak \u015fi\u015flik ve morarma olu\u015fumu engellenir. Uygulama sonras\u0131 ki\u015filer g\u00fcnl\u00fck hayatlar\u0131na rahatl\u0131kla devam edebilir.<\/p>\t\t\t\t\t\t\t\t<\/div>\n\t\t\t\t<\/div>\n\t\t\t\t\t<\/div>\n\t\t<\/div>\n\t\t\t\t\t<\/div>\n\t\t<\/section>\n\t\t\t\t<section class=\"elementor-section elementor-top-section elementor-element elementor-element-d24840b elementor-section-boxed elementor-section-height-default elementor-section-height-default\" data-id=\"d24840b\" data-element_type=\"section\" data-e-type=\"section\">\n\t\t\t\t\t\t<div class=\"elementor-container elementor-column-gap-default\">\n\t\t\t\t\t<div class=\"elementor-column elementor-col-100 elementor-top-column elementor-element elementor-element-54c58e0 ot-flex-column-vertical\" data-id=\"54c58e0\" data-element_type=\"column\" data-e-type=\"column\">\n\t\t\t<div class=\"elementor-widget-wrap elementor-element-populated\">\n\t\t\t\t\t\t<div class=\"elementor-element elementor-element-2f28695 elementor-widget elementor-widget-heading\" data-id=\"2f28695\" data-element_type=\"widget\" data-e-type=\"widget\" data-widget_type=\"heading.default\">\n\t\t\t\t<div class=\"elementor-widget-container\">\n\t\t\t\t\t<h2 class=\"elementor-heading-title elementor-size-default\">Botox \u0130le \u0130lgili Nelere Dikkat Edilmelidir?<\/h2>\t\t\t\t<\/div>\n\t\t\t\t<\/div>\n\t\t\t\t<div class=\"elementor-element elementor-element-b14d439 elementor-widget elementor-widget-text-editor\" data-id=\"b14d439\" data-element_type=\"widget\" data-e-type=\"widget\" data-widget_type=\"text-editor.default\">\n\t\t\t\t<div class=\"elementor-widget-container\">\n\t\t\t\t\t\t\t\t\t<p>Botox uygulamas\u0131 s\u0131ras\u0131nda kullan\u0131lan \u00fcr\u00fcne son derece dikkat edilmelidir. Artan talep ile sahte botilinum toksin i\u00e7eren botox say\u0131s\u0131 artmaktad\u0131r. Sahte toksin, insan sa\u011fl\u0131\u011f\u0131n\u0131 olumsuz y\u00f6nde etkileyecek \u00f6zelliklere sahip oldu\u011fundan uygulama yap\u0131lacak \u00fcr\u00fcn\u00fcn Sa\u011fl\u0131k Bakanl\u0131k onayl\u0131 olmas\u0131na dikkat edilmelidir.<\/p><p>Y\u00fcz, milyarlarca sinir h\u00fccresinden olu\u015fmaktad\u0131r. Bundan dolay\u0131 y\u00fcz\u00fcn hangi b\u00f6lgesine botoks uygulamas\u0131 yap\u0131ld\u0131\u011f\u0131 son derece \u00f6nemlidir. Botox uygulamas\u0131 yapacak ki\u015finin alan\u0131nda uzman olan bir hekim olmas\u0131na b\u00fcy\u00fck \u00f6zen g\u00f6sterilmelidir.<\/p><p>Botoksun hamile ve emziren kad\u0131nlara \u00f6nerilmemektedir. Kan suland\u0131r\u0131c\u0131 veya yo\u011fun ye\u015fil \u00e7ay t\u00fcketen ki\u015filerin uygulanan b\u00f6lgede kan toplanmas\u0131 ve morarma olu\u015fmamas\u0131 ad\u0131na uygulamadan birka\u00e7 g\u00fcn \u00f6ncesinde ve sonras\u0131nda bu \u00fcr\u00fcnleri kullan\u0131m\u0131 b\u0131rakmas\u0131 doktoru taraf\u0131ndan tavsiye edilebilir.<\/p>\t\t\t\t\t\t\t\t<\/div>\n\t\t\t\t<\/div>\n\t\t\t\t\t<\/div>\n\t\t<\/div>\n\t\t\t\t\t<\/div>\n\t\t<\/section>\n\t\t\t\t<section class=\"elementor-section elementor-top-section elementor-element elementor-element-1bbaee7 elementor-section-boxed elementor-section-height-default elementor-section-height-default\" data-id=\"1bbaee7\" data-element_type=\"section\" data-e-type=\"section\">\n\t\t\t\t\t\t<div class=\"elementor-container elementor-column-gap-default\">\n\t\t\t\t\t<div class=\"elementor-column elementor-col-100 elementor-top-column elementor-element elementor-element-6779bfd ot-flex-column-vertical\" data-id=\"6779bfd\" data-element_type=\"column\" data-e-type=\"column\">\n\t\t\t<div class=\"elementor-widget-wrap elementor-element-populated\">\n\t\t\t\t\t\t<div class=\"elementor-element elementor-element-6276843 elementor-widget elementor-widget-heading\" data-id=\"6276843\" data-element_type=\"widget\" data-e-type=\"widget\" data-widget_type=\"heading.default\">\n\t\t\t\t<div class=\"elementor-widget-container\">\n\t\t\t\t\t<h2 class=\"elementor-heading-title elementor-size-default\">Botox Etkisi Kal\u0131c\u0131 M\u0131d\u0131r?<\/h2>\t\t\t\t<\/div>\n\t\t\t\t<\/div>\n\t\t\t\t<div class=\"elementor-element elementor-element-478a0e8 elementor-widget elementor-widget-text-editor\" data-id=\"478a0e8\" data-element_type=\"widget\" data-e-type=\"widget\" data-widget_type=\"text-editor.default\">\n\t\t\t\t<div class=\"elementor-widget-container\">\n\t\t\t\t\t\t\t\t\t<p>Botilinum toksin maddesi etkisi ge\u00e7ici olan bir maddedir. Bundan dolay\u0131 botoks uygulamas\u0131 da 6 ay kadar etkili olan bir uygulamad\u0131r. \u0130stenilen etkinin devam etmesi i\u00e7in uygulama her 6 ayda bir tekrarlanmal\u0131d\u0131r. 2 y\u0131l boyunca yap\u0131lan d\u00fczenli uygulama ard\u0131ndan kaslar\u0131n zay\u0131flamas\u0131 meydana geldi\u011finden uygulama aral\u0131klar\u0131 6 aydan daha fazla olacak \u015fekilde uzat\u0131labilir.<\/p>\t\t\t\t\t\t\t\t<\/div>\n\t\t\t\t<\/div>\n\t\t\t\t\t<\/div>\n\t\t<\/div>\n\t\t\t\t\t<\/div>\n\t\t<\/section>\n\t\t\t\t<\/div>\n\t\t","protected":false},"excerpt":{"rendered":"<p>Botox Anti- aging uygulamalar aras\u0131ndan son zamanlar\u0131n en pop\u00fcler uygulamalar\u0131ndan biri botokstur. Ya\u015flanmaya ba\u011fl\u0131 olu\u015fan k\u0131r\u0131\u015f\u0131kl\u0131klar\u0131n giderilmesi, k\u0131r\u0131\u015f\u0131kl\u0131klar\u0131n olu\u015fumunun engellenmesi, d\u00fc\u015f\u00fck ka\u015f yap\u0131s\u0131n\u0131n kald\u0131r\u0131lmas\u0131 ve n\u00f6rolojik hastal\u0131klar\u0131n ( migren vb.) tedavisini desteklemek ama\u00e7l\u0131 botoks uygulamas\u0131 yap\u0131lmaktad\u0131r. Botoks uygulamas\u0131, i\u00e7erisinde yer alan botilinum toksini sayesinde enjeksiyon uygulanan b\u00f6lgelerde yer alan sinirlerin uyar\u0131lmas\u0131n\u0131n \u00f6nlenmesidir. Bu sayede ki\u015filerin [&hellip;]<\/p>\n","protected":false},"author":1,"featured_media":0,"parent":0,"menu_order":0,"comment_status":"closed","ping_status":"closed","template":"","meta":{"footnotes":""},"class_list":["post-2125","page","type-page","status-publish","hentry"],"_links":{"self":[{"href":"https:\/\/suleymankumbasar.com\/index.php?rest_route=\/wp\/v2\/pages\/2125","targetHints":{"allow":["GET"]}}],"collection":[{"href":"https:\/\/suleymankumbasar.com\/index.php?rest_route=\/wp\/v2\/pages"}],"about":[{"href":"https:\/\/suleymankumbasar.com\/index.php?rest_route=\/wp\/v2\/types\/page"}],"author":[{"embeddable":true,"href":"https:\/\/suleymankumbasar.com\/index.php?rest_route=\/wp\/v2\/users\/1"}],"replies":[{"embeddable":true,"href":"https:\/\/suleymankumbasar.com\/index.php?rest_route=%2Fwp%2Fv2%2Fcomments&post=2125"}],"version-history":[{"count":11,"href":"https:\/\/suleymankumbasar.com\/index.php?rest_route=\/wp\/v2\/pages\/2125\/revisions"}],"predecessor-version":[{"id":2606,"href":"https:\/\/suleymankumbasar.com\/index.php?rest_route=\/wp\/v2\/pages\/2125\/revisions\/2606"}],"wp:attachment":[{"href":"https:\/\/suleymankumbasar.com\/index.php?rest_route=%2Fwp%2Fv2%2Fmedia&parent=2125"}],"curies":[{"name":"wp","href":"https:\/\/api.w.org\/{rel}","templated":true}]}}