{"id":1743,"date":"2021-11-27T16:01:09","date_gmt":"2021-11-27T13:01:09","guid":{"rendered":"http:\/\/suleymankumbasar.com\/?page_id=1743"},"modified":"2022-01-13T21:04:58","modified_gmt":"2022-01-13T18:04:58","slug":"medikal-estetik","status":"publish","type":"page","link":"https:\/\/suleymankumbasar.com\/?page_id=1743","title":{"rendered":"MED\u0130KAL ESTET\u0130K"},"content":{"rendered":"\t\t<div data-elementor-type=\"wp-page\" data-elementor-id=\"1743\" class=\"elementor elementor-1743\">\n\t\t\t\t\t\t<section class=\"elementor-section elementor-top-section elementor-element elementor-element-544f9233 elementor-section-boxed elementor-section-height-default elementor-section-height-default\" data-id=\"544f9233\" data-element_type=\"section\" data-e-type=\"section\">\n\t\t\t\t\t\t<div class=\"elementor-container elementor-column-gap-default\">\n\t\t\t\t\t<div class=\"elementor-column elementor-col-100 elementor-top-column elementor-element elementor-element-2b3b4ce1 ot-flex-column-vertical\" data-id=\"2b3b4ce1\" data-element_type=\"column\" data-e-type=\"column\">\n\t\t\t<div class=\"elementor-widget-wrap elementor-element-populated\">\n\t\t\t\t\t\t<div class=\"elementor-element elementor-element-443f32af elementor-widget elementor-widget-heading\" data-id=\"443f32af\" data-element_type=\"widget\" data-e-type=\"widget\" data-widget_type=\"heading.default\">\n\t\t\t\t<div class=\"elementor-widget-container\">\n\t\t\t\t\t<h2 class=\"elementor-heading-title elementor-size-default\">Medikal Estetik<\/h2>\t\t\t\t<\/div>\n\t\t\t\t<\/div>\n\t\t\t\t<div class=\"elementor-element elementor-element-6e01fa4 elementor-widget elementor-widget-text-editor\" data-id=\"6e01fa4\" data-element_type=\"widget\" data-e-type=\"widget\" data-widget_type=\"text-editor.default\">\n\t\t\t\t<div class=\"elementor-widget-container\">\n\t\t\t\t\t\t\t\t\t<p>Genetik fakt\u00f6rlere ba\u011fl\u0131 olarak y\u00fcz \u015fekli, d\u0131\u015far\u0131dan al\u0131nan darbelere ba\u011fl\u0131 olarak y\u00fczde olu\u015fan ge\u00e7ici veya kal\u0131c\u0131 \u015fekil de\u011fi\u015fimleri, ya\u015flanmaya kar\u015f\u0131 olan k\u0131r\u0131\u015f\u0131kl\u0131klar veya y\u00fcz hatlar\u0131ndaki de\u011fi\u015fim ki\u015fileri mutsuz edebilmektedir. Medikal estetikle, cerrahi m\u00fcdahalelere gerek kalmadan t\u00fcm bu istenmeyen durumlar\u0131n \u00f6n\u00fcne ge\u00e7ilebilmektedir. Sadece birka\u00e7 dakika i\u00e7erisinde ger\u00e7ekle\u015ftirilen k\u00fc\u00e7\u00fck dokunu\u015flarla yeti\u015fkin kad\u0131n ve erkeklerin estetik kayg\u0131lar\u0131 giderilebilmektedir. Medikal estetik d\u00fcnyas\u0131na kar\u015f\u0131 olan ilgi ve talebin her ge\u00e7en g\u00fcn artmas\u0131yla hem kullan\u0131lan \u00fcr\u00fcnlerin ba\u015far\u0131s\u0131 hem de bu alana y\u00f6nelim g\u00f6steren hekim say\u0131s\u0131 artmaktad\u0131r. Medikal estetik uygulamalar\u0131 aras\u0131nda en pop\u00fcler olanlar\u0131, botox, dudak, burun, yanak ve y\u00fcz dolgusudur. T\u00fcm bu i\u015flemlerin alan\u0131nda uzman bir hekim taraf\u0131ndan ger\u00e7ekle\u015ftirilmesiyse b\u00fcy\u00fck \u00f6nem ta\u015f\u0131maktad\u0131r.<\/p>\t\t\t\t\t\t\t\t<\/div>\n\t\t\t\t<\/div>\n\t\t\t\t\t<\/div>\n\t\t<\/div>\n\t\t\t\t\t<\/div>\n\t\t<\/section>\n\t\t\t\t<section class=\"elementor-section elementor-top-section elementor-element elementor-element-f5c278c elementor-section-boxed elementor-section-height-default elementor-section-height-default\" data-id=\"f5c278c\" data-element_type=\"section\" data-e-type=\"section\">\n\t\t\t\t\t\t<div class=\"elementor-container elementor-column-gap-default\">\n\t\t\t\t\t<div class=\"elementor-column elementor-col-25 elementor-top-column elementor-element elementor-element-7918b51 ot-flex-column-vertical elementor-invisible\" data-id=\"7918b51\" data-element_type=\"column\" data-e-type=\"column\" data-settings=\"{&quot;animation&quot;:&quot;fadeIn&quot;}\">\n\t\t\t<div class=\"elementor-widget-wrap elementor-element-populated\">\n\t\t\t\t\t\t<div class=\"elementor-element elementor-element-1f7bc92 elementor-widget elementor-widget-image\" data-id=\"1f7bc92\" data-element_type=\"widget\" data-e-type=\"widget\" data-widget_type=\"image.default\">\n\t\t\t\t<div class=\"elementor-widget-container\">\n\t\t\t\t\t\t\t\t\t\t\t\t\t\t\t<img decoding=\"async\" width=\"200\" height=\"200\" src=\"https:\/\/suleymankumbasar.com\/wp-content\/uploads\/2022\/01\/botox.png\" class=\"attachment-large size-large wp-image-2344\" alt=\"\" srcset=\"https:\/\/suleymankumbasar.com\/wp-content\/uploads\/2022\/01\/botox.png 200w, https:\/\/suleymankumbasar.com\/wp-content\/uploads\/2022\/01\/botox-150x150.png 150w\" sizes=\"(max-width: 200px) 100vw, 200px\" \/>\t\t\t\t\t\t\t\t\t\t\t\t\t\t\t<\/div>\n\t\t\t\t<\/div>\n\t\t\t\t<div class=\"elementor-element elementor-element-59d0267 elementor-widget elementor-widget-heading\" data-id=\"59d0267\" data-element_type=\"widget\" data-e-type=\"widget\" data-widget_type=\"heading.default\">\n\t\t\t\t<div class=\"elementor-widget-container\">\n\t\t\t\t\t<h2 class=\"elementor-heading-title elementor-size-default\">Botox<\/h2>\t\t\t\t<\/div>\n\t\t\t\t<\/div>\n\t\t\t\t<div class=\"elementor-element elementor-element-a336a5c elementor-widget elementor-widget-text-editor\" data-id=\"a336a5c\" data-element_type=\"widget\" data-e-type=\"widget\" data-widget_type=\"text-editor.default\">\n\t\t\t\t<div class=\"elementor-widget-container\">\n\t\t\t\t\t\t\t\t\t<p>Anti- aging uygulamalar aras\u0131ndan son zamanlar\u0131n en pop\u00fcler uygulamalar\u0131ndan biri botokstur. Ya\u015flanmaya ba\u011fl\u0131 olu\u015fan ..<\/p>\t\t\t\t\t\t\t\t<\/div>\n\t\t\t\t<\/div>\n\t\t\t\t<div class=\"elementor-element elementor-element-7a9c510 elementor-align-center elementor-widget elementor-widget-ibutton\" data-id=\"7a9c510\" data-element_type=\"widget\" data-e-type=\"widget\" data-widget_type=\"ibutton.default\">\n\t\t\t\t<div class=\"elementor-widget-container\">\n\t\t\t\t\t\t\t<div class=\"ot-button\">\r\n\t\t\t<a href=\"http:\/\/suleymankumbasar.com\/botox\/\" class=\"octf-btn octf-btn-main\">Devam\u0131n\u0131 Oku<\/a>\r\n\t    <\/div>\r\n\t    \t\t\t\t<\/div>\n\t\t\t\t<\/div>\n\t\t\t\t\t<\/div>\n\t\t<\/div>\n\t\t\t\t<div class=\"elementor-column elementor-col-25 elementor-top-column elementor-element elementor-element-d2ef141 ot-flex-column-vertical elementor-invisible\" data-id=\"d2ef141\" data-element_type=\"column\" data-e-type=\"column\" data-settings=\"{&quot;animation&quot;:&quot;fadeIn&quot;}\">\n\t\t\t<div class=\"elementor-widget-wrap elementor-element-populated\">\n\t\t\t\t\t\t<div class=\"elementor-element elementor-element-f1c6d6b elementor-widget elementor-widget-image\" data-id=\"f1c6d6b\" data-element_type=\"widget\" data-e-type=\"widget\" data-widget_type=\"image.default\">\n\t\t\t\t<div class=\"elementor-widget-container\">\n\t\t\t\t\t\t\t\t\t\t\t\t\t\t\t<img decoding=\"async\" width=\"200\" height=\"200\" src=\"https:\/\/suleymankumbasar.com\/wp-content\/uploads\/2022\/01\/dudak-dolgusu.png\" class=\"attachment-large size-large wp-image-2346\" alt=\"\" srcset=\"https:\/\/suleymankumbasar.com\/wp-content\/uploads\/2022\/01\/dudak-dolgusu.png 200w, https:\/\/suleymankumbasar.com\/wp-content\/uploads\/2022\/01\/dudak-dolgusu-150x150.png 150w\" sizes=\"(max-width: 200px) 100vw, 200px\" \/>\t\t\t\t\t\t\t\t\t\t\t\t\t\t\t<\/div>\n\t\t\t\t<\/div>\n\t\t\t\t<div class=\"elementor-element elementor-element-bef3013 elementor-widget elementor-widget-heading\" data-id=\"bef3013\" data-element_type=\"widget\" data-e-type=\"widget\" data-widget_type=\"heading.default\">\n\t\t\t\t<div class=\"elementor-widget-container\">\n\t\t\t\t\t<h2 class=\"elementor-heading-title elementor-size-default\">Dudak Dolgusu\n<\/h2>\t\t\t\t<\/div>\n\t\t\t\t<\/div>\n\t\t\t\t<div class=\"elementor-element elementor-element-3e688ae elementor-widget elementor-widget-text-editor\" data-id=\"3e688ae\" data-element_type=\"widget\" data-e-type=\"widget\" data-widget_type=\"text-editor.default\">\n\t\t\t\t<div class=\"elementor-widget-container\">\n\t\t\t\t\t\t\t\t\t<p>Dudak yap\u0131s\u0131n\u0131n ince, asimetrik, k\u0131r\u0131\u015f\u0131k ya da \u00e7izgili olmas\u0131 ki\u015filerin dudak yap\u0131s\u0131n\u0131 be\u011fenmemesine neden olabilir. Dudak dolgusu ile..<\/p>\t\t\t\t\t\t\t\t<\/div>\n\t\t\t\t<\/div>\n\t\t\t\t<div class=\"elementor-element elementor-element-f9e954f elementor-align-center elementor-widget elementor-widget-ibutton\" data-id=\"f9e954f\" data-element_type=\"widget\" data-e-type=\"widget\" data-widget_type=\"ibutton.default\">\n\t\t\t\t<div class=\"elementor-widget-container\">\n\t\t\t\t\t\t\t<div class=\"ot-button\">\r\n\t\t\t<a href=\"http:\/\/suleymankumbasar.com\/dudak-dolgusu\/\" class=\"octf-btn octf-btn-main\">Devam\u0131n\u0131 Oku<\/a>\r\n\t    <\/div>\r\n\t    \t\t\t\t<\/div>\n\t\t\t\t<\/div>\n\t\t\t\t\t<\/div>\n\t\t<\/div>\n\t\t\t\t<div class=\"elementor-column elementor-col-25 elementor-top-column elementor-element elementor-element-7be5897 ot-flex-column-vertical elementor-invisible\" data-id=\"7be5897\" data-element_type=\"column\" data-e-type=\"column\" data-settings=\"{&quot;animation&quot;:&quot;fadeIn&quot;}\">\n\t\t\t<div class=\"elementor-widget-wrap elementor-element-populated\">\n\t\t\t\t\t\t<div class=\"elementor-element elementor-element-f051e2e elementor-widget elementor-widget-image\" data-id=\"f051e2e\" data-element_type=\"widget\" data-e-type=\"widget\" data-widget_type=\"image.default\">\n\t\t\t\t<div class=\"elementor-widget-container\">\n\t\t\t\t\t\t\t\t\t\t\t\t\t\t\t<img decoding=\"async\" width=\"200\" height=\"200\" src=\"https:\/\/suleymankumbasar.com\/wp-content\/uploads\/2022\/01\/burun-dolgusu.png\" class=\"attachment-large size-large wp-image-2350\" alt=\"\" srcset=\"https:\/\/suleymankumbasar.com\/wp-content\/uploads\/2022\/01\/burun-dolgusu.png 200w, https:\/\/suleymankumbasar.com\/wp-content\/uploads\/2022\/01\/burun-dolgusu-150x150.png 150w\" sizes=\"(max-width: 200px) 100vw, 200px\" \/>\t\t\t\t\t\t\t\t\t\t\t\t\t\t\t<\/div>\n\t\t\t\t<\/div>\n\t\t\t\t<div class=\"elementor-element elementor-element-a6f4865 elementor-widget elementor-widget-heading\" data-id=\"a6f4865\" data-element_type=\"widget\" data-e-type=\"widget\" data-widget_type=\"heading.default\">\n\t\t\t\t<div class=\"elementor-widget-container\">\n\t\t\t\t\t<h2 class=\"elementor-heading-title elementor-size-default\">Burun Dolgusu\n<\/h2>\t\t\t\t<\/div>\n\t\t\t\t<\/div>\n\t\t\t\t<div class=\"elementor-element elementor-element-5ed8381 elementor-widget elementor-widget-text-editor\" data-id=\"5ed8381\" data-element_type=\"widget\" data-e-type=\"widget\" data-widget_type=\"text-editor.default\">\n\t\t\t\t<div class=\"elementor-widget-container\">\n\t\t\t\t\t\t\t\t\t<p>Burun dolgusu, burnunun kemikli yap\u0131s\u0131ndan veya burun ucu d\u00fc\u015f\u00fckl\u00fc\u011f\u00fcnden\u015fikayet\u00e7i olan ki\u015filerin ba\u015fvurdu\u011fu bir dolgu..<\/p>\t\t\t\t\t\t\t\t<\/div>\n\t\t\t\t<\/div>\n\t\t\t\t<div class=\"elementor-element elementor-element-d3f2085 elementor-align-center elementor-widget elementor-widget-ibutton\" data-id=\"d3f2085\" data-element_type=\"widget\" data-e-type=\"widget\" data-widget_type=\"ibutton.default\">\n\t\t\t\t<div class=\"elementor-widget-container\">\n\t\t\t\t\t\t\t<div class=\"ot-button\">\r\n\t\t\t<a href=\"http:\/\/suleymankumbasar.com\/burun-dolgusu\/\" class=\"octf-btn octf-btn-main\">Devam\u0131n\u0131 Oku<\/a>\r\n\t    <\/div>\r\n\t    \t\t\t\t<\/div>\n\t\t\t\t<\/div>\n\t\t\t\t\t<\/div>\n\t\t<\/div>\n\t\t\t\t<div class=\"elementor-column elementor-col-25 elementor-top-column elementor-element elementor-element-4fe5f38 ot-flex-column-vertical elementor-invisible\" data-id=\"4fe5f38\" data-element_type=\"column\" data-e-type=\"column\" data-settings=\"{&quot;animation&quot;:&quot;fadeIn&quot;}\">\n\t\t\t<div class=\"elementor-widget-wrap elementor-element-populated\">\n\t\t\t\t\t\t<div class=\"elementor-element elementor-element-bee9764 elementor-widget elementor-widget-image\" data-id=\"bee9764\" data-element_type=\"widget\" data-e-type=\"widget\" data-widget_type=\"image.default\">\n\t\t\t\t<div class=\"elementor-widget-container\">\n\t\t\t\t\t\t\t\t\t\t\t\t\t\t\t<img loading=\"lazy\" decoding=\"async\" width=\"200\" height=\"200\" src=\"https:\/\/suleymankumbasar.com\/wp-content\/uploads\/2022\/01\/yanakve-yuz-dolgusu.png\" class=\"attachment-large size-large wp-image-2352\" alt=\"\" srcset=\"https:\/\/suleymankumbasar.com\/wp-content\/uploads\/2022\/01\/yanakve-yuz-dolgusu.png 200w, https:\/\/suleymankumbasar.com\/wp-content\/uploads\/2022\/01\/yanakve-yuz-dolgusu-150x150.png 150w\" sizes=\"(max-width: 200px) 100vw, 200px\" \/>\t\t\t\t\t\t\t\t\t\t\t\t\t\t\t<\/div>\n\t\t\t\t<\/div>\n\t\t\t\t<div class=\"elementor-element elementor-element-633d0f2 elementor-widget elementor-widget-heading\" data-id=\"633d0f2\" data-element_type=\"widget\" data-e-type=\"widget\" data-widget_type=\"heading.default\">\n\t\t\t\t<div class=\"elementor-widget-container\">\n\t\t\t\t\t<h2 class=\"elementor-heading-title elementor-size-default\">Yanak Ve Y\u00fcz Dolgusu\n<\/h2>\t\t\t\t<\/div>\n\t\t\t\t<\/div>\n\t\t\t\t<div class=\"elementor-element elementor-element-6c7ee36 elementor-widget elementor-widget-text-editor\" data-id=\"6c7ee36\" data-element_type=\"widget\" data-e-type=\"widget\" data-widget_type=\"text-editor.default\">\n\t\t\t\t<div class=\"elementor-widget-container\">\n\t\t\t\t\t\t\t\t\t<p>Derinle\u015fmi\u015f y\u00fcz \u00e7izgileri, ya\u015fa ba\u011fl\u0131 olarak elmac\u0131k kemiklerinin \u00e7\u00f6kmesi, yara izlerinin giderilmesi i\u00e7in yanak ve y\u00fcz dolgusu s\u0131kl\u0131kla..<\/p>\t\t\t\t\t\t\t\t<\/div>\n\t\t\t\t<\/div>\n\t\t\t\t<div class=\"elementor-element elementor-element-22f48e5 elementor-align-center elementor-widget elementor-widget-ibutton\" data-id=\"22f48e5\" data-element_type=\"widget\" data-e-type=\"widget\" data-widget_type=\"ibutton.default\">\n\t\t\t\t<div class=\"elementor-widget-container\">\n\t\t\t\t\t\t\t<div class=\"ot-button\">\r\n\t\t\t<a href=\"http:\/\/suleymankumbasar.com\/yanak-ve-yuz-dolgusu\/\" class=\"octf-btn octf-btn-main\">Devam\u0131n\u0131 Oku<\/a>\r\n\t    <\/div>\r\n\t    \t\t\t\t<\/div>\n\t\t\t\t<\/div>\n\t\t\t\t\t<\/div>\n\t\t<\/div>\n\t\t\t\t\t<\/div>\n\t\t<\/section>\n\t\t\t\t<section class=\"elementor-section elementor-top-section elementor-element elementor-element-e1e6579 elementor-section-boxed elementor-section-height-default elementor-section-height-default\" data-id=\"e1e6579\" data-element_type=\"section\" data-e-type=\"section\">\n\t\t\t\t\t\t<div class=\"elementor-container elementor-column-gap-default\">\n\t\t\t\t\t<div class=\"elementor-column elementor-col-25 elementor-top-column elementor-element elementor-element-2273e8f ot-flex-column-vertical elementor-invisible\" data-id=\"2273e8f\" data-element_type=\"column\" data-e-type=\"column\" data-settings=\"{&quot;animation&quot;:&quot;fadeIn&quot;}\">\n\t\t\t<div class=\"elementor-widget-wrap elementor-element-populated\">\n\t\t\t\t\t\t<div class=\"elementor-element elementor-element-214d0bc elementor-widget elementor-widget-image\" data-id=\"214d0bc\" data-element_type=\"widget\" data-e-type=\"widget\" data-widget_type=\"image.default\">\n\t\t\t\t<div class=\"elementor-widget-container\">\n\t\t\t\t\t\t\t\t\t\t\t\t\t\t\t<img loading=\"lazy\" decoding=\"async\" width=\"200\" height=\"200\" src=\"https:\/\/suleymankumbasar.com\/wp-content\/uploads\/2022\/01\/Goz-isik.png\" class=\"attachment-large size-large wp-image-2482\" alt=\"\" srcset=\"https:\/\/suleymankumbasar.com\/wp-content\/uploads\/2022\/01\/Goz-isik.png 200w, https:\/\/suleymankumbasar.com\/wp-content\/uploads\/2022\/01\/Goz-isik-150x150.png 150w\" sizes=\"(max-width: 200px) 100vw, 200px\" \/>\t\t\t\t\t\t\t\t\t\t\t\t\t\t\t<\/div>\n\t\t\t\t<\/div>\n\t\t\t\t<div class=\"elementor-element elementor-element-b68c036 elementor-widget elementor-widget-heading\" data-id=\"b68c036\" data-element_type=\"widget\" data-e-type=\"widget\" data-widget_type=\"heading.default\">\n\t\t\t\t<div class=\"elementor-widget-container\">\n\t\t\t\t\t<h2 class=\"elementor-heading-title elementor-size-default\">G\u00f6z Alt\u0131 I\u015f\u0131k Dolgusu\n<\/h2>\t\t\t\t<\/div>\n\t\t\t\t<\/div>\n\t\t\t\t<div class=\"elementor-element elementor-element-3b9f2f5 elementor-widget elementor-widget-text-editor\" data-id=\"3b9f2f5\" data-element_type=\"widget\" data-e-type=\"widget\" data-widget_type=\"text-editor.default\">\n\t\t\t\t<div class=\"elementor-widget-container\">\n\t\t\t\t\t\t\t\t\t<p>G\u00f6z alt\u0131 \u0131\u015f\u0131k dolgusu, ya\u015flanma kar\u015f\u0131t\u0131 uygulamalar aras\u0131nda her ge\u00e7en g\u00fcn pop\u00fclerli\u011fi artan uygulamalardan biridir. Dolgu ile g\u00f6z alt\u0131ndaki \u00e7\u00f6k\u00fckleri, morluklar\u0131,\u00a0<\/p>\t\t\t\t\t\t\t\t<\/div>\n\t\t\t\t<\/div>\n\t\t\t\t<div class=\"elementor-element elementor-element-4dea6f8 elementor-align-center elementor-widget elementor-widget-ibutton\" data-id=\"4dea6f8\" data-element_type=\"widget\" data-e-type=\"widget\" data-widget_type=\"ibutton.default\">\n\t\t\t\t<div class=\"elementor-widget-container\">\n\t\t\t\t\t\t\t<div class=\"ot-button\">\r\n\t\t\t<a href=\"http:\/\/suleymankumbasar.com\/goz-alti-isik-dolgusu\/\" class=\"octf-btn octf-btn-main\">Devam\u0131n\u0131 Oku<\/a>\r\n\t    <\/div>\r\n\t    \t\t\t\t<\/div>\n\t\t\t\t<\/div>\n\t\t\t\t\t<\/div>\n\t\t<\/div>\n\t\t\t\t<div class=\"elementor-column elementor-col-25 elementor-top-column elementor-element elementor-element-e011632 ot-flex-column-vertical elementor-invisible\" data-id=\"e011632\" data-element_type=\"column\" data-e-type=\"column\" data-settings=\"{&quot;animation&quot;:&quot;fadeIn&quot;}\">\n\t\t\t<div class=\"elementor-widget-wrap\">\n\t\t\t\t\t\t\t<\/div>\n\t\t<\/div>\n\t\t\t\t<div class=\"elementor-column elementor-col-25 elementor-top-column elementor-element elementor-element-850f7ee ot-flex-column-vertical elementor-invisible\" data-id=\"850f7ee\" data-element_type=\"column\" data-e-type=\"column\" data-settings=\"{&quot;animation&quot;:&quot;fadeIn&quot;}\">\n\t\t\t<div class=\"elementor-widget-wrap\">\n\t\t\t\t\t\t\t<\/div>\n\t\t<\/div>\n\t\t\t\t<div class=\"elementor-column elementor-col-25 elementor-top-column elementor-element elementor-element-4fb7ba6 ot-flex-column-vertical elementor-invisible\" data-id=\"4fb7ba6\" data-element_type=\"column\" data-e-type=\"column\" data-settings=\"{&quot;animation&quot;:&quot;fadeIn&quot;}\">\n\t\t\t<div class=\"elementor-widget-wrap\">\n\t\t\t\t\t\t\t<\/div>\n\t\t<\/div>\n\t\t\t\t\t<\/div>\n\t\t<\/section>\n\t\t\t\t<\/div>\n\t\t","protected":false},"excerpt":{"rendered":"<p>Medikal Estetik Genetik fakt\u00f6rlere ba\u011fl\u0131 olarak y\u00fcz \u015fekli, d\u0131\u015far\u0131dan al\u0131nan darbelere ba\u011fl\u0131 olarak y\u00fczde olu\u015fan ge\u00e7ici veya kal\u0131c\u0131 \u015fekil de\u011fi\u015fimleri, ya\u015flanmaya kar\u015f\u0131 olan k\u0131r\u0131\u015f\u0131kl\u0131klar veya y\u00fcz hatlar\u0131ndaki de\u011fi\u015fim ki\u015fileri mutsuz edebilmektedir. Medikal estetikle, cerrahi m\u00fcdahalelere gerek kalmadan t\u00fcm bu istenmeyen durumlar\u0131n \u00f6n\u00fcne ge\u00e7ilebilmektedir. Sadece birka\u00e7 dakika i\u00e7erisinde ger\u00e7ekle\u015ftirilen k\u00fc\u00e7\u00fck dokunu\u015flarla yeti\u015fkin kad\u0131n ve erkeklerin estetik [&hellip;]<\/p>\n","protected":false},"author":1,"featured_media":0,"parent":0,"menu_order":0,"comment_status":"closed","ping_status":"closed","template":"","meta":{"footnotes":""},"class_list":["post-1743","page","type-page","status-publish","hentry"],"_links":{"self":[{"href":"https:\/\/suleymankumbasar.com\/index.php?rest_route=\/wp\/v2\/pages\/1743","targetHints":{"allow":["GET"]}}],"collection":[{"href":"https:\/\/suleymankumbasar.com\/index.php?rest_route=\/wp\/v2\/pages"}],"about":[{"href":"https:\/\/suleymankumbasar.com\/index.php?rest_route=\/wp\/v2\/types\/page"}],"author":[{"embeddable":true,"href":"https:\/\/suleymankumbasar.com\/index.php?rest_route=\/wp\/v2\/users\/1"}],"replies":[{"embeddable":true,"href":"https:\/\/suleymankumbasar.com\/index.php?rest_route=%2Fwp%2Fv2%2Fcomments&post=1743"}],"version-history":[{"count":54,"href":"https:\/\/suleymankumbasar.com\/index.php?rest_route=\/wp\/v2\/pages\/1743\/revisions"}],"predecessor-version":[{"id":2605,"href":"https:\/\/suleymankumbasar.com\/index.php?rest_route=\/wp\/v2\/pages\/1743\/revisions\/2605"}],"wp:attachment":[{"href":"https:\/\/suleymankumbasar.com\/index.php?rest_route=%2Fwp%2Fv2%2Fmedia&parent=1743"}],"curies":[{"name":"wp","href":"https:\/\/api.w.org\/{rel}","templated":true}]}}