{"id":1741,"date":"2021-11-27T16:01:03","date_gmt":"2021-11-27T13:01:03","guid":{"rendered":"http:\/\/suleymankumbasar.com\/?page_id=1741"},"modified":"2022-01-13T21:03:57","modified_gmt":"2022-01-13T18:03:57","slug":"estetik-cerrahi","status":"publish","type":"page","link":"https:\/\/suleymankumbasar.com\/?page_id=1741","title":{"rendered":"ESTET\u0130K CERRAH\u0130"},"content":{"rendered":"\t\t<div data-elementor-type=\"wp-page\" data-elementor-id=\"1741\" class=\"elementor elementor-1741\">\n\t\t\t\t\t\t<section class=\"elementor-section elementor-top-section elementor-element elementor-element-61d24616 elementor-section-boxed elementor-section-height-default elementor-section-height-default\" data-id=\"61d24616\" data-element_type=\"section\" data-e-type=\"section\">\n\t\t\t\t\t\t<div class=\"elementor-container elementor-column-gap-default\">\n\t\t\t\t\t<div class=\"elementor-column elementor-col-100 elementor-top-column elementor-element elementor-element-2d672a63 ot-flex-column-vertical\" data-id=\"2d672a63\" data-element_type=\"column\" data-e-type=\"column\">\n\t\t\t<div class=\"elementor-widget-wrap elementor-element-populated\">\n\t\t\t\t\t\t<div class=\"elementor-element elementor-element-11b8dd5b elementor-widget elementor-widget-heading\" data-id=\"11b8dd5b\" data-element_type=\"widget\" data-e-type=\"widget\" data-widget_type=\"heading.default\">\n\t\t\t\t<div class=\"elementor-widget-container\">\n\t\t\t\t\t<h2 class=\"elementor-heading-title elementor-size-default\">Estetik Cerrahi<\/h2>\t\t\t\t<\/div>\n\t\t\t\t<\/div>\n\t\t\t\t<div class=\"elementor-element elementor-element-3b5ab88f elementor-widget elementor-widget-text-editor\" data-id=\"3b5ab88f\" data-element_type=\"widget\" data-e-type=\"widget\" data-widget_type=\"text-editor.default\">\n\t\t\t\t<div class=\"elementor-widget-container\">\n\t\t\t\t\t\t\t\t\t<p>Estetik cerrahi, v\u00fccudun bir\u00e7ok b\u00f6lgesine uygulanabilen, \u00e7o\u011funlukla estetik g\u00f6r\u00fcnt\u00fcy\u00fc g\u00fczelle\u015ftirip estetik bir hale getirmek, baz\u0131 durumlardaysa sa\u011fl\u0131k durumunu iyile\u015ftirmek amac\u0131yla uygulanmaktad\u0131r. Bu estetik m\u00fcdahaleler aras\u0131nda en yayg\u0131n ve pop\u00fcler olan\u0131 buruna ve kulaklara y\u00f6nelik olan estetik operasyonlard\u0131r. Burunun do\u011fu\u015ftan gelen \u015fekli veya d\u0131\u015far\u0131dan ald\u0131\u011f\u0131 bir darbeye ba\u011fl\u0131 olarak \u015fekil bozuklu\u011funa u\u011framas\u0131, ki\u015filerde bu g\u00f6r\u00fcnt\u00fcye kar\u015f\u0131 bir memnuniyetsizlik olu\u015fturabilmektedir. \u00d6zellikle genetik burun yap\u0131s\u0131ndan memnun olunmamas\u0131 ergenlik d\u00f6neminden itibaren ba\u015flad\u0131\u011f\u0131ndan, burun estetikleri en erken ya\u015fta ba\u015fvurulan estetik cerrahi uygulamalar\u0131ndan da biridir. Kulaklar\u0131n ise yine \u015fekil bozukluklar\u0131na sahip ve kep\u00e7e olmas\u0131 da ki\u015filerde memnuniyetsizlik yaratabilmektedir. Ameliyat sayesinde, burnun kemikli yap\u0131s\u0131, iki burun deli\u011fi aras\u0131ndaki boy e\u015fitsizli\u011fi, burnun y\u00fcze g\u00f6re b\u00fcy\u00fck olmas\u0131, kulaklarda ise kep\u00e7e olmas\u0131 ve \u015fekil bozukluklar\u0131 gibi \u015fikayetler giderilebilir.<\/p>\t\t\t\t\t\t\t\t<\/div>\n\t\t\t\t<\/div>\n\t\t\t\t\t<\/div>\n\t\t<\/div>\n\t\t\t\t\t<\/div>\n\t\t<\/section>\n\t\t\t\t<section class=\"elementor-section elementor-top-section elementor-element elementor-element-9ad98ce elementor-section-boxed elementor-section-height-default elementor-section-height-default\" data-id=\"9ad98ce\" data-element_type=\"section\" data-e-type=\"section\">\n\t\t\t\t\t\t<div class=\"elementor-container elementor-column-gap-default\">\n\t\t\t\t\t<div class=\"elementor-column elementor-col-25 elementor-top-column elementor-element elementor-element-eb312d3 ot-flex-column-vertical elementor-invisible\" data-id=\"eb312d3\" data-element_type=\"column\" data-e-type=\"column\" data-settings=\"{&quot;animation&quot;:&quot;fadeIn&quot;}\">\n\t\t\t<div class=\"elementor-widget-wrap elementor-element-populated\">\n\t\t\t\t\t\t<div class=\"elementor-element elementor-element-def7355 elementor-widget elementor-widget-image\" data-id=\"def7355\" data-element_type=\"widget\" data-e-type=\"widget\" data-widget_type=\"image.default\">\n\t\t\t\t<div class=\"elementor-widget-container\">\n\t\t\t\t\t\t\t\t\t\t\t\t\t\t\t<img decoding=\"async\" width=\"200\" height=\"200\" src=\"https:\/\/suleymankumbasar.com\/wp-content\/uploads\/2022\/01\/primer-burun-estetigi.png\" class=\"attachment-large size-large wp-image-2313\" alt=\"\" srcset=\"https:\/\/suleymankumbasar.com\/wp-content\/uploads\/2022\/01\/primer-burun-estetigi.png 200w, https:\/\/suleymankumbasar.com\/wp-content\/uploads\/2022\/01\/primer-burun-estetigi-150x150.png 150w\" sizes=\"(max-width: 200px) 100vw, 200px\" \/>\t\t\t\t\t\t\t\t\t\t\t\t\t\t\t<\/div>\n\t\t\t\t<\/div>\n\t\t\t\t<div class=\"elementor-element elementor-element-265ec5b elementor-widget elementor-widget-heading\" data-id=\"265ec5b\" data-element_type=\"widget\" data-e-type=\"widget\" data-widget_type=\"heading.default\">\n\t\t\t\t<div class=\"elementor-widget-container\">\n\t\t\t\t\t<h2 class=\"elementor-heading-title elementor-size-default\">Primer Burun Esteti\u011fi\n<\/h2>\t\t\t\t<\/div>\n\t\t\t\t<\/div>\n\t\t\t\t<div class=\"elementor-element elementor-element-42fbd29 elementor-widget elementor-widget-text-editor\" data-id=\"42fbd29\" data-element_type=\"widget\" data-e-type=\"widget\" data-widget_type=\"text-editor.default\">\n\t\t\t\t<div class=\"elementor-widget-container\">\n\t\t\t\t\t\t\t\t\t<p>Her ki\u015finin y\u00fcz hatlar\u0131na uygun olan burun boyutu ve \u015fekli farkl\u0131d\u0131r. Bir ki\u015finin etnik k\u00f6keni, genetik fakt\u00f6rleri veya y\u00fcz\u00fcne kar\u015f\u0131 ald\u0131\u011f\u0131..<\/p>\t\t\t\t\t\t\t\t<\/div>\n\t\t\t\t<\/div>\n\t\t\t\t<div class=\"elementor-element elementor-element-433a858 elementor-align-center elementor-widget elementor-widget-ibutton\" data-id=\"433a858\" data-element_type=\"widget\" data-e-type=\"widget\" data-widget_type=\"ibutton.default\">\n\t\t\t\t<div class=\"elementor-widget-container\">\n\t\t\t\t\t\t\t<div class=\"ot-button\">\r\n\t\t\t<a href=\"http:\/\/suleymankumbasar.com\/primer-burun-estetigi\/\" class=\"octf-btn octf-btn-main\">Devam\u0131n\u0131 Oku<\/a>\r\n\t    <\/div>\r\n\t    \t\t\t\t<\/div>\n\t\t\t\t<\/div>\n\t\t\t\t\t<\/div>\n\t\t<\/div>\n\t\t\t\t<div class=\"elementor-column elementor-col-25 elementor-top-column elementor-element elementor-element-1c4c957 ot-flex-column-vertical elementor-invisible\" data-id=\"1c4c957\" data-element_type=\"column\" data-e-type=\"column\" data-settings=\"{&quot;animation&quot;:&quot;fadeIn&quot;}\">\n\t\t\t<div class=\"elementor-widget-wrap elementor-element-populated\">\n\t\t\t\t\t\t<div class=\"elementor-element elementor-element-c277be4 elementor-widget elementor-widget-image\" data-id=\"c277be4\" data-element_type=\"widget\" data-e-type=\"widget\" data-widget_type=\"image.default\">\n\t\t\t\t<div class=\"elementor-widget-container\">\n\t\t\t\t\t\t\t\t\t\t\t\t\t\t\t<img decoding=\"async\" width=\"200\" height=\"200\" src=\"https:\/\/suleymankumbasar.com\/wp-content\/uploads\/2022\/01\/revizyon-burun-estetigi.png\" class=\"attachment-large size-large wp-image-2320\" alt=\"\" srcset=\"https:\/\/suleymankumbasar.com\/wp-content\/uploads\/2022\/01\/revizyon-burun-estetigi.png 200w, https:\/\/suleymankumbasar.com\/wp-content\/uploads\/2022\/01\/revizyon-burun-estetigi-150x150.png 150w\" sizes=\"(max-width: 200px) 100vw, 200px\" \/>\t\t\t\t\t\t\t\t\t\t\t\t\t\t\t<\/div>\n\t\t\t\t<\/div>\n\t\t\t\t<div class=\"elementor-element elementor-element-01f353b elementor-widget elementor-widget-heading\" data-id=\"01f353b\" data-element_type=\"widget\" data-e-type=\"widget\" data-widget_type=\"heading.default\">\n\t\t\t\t<div class=\"elementor-widget-container\">\n\t\t\t\t\t<h2 class=\"elementor-heading-title elementor-size-default\">Revizyon Burun Esteti\u011fi\n<\/h2>\t\t\t\t<\/div>\n\t\t\t\t<\/div>\n\t\t\t\t<div class=\"elementor-element elementor-element-212db1c elementor-widget elementor-widget-text-editor\" data-id=\"212db1c\" data-element_type=\"widget\" data-e-type=\"widget\" data-widget_type=\"text-editor.default\">\n\t\t\t\t<div class=\"elementor-widget-container\">\n\t\t\t\t\t\t\t\t\t<p>Daha \u00f6nce estetik ameliyat\u0131 ge\u00e7irmi\u015f ki\u015filere uygulanan bu cerrahi m\u00fcdahale, estetik i\u015flem sonucunu d\u00fczeltmek veya ..<\/p>\t\t\t\t\t\t\t\t<\/div>\n\t\t\t\t<\/div>\n\t\t\t\t<div class=\"elementor-element elementor-element-a74ae90 elementor-align-center elementor-widget elementor-widget-ibutton\" data-id=\"a74ae90\" data-element_type=\"widget\" data-e-type=\"widget\" data-widget_type=\"ibutton.default\">\n\t\t\t\t<div class=\"elementor-widget-container\">\n\t\t\t\t\t\t\t<div class=\"ot-button\">\r\n\t\t\t<a href=\"http:\/\/suleymankumbasar.com\/revizyon-burun-estetigi\/\" class=\"octf-btn octf-btn-main\">Devam\u0131n\u0131 Oku<\/a>\r\n\t    <\/div>\r\n\t    \t\t\t\t<\/div>\n\t\t\t\t<\/div>\n\t\t\t\t\t<\/div>\n\t\t<\/div>\n\t\t\t\t<div class=\"elementor-column elementor-col-25 elementor-top-column elementor-element elementor-element-f8e2bda ot-flex-column-vertical elementor-invisible\" data-id=\"f8e2bda\" data-element_type=\"column\" data-e-type=\"column\" data-settings=\"{&quot;animation&quot;:&quot;fadeIn&quot;}\">\n\t\t\t<div class=\"elementor-widget-wrap elementor-element-populated\">\n\t\t\t\t\t\t<div class=\"elementor-element elementor-element-a61b6da elementor-widget elementor-widget-image\" data-id=\"a61b6da\" data-element_type=\"widget\" data-e-type=\"widget\" data-widget_type=\"image.default\">\n\t\t\t\t<div class=\"elementor-widget-container\">\n\t\t\t\t\t\t\t\t\t\t\t\t\t\t\t<img decoding=\"async\" width=\"200\" height=\"200\" src=\"https:\/\/suleymankumbasar.com\/wp-content\/uploads\/2022\/01\/etnik-burun-estetigi.png\" class=\"attachment-large size-large wp-image-2324\" alt=\"\" srcset=\"https:\/\/suleymankumbasar.com\/wp-content\/uploads\/2022\/01\/etnik-burun-estetigi.png 200w, https:\/\/suleymankumbasar.com\/wp-content\/uploads\/2022\/01\/etnik-burun-estetigi-150x150.png 150w\" sizes=\"(max-width: 200px) 100vw, 200px\" \/>\t\t\t\t\t\t\t\t\t\t\t\t\t\t\t<\/div>\n\t\t\t\t<\/div>\n\t\t\t\t<div class=\"elementor-element elementor-element-67812c7 elementor-widget elementor-widget-heading\" data-id=\"67812c7\" data-element_type=\"widget\" data-e-type=\"widget\" data-widget_type=\"heading.default\">\n\t\t\t\t<div class=\"elementor-widget-container\">\n\t\t\t\t\t<h2 class=\"elementor-heading-title elementor-size-default\">Etnik Burun Esteti\u011fi\n<\/h2>\t\t\t\t<\/div>\n\t\t\t\t<\/div>\n\t\t\t\t<div class=\"elementor-element elementor-element-4705e90 elementor-widget elementor-widget-text-editor\" data-id=\"4705e90\" data-element_type=\"widget\" data-e-type=\"widget\" data-widget_type=\"text-editor.default\">\n\t\t\t\t<div class=\"elementor-widget-container\">\n\t\t\t\t\t\t\t\t\t<p>Genellikle Afrika, Uzak Do\u011fu, Pasifik ve Karayipler b\u00f6lgesinin insanlar\u0131nda g\u00f6r\u00fclen, yumu\u015fak burun hatlar\u0131na sahip ..<\/p>\t\t\t\t\t\t\t\t<\/div>\n\t\t\t\t<\/div>\n\t\t\t\t<div class=\"elementor-element elementor-element-3d4cb83 elementor-align-center elementor-widget elementor-widget-ibutton\" data-id=\"3d4cb83\" data-element_type=\"widget\" data-e-type=\"widget\" data-widget_type=\"ibutton.default\">\n\t\t\t\t<div class=\"elementor-widget-container\">\n\t\t\t\t\t\t\t<div class=\"ot-button\">\r\n\t\t\t<a href=\"http:\/\/suleymankumbasar.com\/etnik-burun-estetigi\/\" class=\"octf-btn octf-btn-main\">Devam\u0131n\u0131 Oku<\/a>\r\n\t    <\/div>\r\n\t    \t\t\t\t<\/div>\n\t\t\t\t<\/div>\n\t\t\t\t\t<\/div>\n\t\t<\/div>\n\t\t\t\t<div class=\"elementor-column elementor-col-25 elementor-top-column elementor-element elementor-element-c93a17c ot-flex-column-vertical elementor-invisible\" data-id=\"c93a17c\" data-element_type=\"column\" data-e-type=\"column\" data-settings=\"{&quot;animation&quot;:&quot;fadeIn&quot;}\">\n\t\t\t<div class=\"elementor-widget-wrap elementor-element-populated\">\n\t\t\t\t\t\t<div class=\"elementor-element elementor-element-d8466bb elementor-widget elementor-widget-image\" data-id=\"d8466bb\" data-element_type=\"widget\" data-e-type=\"widget\" data-widget_type=\"image.default\">\n\t\t\t\t<div class=\"elementor-widget-container\">\n\t\t\t\t\t\t\t\t\t\t\t\t\t\t\t<img loading=\"lazy\" decoding=\"async\" width=\"200\" height=\"200\" src=\"https:\/\/suleymankumbasar.com\/wp-content\/uploads\/2022\/01\/burun-ucu-estetigi.png\" class=\"attachment-large size-large wp-image-2325\" alt=\"\" srcset=\"https:\/\/suleymankumbasar.com\/wp-content\/uploads\/2022\/01\/burun-ucu-estetigi.png 200w, https:\/\/suleymankumbasar.com\/wp-content\/uploads\/2022\/01\/burun-ucu-estetigi-150x150.png 150w\" sizes=\"(max-width: 200px) 100vw, 200px\" \/>\t\t\t\t\t\t\t\t\t\t\t\t\t\t\t<\/div>\n\t\t\t\t<\/div>\n\t\t\t\t<div class=\"elementor-element elementor-element-7de8395 elementor-widget elementor-widget-heading\" data-id=\"7de8395\" data-element_type=\"widget\" data-e-type=\"widget\" data-widget_type=\"heading.default\">\n\t\t\t\t<div class=\"elementor-widget-container\">\n\t\t\t\t\t<h2 class=\"elementor-heading-title elementor-size-default\">Burun Ucu Esteti\u011fi\n<\/h2>\t\t\t\t<\/div>\n\t\t\t\t<\/div>\n\t\t\t\t<div class=\"elementor-element elementor-element-06e55c0 elementor-widget elementor-widget-text-editor\" data-id=\"06e55c0\" data-element_type=\"widget\" data-e-type=\"widget\" data-widget_type=\"text-editor.default\">\n\t\t\t\t<div class=\"elementor-widget-container\">\n\t\t\t\t\t\t\t\t\t<p>Burun ucu, bir burnun estetik g\u00f6r\u00fcn\u00fcm\u00fcn\u00fc bire bir etkileyen k\u0131s\u0131mlardan biridir. Burun ucu esteti\u011fi ile burun deli\u011fi..<\/p>\t\t\t\t\t\t\t\t<\/div>\n\t\t\t\t<\/div>\n\t\t\t\t<div class=\"elementor-element elementor-element-5d363a4 elementor-align-center elementor-widget elementor-widget-ibutton\" data-id=\"5d363a4\" data-element_type=\"widget\" data-e-type=\"widget\" data-widget_type=\"ibutton.default\">\n\t\t\t\t<div class=\"elementor-widget-container\">\n\t\t\t\t\t\t\t<div class=\"ot-button\">\r\n\t\t\t<a href=\"http:\/\/suleymankumbasar.com\/burun-ucu-estetigi\/\" class=\"octf-btn octf-btn-main\">Devam\u0131n\u0131 Oku<\/a>\r\n\t    <\/div>\r\n\t    \t\t\t\t<\/div>\n\t\t\t\t<\/div>\n\t\t\t\t\t<\/div>\n\t\t<\/div>\n\t\t\t\t\t<\/div>\n\t\t<\/section>\n\t\t\t\t<section class=\"elementor-section elementor-top-section elementor-element elementor-element-1f1d6da elementor-section-boxed elementor-section-height-default elementor-section-height-default\" data-id=\"1f1d6da\" data-element_type=\"section\" data-e-type=\"section\">\n\t\t\t\t\t\t<div class=\"elementor-container elementor-column-gap-default\">\n\t\t\t\t\t<div class=\"elementor-column elementor-col-25 elementor-top-column elementor-element elementor-element-45d94b6 ot-flex-column-vertical elementor-invisible\" data-id=\"45d94b6\" data-element_type=\"column\" data-e-type=\"column\" data-settings=\"{&quot;animation&quot;:&quot;fadeIn&quot;}\">\n\t\t\t<div class=\"elementor-widget-wrap elementor-element-populated\">\n\t\t\t\t\t\t<div class=\"elementor-element elementor-element-9da3cb8 elementor-widget elementor-widget-image\" data-id=\"9da3cb8\" data-element_type=\"widget\" data-e-type=\"widget\" data-widget_type=\"image.default\">\n\t\t\t\t<div class=\"elementor-widget-container\">\n\t\t\t\t\t\t\t\t\t\t\t\t\t\t\t<img loading=\"lazy\" decoding=\"async\" width=\"200\" height=\"200\" src=\"https:\/\/suleymankumbasar.com\/wp-content\/uploads\/2022\/01\/kulak-estetigi.png\" class=\"attachment-large size-large wp-image-2337\" alt=\"\" srcset=\"https:\/\/suleymankumbasar.com\/wp-content\/uploads\/2022\/01\/kulak-estetigi.png 200w, https:\/\/suleymankumbasar.com\/wp-content\/uploads\/2022\/01\/kulak-estetigi-150x150.png 150w\" sizes=\"(max-width: 200px) 100vw, 200px\" \/>\t\t\t\t\t\t\t\t\t\t\t\t\t\t\t<\/div>\n\t\t\t\t<\/div>\n\t\t\t\t<div class=\"elementor-element elementor-element-1d98978 elementor-widget elementor-widget-heading\" data-id=\"1d98978\" data-element_type=\"widget\" data-e-type=\"widget\" data-widget_type=\"heading.default\">\n\t\t\t\t<div class=\"elementor-widget-container\">\n\t\t\t\t\t<h2 class=\"elementor-heading-title elementor-size-default\">Kulak Esteti\u011fi\n<\/h2>\t\t\t\t<\/div>\n\t\t\t\t<\/div>\n\t\t\t\t<div class=\"elementor-element elementor-element-ad9ef25 elementor-widget elementor-widget-text-editor\" data-id=\"ad9ef25\" data-element_type=\"widget\" data-e-type=\"widget\" data-widget_type=\"text-editor.default\">\n\t\t\t\t<div class=\"elementor-widget-container\">\n\t\t\t\t\t\t\t\t\t<p>Kulak, do\u011fu\u015ftan, geli\u015fim s\u0131ras\u0131nda veya d\u0131\u015far\u0131dan ald\u0131\u011f\u0131 darbelere ba\u011fl\u0131 olarak \u015fekil bozukluklar\u0131na veya kulak kep\u00e7esinin anormal ..<\/p>\t\t\t\t\t\t\t\t<\/div>\n\t\t\t\t<\/div>\n\t\t\t\t<div class=\"elementor-element elementor-element-ea8a48b elementor-align-center elementor-widget elementor-widget-ibutton\" data-id=\"ea8a48b\" data-element_type=\"widget\" data-e-type=\"widget\" data-widget_type=\"ibutton.default\">\n\t\t\t\t<div class=\"elementor-widget-container\">\n\t\t\t\t\t\t\t<div class=\"ot-button\">\r\n\t\t\t<a href=\"http:\/\/suleymankumbasar.com\/kulak-estetigi\/\" class=\"octf-btn octf-btn-main\">Devam\u0131n\u0131 Oku<\/a>\r\n\t    <\/div>\r\n\t    \t\t\t\t<\/div>\n\t\t\t\t<\/div>\n\t\t\t\t\t<\/div>\n\t\t<\/div>\n\t\t\t\t<div class=\"elementor-column elementor-col-25 elementor-top-column elementor-element elementor-element-3019dce ot-flex-column-vertical elementor-invisible\" data-id=\"3019dce\" data-element_type=\"column\" data-e-type=\"column\" data-settings=\"{&quot;animation&quot;:&quot;fadeIn&quot;}\">\n\t\t\t<div class=\"elementor-widget-wrap\">\n\t\t\t\t\t\t\t<\/div>\n\t\t<\/div>\n\t\t\t\t<div class=\"elementor-column elementor-col-25 elementor-top-column elementor-element elementor-element-a838ea7 ot-flex-column-vertical elementor-invisible\" data-id=\"a838ea7\" data-element_type=\"column\" data-e-type=\"column\" data-settings=\"{&quot;animation&quot;:&quot;fadeIn&quot;}\">\n\t\t\t<div class=\"elementor-widget-wrap\">\n\t\t\t\t\t\t\t<\/div>\n\t\t<\/div>\n\t\t\t\t<div class=\"elementor-column elementor-col-25 elementor-top-column elementor-element elementor-element-3bfc282 ot-flex-column-vertical elementor-invisible\" data-id=\"3bfc282\" data-element_type=\"column\" data-e-type=\"column\" data-settings=\"{&quot;animation&quot;:&quot;fadeIn&quot;}\">\n\t\t\t<div class=\"elementor-widget-wrap\">\n\t\t\t\t\t\t\t<\/div>\n\t\t<\/div>\n\t\t\t\t\t<\/div>\n\t\t<\/section>\n\t\t\t\t<\/div>\n\t\t","protected":false},"excerpt":{"rendered":"<p>Estetik Cerrahi Estetik cerrahi, v\u00fccudun bir\u00e7ok b\u00f6lgesine uygulanabilen, \u00e7o\u011funlukla estetik g\u00f6r\u00fcnt\u00fcy\u00fc g\u00fczelle\u015ftirip estetik bir hale getirmek, baz\u0131 durumlardaysa sa\u011fl\u0131k durumunu iyile\u015ftirmek amac\u0131yla uygulanmaktad\u0131r. Bu estetik m\u00fcdahaleler aras\u0131nda en yayg\u0131n ve pop\u00fcler olan\u0131 buruna ve kulaklara y\u00f6nelik olan estetik operasyonlard\u0131r. Burunun do\u011fu\u015ftan gelen \u015fekli veya d\u0131\u015far\u0131dan ald\u0131\u011f\u0131 bir darbeye ba\u011fl\u0131 olarak \u015fekil bozuklu\u011funa u\u011framas\u0131, ki\u015filerde bu [&hellip;]<\/p>\n","protected":false},"author":1,"featured_media":0,"parent":0,"menu_order":0,"comment_status":"closed","ping_status":"closed","template":"","meta":{"footnotes":""},"class_list":["post-1741","page","type-page","status-publish","hentry"],"_links":{"self":[{"href":"https:\/\/suleymankumbasar.com\/index.php?rest_route=\/wp\/v2\/pages\/1741","targetHints":{"allow":["GET"]}}],"collection":[{"href":"https:\/\/suleymankumbasar.com\/index.php?rest_route=\/wp\/v2\/pages"}],"about":[{"href":"https:\/\/suleymankumbasar.com\/index.php?rest_route=\/wp\/v2\/types\/page"}],"author":[{"embeddable":true,"href":"https:\/\/suleymankumbasar.com\/index.php?rest_route=\/wp\/v2\/users\/1"}],"replies":[{"embeddable":true,"href":"https:\/\/suleymankumbasar.com\/index.php?rest_route=%2Fwp%2Fv2%2Fcomments&post=1741"}],"version-history":[{"count":60,"href":"https:\/\/suleymankumbasar.com\/index.php?rest_route=\/wp\/v2\/pages\/1741\/revisions"}],"predecessor-version":[{"id":2597,"href":"https:\/\/suleymankumbasar.com\/index.php?rest_route=\/wp\/v2\/pages\/1741\/revisions\/2597"}],"wp:attachment":[{"href":"https:\/\/suleymankumbasar.com\/index.php?rest_route=%2Fwp%2Fv2%2Fmedia&parent=1741"}],"curies":[{"name":"wp","href":"https:\/\/api.w.org\/{rel}","templated":true}]}}