{"id":1739,"date":"2021-11-27T16:00:56","date_gmt":"2021-11-27T13:00:56","guid":{"rendered":"http:\/\/suleymankumbasar.com\/?page_id=1739"},"modified":"2022-01-13T21:03:36","modified_gmt":"2022-01-13T18:03:36","slug":"hakkimda","status":"publish","type":"page","link":"https:\/\/suleymankumbasar.com\/?page_id=1739","title":{"rendered":"HAKKIMDA"},"content":{"rendered":"\t\t<div data-elementor-type=\"wp-page\" data-elementor-id=\"1739\" class=\"elementor elementor-1739\">\n\t\t\t\t\t\t<section class=\"elementor-section elementor-top-section elementor-element elementor-element-732f43e4 elementor-section-boxed elementor-section-height-default elementor-section-height-default\" data-id=\"732f43e4\" data-element_type=\"section\" data-e-type=\"section\">\n\t\t\t\t\t\t<div class=\"elementor-container elementor-column-gap-default\">\n\t\t\t\t\t<div class=\"elementor-column elementor-col-100 elementor-top-column elementor-element elementor-element-3b5b3444 ot-flex-column-vertical\" data-id=\"3b5b3444\" data-element_type=\"column\" data-e-type=\"column\">\n\t\t\t<div class=\"elementor-widget-wrap elementor-element-populated\">\n\t\t\t\t\t\t<div class=\"elementor-element elementor-element-6c966cc5 elementor-widget elementor-widget-heading\" data-id=\"6c966cc5\" data-element_type=\"widget\" data-e-type=\"widget\" data-widget_type=\"heading.default\">\n\t\t\t\t<div class=\"elementor-widget-container\">\n\t\t\t\t\t<h2 class=\"elementor-heading-title elementor-size-default\">HAKKIMDA<\/h2>\t\t\t\t<\/div>\n\t\t\t\t<\/div>\n\t\t\t\t\t<\/div>\n\t\t<\/div>\n\t\t\t\t\t<\/div>\n\t\t<\/section>\n\t\t\t\t<section class=\"elementor-section elementor-top-section elementor-element elementor-element-3ab7df23 elementor-section-boxed elementor-section-height-default elementor-section-height-default\" data-id=\"3ab7df23\" data-element_type=\"section\" data-e-type=\"section\">\n\t\t\t\t\t\t<div class=\"elementor-container elementor-column-gap-default\">\n\t\t\t\t\t<div class=\"elementor-column elementor-col-100 elementor-top-column elementor-element elementor-element-3efc19a ot-flex-column-vertical\" data-id=\"3efc19a\" data-element_type=\"column\" data-e-type=\"column\">\n\t\t\t<div class=\"elementor-widget-wrap elementor-element-populated\">\n\t\t\t\t\t\t<div class=\"elementor-element elementor-element-685eb9 elementor-widget elementor-widget-text-editor\" data-id=\"685eb9\" data-element_type=\"widget\" data-e-type=\"widget\" data-widget_type=\"text-editor.default\">\n\t\t\t\t<div class=\"elementor-widget-container\">\n\t\t\t\t\t\t\t\t\t<p>1971 y\u0131l\u0131nda \u0130stanbul\u2019da do\u011fan S\u00fcleyman Kumbasar, orta\u00f6\u011frenimini Pertevniyal Lisesi\u2019nde<br \/>tamamlad\u0131ktan sonra, 1990 y\u0131l\u0131nda Eski\u015fehir Osmangazi \u00dcniversitesi T\u0131p Fak\u00fcltesi\u2019nde e\u011fitimine<br \/>ba\u015flad\u0131.<\/p>\t\t\t\t\t\t\t\t<\/div>\n\t\t\t\t<\/div>\n\t\t\t\t<div class=\"elementor-element elementor-element-2e8a2db elementor-widget elementor-widget-text-editor\" data-id=\"2e8a2db\" data-element_type=\"widget\" data-e-type=\"widget\" data-widget_type=\"text-editor.default\">\n\t\t\t\t<div class=\"elementor-widget-container\">\n\t\t\t\t\t\t\t\t\t<p>1998 y\u0131l\u0131nda T\u0131pta Uzmanl\u0131k S\u0131nav\u0131\u2019n\u0131 (TUS) kazanan Kumbasar, Haseki E\u011fitim ve Ara\u015ft\u0131rma Hastanesi<br \/>Kulak Burun Bo\u011faz (KBB) klini\u011finde kariyerine ad\u0131m att\u0131. 2002 y\u0131l\u0131nda uzmanl\u0131k s\u0131nav\u0131n\u0131 ge\u00e7en<br \/>S\u00fcleyman Kumbasar, \u201coperat\u00f6r\u201d unvan\u0131n\u0131 ald\u0131. Ayn\u0131 y\u0131l 6 ay s\u00fcreyle Ardahan Devlet Hastanesi\u2019nde<br \/>mecburi hizmetini yapan Kumbasar, 2002 y\u0131l\u0131nda Bah\u00e7elievler \u00d6m\u00fcr Hastanesi\u2019nde ki ilk \u00f6zel sekt\u00f6r<br \/>deneyimi sonras\u0131nda, 6 y\u0131l s\u00fcreyle Haznedar Hospitalium Hastanesi\u2019nde mesleki hayat\u0131na devam etti.<\/p>\t\t\t\t\t\t\t\t<\/div>\n\t\t\t\t<\/div>\n\t\t\t\t<div class=\"elementor-element elementor-element-953b9f2 elementor-widget elementor-widget-text-editor\" data-id=\"953b9f2\" data-element_type=\"widget\" data-e-type=\"widget\" data-widget_type=\"text-editor.default\">\n\t\t\t\t<div class=\"elementor-widget-container\">\n\t\t\t\t\t\t\t\t\t<p>2009 y\u0131l\u0131nda G\u00fcne\u015fli Avrupa Cerrahi T\u0131p Merkezi ve Medicus T\u0131p merkezlerinin kuruculu\u011funu \u00fcstlendi.<br \/>2012\u2019den 2019 y\u0131l\u0131na kadarMedicana Bah\u00e7elievler Hastanesi ile e\u015f zamanl\u0131 olarak \u0130stanbul Estetik<br \/>Merkezi\u2019nde Estetik uygulamalar yaparak \u00e7al\u0131\u015fmalar\u0131n\u0131 icra etmi\u015ftir. 2019 y\u0131l\u0131nda Bah\u00e7elievler\u2019deki<br \/>kendi muayenesi estetik \u00e7al\u0131\u015fmalar\u0131na ba\u015flam\u0131\u015ft\u0131r.<\/p>\t\t\t\t\t\t\t\t<\/div>\n\t\t\t\t<\/div>\n\t\t\t\t<div class=\"elementor-element elementor-element-95c58d0 elementor-widget elementor-widget-text-editor\" data-id=\"95c58d0\" data-element_type=\"widget\" data-e-type=\"widget\" data-widget_type=\"text-editor.default\">\n\t\t\t\t<div class=\"elementor-widget-container\">\n\t\t\t\t\t\t\t\t\t<p>Evli ve bir k\u0131z \u00e7ocu\u011fu babas\u0131 olan Kumbasar, \u0130ngilizce bilmektedir.<br \/>T\u00fcrk KBB ve Ba\u015f Boyun Cerrahisi Derne\u011fi ve T\u00fcrk Rinoloji Derne\u011fi\u2019ne \u00fcyelikleri bulunmaktad\u0131r.<\/p>\t\t\t\t\t\t\t\t<\/div>\n\t\t\t\t<\/div>\n\t\t\t\t\t<\/div>\n\t\t<\/div>\n\t\t\t\t\t<\/div>\n\t\t<\/section>\n\t\t\t\t<\/div>\n\t\t","protected":false},"excerpt":{"rendered":"<p>HAKKIMDA 1971 y\u0131l\u0131nda \u0130stanbul\u2019da do\u011fan S\u00fcleyman Kumbasar, orta\u00f6\u011frenimini Pertevniyal Lisesi\u2019nde tamamlad\u0131ktan sonra, 1990 y\u0131l\u0131nda Eski\u015fehir Osmangazi \u00dcniversitesi T\u0131p Fak\u00fcltesi\u2019nde e\u011fitimine ba\u015flad\u0131. 1998 y\u0131l\u0131nda T\u0131pta Uzmanl\u0131k S\u0131nav\u0131\u2019n\u0131 (TUS) kazanan Kumbasar, Haseki E\u011fitim ve Ara\u015ft\u0131rma Hastanesi Kulak Burun Bo\u011faz (KBB) klini\u011finde kariyerine ad\u0131m att\u0131. 2002 y\u0131l\u0131nda uzmanl\u0131k s\u0131nav\u0131n\u0131 ge\u00e7en S\u00fcleyman Kumbasar, \u201coperat\u00f6r\u201d unvan\u0131n\u0131 ald\u0131. Ayn\u0131 y\u0131l 6 [&hellip;]<\/p>\n","protected":false},"author":1,"featured_media":0,"parent":0,"menu_order":0,"comment_status":"closed","ping_status":"closed","template":"","meta":{"footnotes":""},"class_list":["post-1739","page","type-page","status-publish","hentry"],"_links":{"self":[{"href":"https:\/\/suleymankumbasar.com\/index.php?rest_route=\/wp\/v2\/pages\/1739","targetHints":{"allow":["GET"]}}],"collection":[{"href":"https:\/\/suleymankumbasar.com\/index.php?rest_route=\/wp\/v2\/pages"}],"about":[{"href":"https:\/\/suleymankumbasar.com\/index.php?rest_route=\/wp\/v2\/types\/page"}],"author":[{"embeddable":true,"href":"https:\/\/suleymankumbasar.com\/index.php?rest_route=\/wp\/v2\/users\/1"}],"replies":[{"embeddable":true,"href":"https:\/\/suleymankumbasar.com\/index.php?rest_route=%2Fwp%2Fv2%2Fcomments&post=1739"}],"version-history":[{"count":13,"href":"https:\/\/suleymankumbasar.com\/index.php?rest_route=\/wp\/v2\/pages\/1739\/revisions"}],"predecessor-version":[{"id":2596,"href":"https:\/\/suleymankumbasar.com\/index.php?rest_route=\/wp\/v2\/pages\/1739\/revisions\/2596"}],"wp:attachment":[{"href":"https:\/\/suleymankumbasar.com\/index.php?rest_route=%2Fwp%2Fv2%2Fmedia&parent=1739"}],"curies":[{"name":"wp","href":"https:\/\/api.w.org\/{rel}","templated":true}]}}